{"id":1395,"date":"2025-05-07T12:19:21","date_gmt":"2025-05-07T10:19:21","guid":{"rendered":"https:\/\/hcc-and-co.com\/?post_type=product&#038;p=1395"},"modified":"2025-05-07T12:19:21","modified_gmt":"2025-05-07T10:19:21","slug":"soin-anti-imperfections","status":"publish","type":"product","link":"http:\/\/hcc-and-co.com\/en\/product\/soin-anti-imperfections\/","title":{"rendered":"Soin Anti-Imperfections"},"content":{"rendered":"<p class=\"accordion-toggle\" data-block-id=\"0\"><strong>BIENFAITS<\/strong><\/p>\n<div class=\"rte accordion-content\">\n<p>Traitement localis\u00e9 des imperfections (boutons, points noirs). Convient \u00e9galement comme s\u00e9rum \u00e0 appliquer sur des zones plus \u00e9tendues.<\/p>\n<\/div>\n<p class=\"accordion-toggle\" data-block-id=\"1\"><strong>CONSEILS D\u2019UTILISATION<\/strong><\/p>\n<div class=\"rte accordion-content\">\n<p>\u200bAppliquer localement sur les imperfections, en particulier le soir apr\u00e8s le nettoyage. En cas d&rsquo;imperfections diffuses, utiliser le produit sur les parties concern\u00e9es comme un s\u00e9rum, avant l&rsquo;application du soin habituel. \u00c9viter l\u2019application sur le contour des yeux.<\/p>\n<p class=\"accordion-toggle\" data-block-id=\"2\"><strong>INGR\u00c9DIENTS<\/strong><\/p>\n<div class=\"rte accordion-content\">\n<p>AQUA, GLUCONOLACTONE, ALCOHOL DENAT., NIACINAMIDE, SODIUM HYDROXIDE, PENTYLENE GLYCOL, SODIUM CITRATE, ARCTIUM MAJUS ROOT EXTRACT, BIOTIN, CITRUS PARADISI SEED EXTRACT, SALICYLIC ACID, LACTOBACILLUS FERMENT, BUTYLENE GLYCOL, CITRIC ACID, DEXTRIN, DISODIUM PHOSPHATE, GLYCERIN, HYDROXYETHYLCELLULOSE, PHENOXYETHANOL, POLYSORBATE 60, SODIUM PHOSPHATE, XANTHAN GUM, ZINC SULFATE.\u200b<\/p>\n<p class=\"accordion-toggle\" data-block-id=\"3\">S\u00e9curit\u00e9<\/p>\n<div class=\"rte accordion-content\">\n<ul>\n<li><strong>\u200bParaben tested*<\/strong><\/li>\n<li>D\u00e9velopp\u00e9 en collaboration avec des instituts universitaires<\/li>\n<li>Test\u00e9 dermatologiquement<\/li>\n<li>Nickel &lt; 0,0001 % (1ppm)<\/li>\n<\/ul>\n<p><span class=\"ms-rteFontSize-1\">* Parab\u00e8nes &lt; 0,0001 % (1 ppm)<\/span><\/div>\n<\/div>\n<\/div>","protected":false},"excerpt":{"rendered":"<div class=\"product__title__wrapper\">\n<div class=\"product-item__add-info components\">Niacinamide, et Bioma Balance<\/div>\n<\/div>\n<div class=\"product__badge\"><a href=\"https:\/\/www.pharmacienspreparateurs.fr\/products\/soin-anti-imperfections-niacinamide-et-dermo-bioma#reviews-scroll\">Aller aux avis <\/a>Correcteur localis\u00e9, peaux mixtes et impures<\/div>\n<div class=\"product-description rte\">\n<p>\u200bSoin intensif qui ass\u00e8che les imperfections, pr\u00e9vient la formation de marques r\u00e9siduelles, calme et apaise.<\/p>\n<p><strong>Airless 30ml<\/strong><\/p>\n<\/div>","protected":false},"featured_media":1396,"comment_status":"open","ping_status":"closed","template":"","meta":{"_joinchat":[]},"product_brand":[],"product_cat":[127],"product_tag":[],"class_list":{"0":"post-1395","1":"product","2":"type-product","3":"status-publish","4":"has-post-thumbnail","6":"product_cat-pharmacie-carbillet","8":"first","9":"instock","10":"sale","11":"shipping-taxable","12":"purchasable","13":"product-type-simple"},"_links":{"self":[{"href":"http:\/\/hcc-and-co.com\/en\/wp-json\/wp\/v2\/product\/1395","targetHints":{"allow":["GET"]}}],"collection":[{"href":"http:\/\/hcc-and-co.com\/en\/wp-json\/wp\/v2\/product"}],"about":[{"href":"http:\/\/hcc-and-co.com\/en\/wp-json\/wp\/v2\/types\/product"}],"replies":[{"embeddable":true,"href":"http:\/\/hcc-and-co.com\/en\/wp-json\/wp\/v2\/comments?post=1395"}],"wp:featuredmedia":[{"embeddable":true,"href":"http:\/\/hcc-and-co.com\/en\/wp-json\/wp\/v2\/media\/1396"}],"wp:attachment":[{"href":"http:\/\/hcc-and-co.com\/en\/wp-json\/wp\/v2\/media?parent=1395"}],"wp:term":[{"taxonomy":"product_brand","embeddable":true,"href":"http:\/\/hcc-and-co.com\/en\/wp-json\/wp\/v2\/product_brand?post=1395"},{"taxonomy":"product_cat","embeddable":true,"href":"http:\/\/hcc-and-co.com\/en\/wp-json\/wp\/v2\/product_cat?post=1395"},{"taxonomy":"product_tag","embeddable":true,"href":"http:\/\/hcc-and-co.com\/en\/wp-json\/wp\/v2\/product_tag?post=1395"}],"curies":[{"name":"wp","href":"https:\/\/api.w.org\/{rel}","templated":true}]}}