{"id":1476,"date":"2026-02-15T10:27:53","date_gmt":"2026-02-15T09:27:53","guid":{"rendered":"https:\/\/hcc-and-co.com\/?post_type=product&#038;p=1476"},"modified":"2026-02-15T10:27:53","modified_gmt":"2026-02-15T09:27:53","slug":"c-ampoule-anti-ox","status":"publish","type":"product","link":"http:\/\/hcc-and-co.com\/en\/product\/c-ampoule-anti-ox\/","title":{"rendered":"[C] Ampoule Anti-Ox"},"content":{"rendered":"<p><strong>FORMUL\u00c9 POUR<\/strong><br \/>\nLes peaux en manque d\u2019\u00e9clat, d\u2019uniformit\u00e9, au teint terne et pr\u00e9sentant des signes de fatigue. Id\u00e9al pour les premi\u00e8res rides et les plus install\u00e9es.<br \/>\n<strong>TEST\u00c9 SOUS CONTR\u00d4LE DERMATOLOGIQUE<\/strong><br \/>\nSur 50% de peaux sensibles. Non com\u00e9dog\u00e8ne. Convient aux femmes enceintes et allaitantes.<br \/>\n<strong>TEST\u00c9 SANS EFFET SUR LES M\u00c9CANISMES ENDOCRINIENS<\/strong><br \/>\nTests r\u00e9alis\u00e9s sur les axes oestrog\u00e9niques, androg\u00e9niques et thyro\u00efdiens par un laboratoire ind\u00e9pendant, sp\u00e9cialiste de la perturbation endocrinienne.<\/p>\n<p><strong>APPPLIQUEZ MATIN ET SOIR<\/strong><br \/>\n2\/3 gouttes sur une peau propre et s\u00e8che avant votre soin quotidien.<br \/>\nSeul ou en compl\u00e9ment de votre routine. Ce produit contenant un fort pourcentage de Vitamine C, ne pas l&rsquo;utiliser directement avec un autre soin \u00e0 haute concentration en Vitamine C.<\/p>\n<p><strong>QUELQUES PR\u00c9CAUTIONS QUAND ON UTILISE DE LA VITAMINE C HAUTEMENT CONCENTR\u00c9E<\/strong><br \/>\nLors de la premi\u00e8re utilisation, appliquer sur peau propre une petite quantit\u00e9 le soir et attendre 48h minimum avant la 2eme application. En cas de picotements, rougeurs ou autre manifestation cutan\u00e9e, arr\u00eater l&rsquo;utilisation du produit. Ne pas avaler. Tenir hors de port\u00e9e des enfants. Ne pas stocker \u00e0 une temp\u00e9rature sup\u00e9rieure \u00e0 30\u00b0C. \u00c9vitez le contour des yeux. D\u00e9conseill\u00e9 aux peaux r\u00e9actives<\/p>\n<p>\u267b\ufe0f\u00a0<strong>RECYCLABILIT\u00c9 ET R\u00c9-EMPLOI<\/strong><br \/>\nQualit\u00e9s et caract\u00e9ristiques environnementales : le flacon en verre doit se jeter dans le bac de verre. La pipette doit \u00eatre s\u00e9par\u00e9e et jet\u00e9e dans le bac de tri. Les consignes de tri peuvent varier localement.<\/p>","protected":false},"excerpt":{"rendered":"<p>Boostez votre \u00e9clat avec l\u2019ampoule [C] Anti-Ox, un s\u00e9rum r\u00e9g\u00e9n\u00e9rant pour un teint unifi\u00e9 et \u00e9clatant. Concentr\u00e9 \u00e0 20% en Vitamine C optimis\u00e9e, il r\u00e9v\u00e8le l\u2019\u00e9clat de la peau, r\u00e9duit les signes de fatigue et corrige les rides. D\u00e8s 7 jours, la peau est lumineuse, plus uniforme et les signes de l\u2019\u00e2ge estomp\u00e9s.<\/p>","protected":false},"featured_media":1465,"comment_status":"open","ping_status":"closed","template":"","meta":{"_joinchat":[]},"product_brand":[],"product_cat":[90,128],"product_tag":[],"class_list":{"0":"post-1476","1":"product","2":"type-product","3":"status-publish","4":"has-post-thumbnail","6":"product_cat-espace-beaute-cosmetiques","7":"product_cat-s-v-r","9":"first","10":"instock","11":"sale","12":"shipping-taxable","13":"purchasable","14":"product-type-simple"},"_links":{"self":[{"href":"http:\/\/hcc-and-co.com\/en\/wp-json\/wp\/v2\/product\/1476","targetHints":{"allow":["GET"]}}],"collection":[{"href":"http:\/\/hcc-and-co.com\/en\/wp-json\/wp\/v2\/product"}],"about":[{"href":"http:\/\/hcc-and-co.com\/en\/wp-json\/wp\/v2\/types\/product"}],"replies":[{"embeddable":true,"href":"http:\/\/hcc-and-co.com\/en\/wp-json\/wp\/v2\/comments?post=1476"}],"wp:featuredmedia":[{"embeddable":true,"href":"http:\/\/hcc-and-co.com\/en\/wp-json\/wp\/v2\/media\/1465"}],"wp:attachment":[{"href":"http:\/\/hcc-and-co.com\/en\/wp-json\/wp\/v2\/media?parent=1476"}],"wp:term":[{"taxonomy":"product_brand","embeddable":true,"href":"http:\/\/hcc-and-co.com\/en\/wp-json\/wp\/v2\/product_brand?post=1476"},{"taxonomy":"product_cat","embeddable":true,"href":"http:\/\/hcc-and-co.com\/en\/wp-json\/wp\/v2\/product_cat?post=1476"},{"taxonomy":"product_tag","embeddable":true,"href":"http:\/\/hcc-and-co.com\/en\/wp-json\/wp\/v2\/product_tag?post=1476"}],"curies":[{"name":"wp","href":"https:\/\/api.w.org\/{rel}","templated":true}]}}