{"id":1477,"date":"2026-02-15T10:33:30","date_gmt":"2026-02-15T09:33:30","guid":{"rendered":"https:\/\/hcc-and-co.com\/?post_type=product&#038;p=1477"},"modified":"2026-02-15T10:33:30","modified_gmt":"2026-02-15T09:33:30","slug":"cicavit-creme-hppi","status":"publish","type":"product","link":"http:\/\/hcc-and-co.com\/en\/product\/cicavit-creme-hppi\/","title":{"rendered":"CICAVIT+ Cr\u00e8me HPPI"},"content":{"rendered":"<p><strong>FORMUL\u00c9 POUR<\/strong><br \/>\nVisage, l\u00e8vres, corps, narines et zones intimes externes. Adapt\u00e9e et test\u00e9e sur tous les types de peaux\u202f: s\u00e8ches, sensibles, grasses et mixtes. Multi-usages\u202f: irritations, \u00e9gratignures, l\u00e9sions superficielles ferm\u00e9es, marques r\u00e9siduelles (post-acn\u00e9, post-irritations), rougeurs du si\u00e8ge, irritations p\u00e9ri-orales, \u00e9chauffements, \u00e9ryth\u00e8me solaire superficiel, froid extr\u00eame, l\u00e8vres gerc\u00e9es, piqure post-grattage, post-actes dermatologiques superficiels (laser\/peeling, dermabrasion superficielle), tatouages cicatris\u00e9s, post-\u00e9pilation, post-rasage, post-piercing cicatris\u00e9.<\/p>\n<p><strong>ENFANTS D\u00c8S LA NAISSANCE, ADULTES<\/strong><br \/>\nConvient aux femmes enceintes et allaitantes.<br \/>\n<strong>TEXTURE \u00ab\u202fEFFET PANSEMENT\u202f\u00bb<\/strong><br \/>\nAdapt\u00e9e \u00e0 une application localis\u00e9e et\/ou plus \u00e9tendue. Prot\u00e8ge et redonne du confort \u00e0 la peau sans sensation collante ni grasse.<br \/>\n<strong>SANS PARFUM<\/strong><br \/>\n<strong>TEST\u00c9 SOUS CONTR\u00d4LE DERMATOLOGIQUE, P\u00c9DIATRIQUE ET GYN\u00c9COLOGIQUE<\/strong><br \/>\nSur peaux sensibles. Non com\u00e9dog\u00e8ne.<br \/>\n<strong>TEST\u00c9 SANS EFFET SUR LES M\u00c9CANISMES ENDOCRINIENS<\/strong><br \/>\nTests r\u00e9alis\u00e9s sur les axes oestrog\u00e9niques, androg\u00e9niques et thyro\u00efdiens par un laboratoire ind\u00e9pendant, sp\u00e9cialiste de la perturbation endocrinienne.<\/p>\n<p><strong>USAGE QUOTIDIEN<\/strong><br \/>\nSur les zones fragilis\u00e9es du visage et du corps. Appliquez 2 fois\/ jour sur peau propre et s\u00e8che, en couche fine ou \u00e9paisse jusqu\u2019\u00e0 r\u00e9paration compl\u00e8te. Peut s\u2019utiliser en soin quotidien le matin et le soir \u00e9galement. Usage externe. En cas de persistances des inconforts cutan\u00e9s, contacter un professionnel de sant\u00e9.<\/p>\n<p><strong>MASQUE SOS<\/strong><br \/>\nPour une dose de confort en plus appliquez en couche \u00e9paisse, laissez poser puis massez jusqu\u2019\u00e0 p\u00e9n\u00e9tration compl\u00e8te du produit.<\/p>\n<p>\ud83d\udc9a UNE FORMULE D&rsquo;ORIGINE NATURELLE<br \/>\n94% d\u2019ingr\u00e9dients d\u2019origine naturelle.<\/p>\n<p>\u267b\ufe0f RECYCLABILIT\u00c9 ET R\u00c9-EMPLOI<br \/>\nQualit\u00e9s et caract\u00e9ristiques environnementales\u202f:<br \/>\nEmballage carton et tube enti\u00e8rement recyclable. Les consignes de tri peuvent varier localement.<\/p>","protected":false},"excerpt":{"rendered":"<p>Irritations, \u00e9gratignures, rougeurs du si\u00e8ge, laser\/peeling, coups de soleil, froid extr\u00eame endommagent la barri\u00e8re cutan\u00e9e et peuvent cr\u00e9er un risque de marques pigmentaires d\u00e9finitives. Cicavit+ Cr\u00e8me HPPI apaise imm\u00e9diatement et favorise une r\u00e9paration \u00e9pidermique acc\u00e9l\u00e9r\u00e9e et esth\u00e9tique\u202f: elle maintient l\u2019\u00e9quilibre du microbiote cutan\u00e9 et sa nouvelle formule renforc\u00e9e pr\u00e9vient et corrige les marques rouges et brunes dues au processus de r\u00e9paration. Sa texture \u00ab\u202feffet pansement\u202f\u00bb prot\u00e8ge et redonne du confort \u00e0 la peau sans sensation collante. Des petits bobos du quotidien aux besoins d&rsquo;hydratation sp\u00e9cifiques, Cicavit+ Cr\u00e8me HPPI devient l&rsquo;alli\u00e9 essentiel de toute la famille.<\/p>","protected":false},"featured_media":1466,"comment_status":"open","ping_status":"closed","template":"","meta":{"_joinchat":[]},"product_brand":[],"product_cat":[90,128],"product_tag":[],"class_list":{"0":"post-1477","1":"product","2":"type-product","3":"status-publish","4":"has-post-thumbnail","6":"product_cat-espace-beaute-cosmetiques","7":"product_cat-s-v-r","9":"first","10":"instock","11":"sale","12":"shipping-taxable","13":"purchasable","14":"product-type-simple"},"_links":{"self":[{"href":"http:\/\/hcc-and-co.com\/en\/wp-json\/wp\/v2\/product\/1477","targetHints":{"allow":["GET"]}}],"collection":[{"href":"http:\/\/hcc-and-co.com\/en\/wp-json\/wp\/v2\/product"}],"about":[{"href":"http:\/\/hcc-and-co.com\/en\/wp-json\/wp\/v2\/types\/product"}],"replies":[{"embeddable":true,"href":"http:\/\/hcc-and-co.com\/en\/wp-json\/wp\/v2\/comments?post=1477"}],"wp:featuredmedia":[{"embeddable":true,"href":"http:\/\/hcc-and-co.com\/en\/wp-json\/wp\/v2\/media\/1466"}],"wp:attachment":[{"href":"http:\/\/hcc-and-co.com\/en\/wp-json\/wp\/v2\/media?parent=1477"}],"wp:term":[{"taxonomy":"product_brand","embeddable":true,"href":"http:\/\/hcc-and-co.com\/en\/wp-json\/wp\/v2\/product_brand?post=1477"},{"taxonomy":"product_cat","embeddable":true,"href":"http:\/\/hcc-and-co.com\/en\/wp-json\/wp\/v2\/product_cat?post=1477"},{"taxonomy":"product_tag","embeddable":true,"href":"http:\/\/hcc-and-co.com\/en\/wp-json\/wp\/v2\/product_tag?post=1477"}],"curies":[{"name":"wp","href":"https:\/\/api.w.org\/{rel}","templated":true}]}}