{"id":1513,"date":"2026-02-15T20:42:45","date_gmt":"2026-02-15T19:42:45","guid":{"rendered":"https:\/\/hcc-and-co.com\/?post_type=product&#038;p=1513"},"modified":"2026-02-15T20:42:45","modified_gmt":"2026-02-15T19:42:45","slug":"cicavit-creme-mains","status":"publish","type":"product","link":"http:\/\/hcc-and-co.com\/en\/product\/cicavit-creme-mains\/","title":{"rendered":"CICAVIT+ Cr\u00e8me mains"},"content":{"rendered":"<p><strong>FORMUL\u00c9 POUR<\/strong><br \/>\nLes mains ab\u00eem\u00e9es sur-sollicit\u00e9es, desquamation, fendillements, s\u00e8cheresse mais aussi les ongles et les cuticules.<br \/>\n<strong>ENFANTS, ADULTES<\/strong><br \/>\nConvient aux femmes enceintes et allaitantes.<br \/>\n\ud83d\udc9a\u00a0<strong>UNE FORMULE NATURELLE<\/strong>\u00a096% d\u2019ingr\u00e9dients d&rsquo;origine naturelle. 0% silicone.<br \/>\n<strong>TEST\u00c9 SOUS CONTR\u00d4LE DERMATOLOGIQUE<\/strong><br \/>\n<strong>TEST\u00c9 PERTURBATEURS ENDOCRINIENS<\/strong><br \/>\nTest\u00e9 sur les m\u00e9canismes endocriniens oestrog\u00e9niques, androg\u00e9niques et thyro\u00efdiens. Tests r\u00e9alis\u00e9s par un laboratoire ind\u00e9pendant, expert de la perturbation endocrinienne.<\/p>\n<p><strong>APPLIQUEZ<\/strong><br \/>\nSur mains, ongles et cuticules aussi souvent que n\u00e9cessaire.<\/p>\n<p>&nbsp;<\/p>","protected":false},"excerpt":{"rendered":"<p>Cicavit+ Cr\u00e8me mains nourrit, r\u00e9pare intens\u00e9ment et cr\u00e9e une protection invisible durant 8h<sup>1<\/sup>. Les mains ab\u00eem\u00e9es, inconfortables et sur-sollicit\u00e9es sont durablement prot\u00e9g\u00e9es contre toutes les agressions ext\u00e9rieures. Sa texture onctueuse permet de reprendre ses activit\u00e9s imm\u00e9diatement apr\u00e8s application.<\/p>","protected":false},"featured_media":1489,"comment_status":"open","ping_status":"closed","template":"","meta":{"_joinchat":[]},"product_brand":[],"product_cat":[90,128],"product_tag":[],"class_list":{"0":"post-1513","1":"product","2":"type-product","3":"status-publish","4":"has-post-thumbnail","6":"product_cat-espace-beaute-cosmetiques","7":"product_cat-s-v-r","9":"first","10":"instock","11":"sale","12":"shipping-taxable","13":"purchasable","14":"product-type-simple"},"_links":{"self":[{"href":"http:\/\/hcc-and-co.com\/en\/wp-json\/wp\/v2\/product\/1513","targetHints":{"allow":["GET"]}}],"collection":[{"href":"http:\/\/hcc-and-co.com\/en\/wp-json\/wp\/v2\/product"}],"about":[{"href":"http:\/\/hcc-and-co.com\/en\/wp-json\/wp\/v2\/types\/product"}],"replies":[{"embeddable":true,"href":"http:\/\/hcc-and-co.com\/en\/wp-json\/wp\/v2\/comments?post=1513"}],"wp:featuredmedia":[{"embeddable":true,"href":"http:\/\/hcc-and-co.com\/en\/wp-json\/wp\/v2\/media\/1489"}],"wp:attachment":[{"href":"http:\/\/hcc-and-co.com\/en\/wp-json\/wp\/v2\/media?parent=1513"}],"wp:term":[{"taxonomy":"product_brand","embeddable":true,"href":"http:\/\/hcc-and-co.com\/en\/wp-json\/wp\/v2\/product_brand?post=1513"},{"taxonomy":"product_cat","embeddable":true,"href":"http:\/\/hcc-and-co.com\/en\/wp-json\/wp\/v2\/product_cat?post=1513"},{"taxonomy":"product_tag","embeddable":true,"href":"http:\/\/hcc-and-co.com\/en\/wp-json\/wp\/v2\/product_tag?post=1513"}],"curies":[{"name":"wp","href":"https:\/\/api.w.org\/{rel}","templated":true}]}}