{"id":1516,"date":"2026-02-15T21:23:21","date_gmt":"2026-02-15T20:23:21","guid":{"rendered":"https:\/\/hcc-and-co.com\/?post_type=product&#038;p=1516"},"modified":"2026-02-15T21:23:21","modified_gmt":"2026-02-15T20:23:21","slug":"30-creme-pieds-xerial","status":"publish","type":"product","link":"http:\/\/hcc-and-co.com\/en\/product\/30-creme-pieds-xerial\/","title":{"rendered":"30 Cr\u00e8me Pieds XERIAL"},"content":{"rendered":"<p><strong>FORMUL\u00c9 POUR<\/strong><br \/>\nPieds secs, tr\u00e8s secs, ab\u00eem\u00e9s, inconfortables.<br \/>\n<strong>D\u00c8S 10 ANS, ADULTES<\/strong><br \/>\nConvient aux femmes enceintes et allaitantes.<br \/>\n<strong>TEXTURE NON COLLANTE<\/strong><br \/>\nS\u2019\u00e9tale facilement et p\u00e9n\u00e8tre rapidement pour permettre un habillage rapide.<br \/>\n<strong>SANS PARFUM<\/strong><br \/>\n<strong>TEST\u00c9 SANS EFFET SUR LES M\u00c9CANISMES ENDOCRINIENS<\/strong><br \/>\nTests r\u00e9alis\u00e9s sur les axes oestrog\u00e9niques, androg\u00e9niques et thyro\u00efdiens par un laboratoire ind\u00e9pendant, sp\u00e9cialiste de la perturbation endocrinienne.<\/p>\n<p><strong>APPLIQUEZ MATIN ET\/OU SOIR<\/strong><br \/>\nPar massages circulaires sur tout le pied. Id\u00e9al pour un usage quotidien.<\/p>","protected":false},"excerpt":{"rendered":"<p>XERIAL 30 Cr\u00e8me Pieds, votre soin pieds quotidien pour garder des pieds doux, nourris et hydrat\u00e9s pendant 24h<sup>1<\/sup>. Sa formule nourrissante et lissante contient le brevet SVR Ur\u00e9e Pure<sup>2<\/sup>. Il permet de pr\u00e9venir l\u2019apparition de rugosit\u00e9s, de fendillements et de callosit\u00e9s tout en adoucissant la peau de vos pieds. En cas de s\u00e9cheresse extr\u00eame, il nourrit et r\u00e9pare gr\u00e2ce au beurre de karit\u00e9.<\/p>","protected":false},"featured_media":1492,"comment_status":"open","ping_status":"closed","template":"","meta":{"_joinchat":[]},"product_brand":[],"product_cat":[90,128],"product_tag":[],"class_list":{"0":"post-1516","1":"product","2":"type-product","3":"status-publish","4":"has-post-thumbnail","6":"product_cat-espace-beaute-cosmetiques","7":"product_cat-s-v-r","9":"first","10":"instock","11":"sale","12":"shipping-taxable","13":"purchasable","14":"product-type-simple"},"_links":{"self":[{"href":"http:\/\/hcc-and-co.com\/en\/wp-json\/wp\/v2\/product\/1516","targetHints":{"allow":["GET"]}}],"collection":[{"href":"http:\/\/hcc-and-co.com\/en\/wp-json\/wp\/v2\/product"}],"about":[{"href":"http:\/\/hcc-and-co.com\/en\/wp-json\/wp\/v2\/types\/product"}],"replies":[{"embeddable":true,"href":"http:\/\/hcc-and-co.com\/en\/wp-json\/wp\/v2\/comments?post=1516"}],"wp:featuredmedia":[{"embeddable":true,"href":"http:\/\/hcc-and-co.com\/en\/wp-json\/wp\/v2\/media\/1492"}],"wp:attachment":[{"href":"http:\/\/hcc-and-co.com\/en\/wp-json\/wp\/v2\/media?parent=1516"}],"wp:term":[{"taxonomy":"product_brand","embeddable":true,"href":"http:\/\/hcc-and-co.com\/en\/wp-json\/wp\/v2\/product_brand?post=1516"},{"taxonomy":"product_cat","embeddable":true,"href":"http:\/\/hcc-and-co.com\/en\/wp-json\/wp\/v2\/product_cat?post=1516"},{"taxonomy":"product_tag","embeddable":true,"href":"http:\/\/hcc-and-co.com\/en\/wp-json\/wp\/v2\/product_tag?post=1516"}],"curies":[{"name":"wp","href":"https:\/\/api.w.org\/{rel}","templated":true}]}}