{"id":1535,"date":"2026-02-18T21:32:50","date_gmt":"2026-02-18T20:32:50","guid":{"rendered":"https:\/\/hcc-and-co.com\/?post_type=product&#038;p=1535"},"modified":"2026-02-18T21:32:50","modified_gmt":"2026-02-18T20:32:50","slug":"mixa-le-lait-de-corps-essentiels","status":"publish","type":"product","link":"http:\/\/hcc-and-co.com\/en\/product\/mixa-le-lait-de-corps-essentiels\/","title":{"rendered":"MIXA LE LAIT DE CORPS ESSENTIELS"},"content":{"rendered":"<h5 class=\"product-description__feature-title\">Description<\/h5>\n<div class=\"product-description__feature-values\"><span class=\"product-description__feature-value\">Les grossesses, les r\u00e9gimes \u00e0 r\u00e9p\u00e9tition mettent votre peau \u00e0 rude \u00e9preuve. Ces agressions fragilisent sa structure, elle perd son \u00e9lasticit\u00e9 et sa tonicit\u00e9 : elle est comme d\u00e9tendue, rel\u00e2ch\u00e9e. Mixa conna\u00eet bien votre peau et ses d\u00e9s\u00e9quilibres (d\u00e9shydratation, s\u00e9cheresse cutan\u00e9e, sensibilit\u00e9&#8230;). Fort de cette exp\u00e9rience et gr\u00e2ce \u00e0 la collaboration de sp\u00e9cialistes de la peau, Mixa cr\u00e9e le Lait Corps Hydratant Raffermissant pour agir chaque jour sur votre silhouette. Sa texture onctueuse p\u00e9n\u00e8tre rapidement et ne laisse pas de film gras sur la peau. Parfaitement hydrat\u00e9e, la peau est imm\u00e9diatement plus douce et plus lisse.<\/p>\n<p>Enrichi en glyc\u00e9rine pour hydrater intens\u00e9ment la peau et en prot\u00e9ines v\u00e9g\u00e9tales pour tonifier et raffermir imm\u00e9diatement la peau, le Lait Corps Hydratant Raffermissant Mixa renforce l&rsquo;\u00e9lasticit\u00e9 de votre peau.<\/span><\/div>","protected":false},"excerpt":{"rendered":"<h1>Lait corps nourrissant peaux s\u00e8ches<\/h1>","protected":false},"featured_media":1533,"comment_status":"open","ping_status":"closed","template":"","meta":{"_joinchat":[]},"product_brand":[],"product_cat":[90,129],"product_tag":[],"class_list":{"0":"post-1535","1":"product","2":"type-product","3":"status-publish","4":"has-post-thumbnail","6":"product_cat-espace-beaute-cosmetiques","7":"product_cat-m-i-x-a","9":"first","10":"instock","11":"sale","12":"shipping-taxable","13":"purchasable","14":"product-type-simple"},"_links":{"self":[{"href":"http:\/\/hcc-and-co.com\/en\/wp-json\/wp\/v2\/product\/1535","targetHints":{"allow":["GET"]}}],"collection":[{"href":"http:\/\/hcc-and-co.com\/en\/wp-json\/wp\/v2\/product"}],"about":[{"href":"http:\/\/hcc-and-co.com\/en\/wp-json\/wp\/v2\/types\/product"}],"replies":[{"embeddable":true,"href":"http:\/\/hcc-and-co.com\/en\/wp-json\/wp\/v2\/comments?post=1535"}],"wp:featuredmedia":[{"embeddable":true,"href":"http:\/\/hcc-and-co.com\/en\/wp-json\/wp\/v2\/media\/1533"}],"wp:attachment":[{"href":"http:\/\/hcc-and-co.com\/en\/wp-json\/wp\/v2\/media?parent=1535"}],"wp:term":[{"taxonomy":"product_brand","embeddable":true,"href":"http:\/\/hcc-and-co.com\/en\/wp-json\/wp\/v2\/product_brand?post=1535"},{"taxonomy":"product_cat","embeddable":true,"href":"http:\/\/hcc-and-co.com\/en\/wp-json\/wp\/v2\/product_cat?post=1535"},{"taxonomy":"product_tag","embeddable":true,"href":"http:\/\/hcc-and-co.com\/en\/wp-json\/wp\/v2\/product_tag?post=1535"}],"curies":[{"name":"wp","href":"https:\/\/api.w.org\/{rel}","templated":true}]}}