{"id":404,"date":"2024-07-04T15:02:59","date_gmt":"2024-07-04T13:02:59","guid":{"rendered":"https:\/\/agangece-advert.sprint-service.be\/?post_type=product&#038;p=404"},"modified":"2026-03-05T17:45:17","modified_gmt":"2026-03-05T16:45:17","slug":"ortel-c1-junior","status":"publish","type":"product","link":"http:\/\/hcc-and-co.com\/en\/product\/ortel-c1-junior\/","title":{"rendered":"Ortel\u00a0C1 junior"},"content":{"rendered":"<h1><strong>Ortel\u00a0<\/strong>C1 junior<\/h1>\n<h2><strong>Collier cervical souple<\/strong><\/h2>\n<p>&nbsp;<\/p>\n<p><u>Indiqu\u00e9 pour<\/u>\u00a0: Arthrose cervicale &#8211; Syndrome cervical &#8211; Syndrome de la t\u00eate tombante. Coup du lapin l\u00e9ger\/entorse l\u00e9g\u00e8re.<br \/>\nUsage post-op\u00e9ratoire. R\u00e9\u00e9ducation apr\u00e8s le port d\u2019un collier cervical rigide &#8211; Torticolis.<\/p>\n<p><strong>\u00c0 RETENIR<\/strong><\/p>\n<p><strong>Maintien l\u00e9ger<\/strong>\u00a0: mousse de soutien souple<br \/>\n<strong>Confort<\/strong>\u00a0: Housse de confort amovible et lavable<br \/>\n<strong>Facilit\u00e9 de mise en place<\/strong>\u00a0: R\u00e9glage pr\u00e9cis par auto agrippant<\/p>","protected":false},"excerpt":{"rendered":"<h1><strong>Ortel\u00a0<\/strong>C1 junior<\/h1>\n<h2><strong>Collier cervical souple<\/strong><\/h2>\n<p>&nbsp;<\/p>\n<p><u>Indiqu\u00e9 pour<\/u>\u00a0: Arthrose cervicale &#8211; Syndrome cervical &#8211; Syndrome de la t\u00eate tombante. Coup du lapin l\u00e9ger\/entorse l\u00e9g\u00e8re.<br \/>\nUsage post-op\u00e9ratoire. R\u00e9\u00e9ducation apr\u00e8s le port d\u2019un collier cervical rigide &#8211; Torticolis.<\/p>","protected":false},"featured_media":450,"comment_status":"open","ping_status":"closed","template":"","meta":{"_joinchat":[]},"product_brand":[],"product_cat":[95],"product_tag":[],"class_list":{"0":"post-404","1":"product","2":"type-product","3":"status-publish","4":"has-post-thumbnail","6":"product_cat-cou","8":"first","9":"instock","10":"sale","11":"shipping-taxable","12":"purchasable","13":"product-type-simple"},"_links":{"self":[{"href":"http:\/\/hcc-and-co.com\/en\/wp-json\/wp\/v2\/product\/404","targetHints":{"allow":["GET"]}}],"collection":[{"href":"http:\/\/hcc-and-co.com\/en\/wp-json\/wp\/v2\/product"}],"about":[{"href":"http:\/\/hcc-and-co.com\/en\/wp-json\/wp\/v2\/types\/product"}],"replies":[{"embeddable":true,"href":"http:\/\/hcc-and-co.com\/en\/wp-json\/wp\/v2\/comments?post=404"}],"wp:featuredmedia":[{"embeddable":true,"href":"http:\/\/hcc-and-co.com\/en\/wp-json\/wp\/v2\/media\/450"}],"wp:attachment":[{"href":"http:\/\/hcc-and-co.com\/en\/wp-json\/wp\/v2\/media?parent=404"}],"wp:term":[{"taxonomy":"product_brand","embeddable":true,"href":"http:\/\/hcc-and-co.com\/en\/wp-json\/wp\/v2\/product_brand?post=404"},{"taxonomy":"product_cat","embeddable":true,"href":"http:\/\/hcc-and-co.com\/en\/wp-json\/wp\/v2\/product_cat?post=404"},{"taxonomy":"product_tag","embeddable":true,"href":"http:\/\/hcc-and-co.com\/en\/wp-json\/wp\/v2\/product_tag?post=404"}],"curies":[{"name":"wp","href":"https:\/\/api.w.org\/{rel}","templated":true}]}}