{"id":405,"date":"2024-07-04T15:02:59","date_gmt":"2024-07-04T13:02:59","guid":{"rendered":"https:\/\/agangece-advert.sprint-service.be\/?post_type=product&#038;p=405"},"modified":"2026-03-05T17:48:59","modified_gmt":"2026-03-05T16:48:59","slug":"ortel-c3","status":"publish","type":"product","link":"http:\/\/hcc-and-co.com\/en\/product\/ortel-c3\/","title":{"rendered":"ORTEL C3"},"content":{"rendered":"<div class=\"page__title d-none d-sm-flex\">\n<h1 role=\"heading\"><span style=\"font-size: 16px;\">Collier cervical rigide<\/span><\/h1>\n<\/div>\n<div class=\"clearfix text-formatted field field--name-body field--type-text-with-summary field--label-hidden field__item\" data-vk-read-more-label=\"LIRE PLUS\" data-vk-read-more=\"wrapper\">\n<div id=\"read-more-0\" aria-hidden=\"false\" data-vk-read-more=\"expand\">\n<p><u>Indiqu\u00e9 pour<\/u>\u00a0: Radiculopathie cervicale. Spondylose cervicale. Fractures cervicales stables. Usage post-op\u00e9ratoire. Coup du lapin.<br \/>\n<u>Patient cible\u00a0<\/u>: Patients souffrant de radiculopathie cervicale.<\/p>\n<p><strong>\u00c0 RETENIR<\/strong><\/p>\n<p><strong>Stabilisation et immobilisation<\/strong>\u00a0: structure rigide<br \/>\n<strong>Confort et respirabilit\u00e9<\/strong>\u00a0: capitonnage des bords en contact avec la peau, perforations, appui mentonnier anatomique<br \/>\n<strong>Facilit\u00e9 de mise en place<\/strong>\u00a0: r\u00e9glage pr\u00e9cis en hauteur et \u00e0 l\u2019arri\u00e8re par auto agrippant<\/p>\n<\/div>\n<\/div>","protected":false},"excerpt":{"rendered":"<div class=\"page__title d-none d-sm-flex\">\n<h1 role=\"heading\"><span style=\"font-size: 16px;\">Collier cervical rigide<\/span><\/h1>\n<\/div>\n<div class=\"clearfix text-formatted field field--name-body field--type-text-with-summary field--label-hidden field__item\" data-vk-read-more-label=\"LIRE PLUS\" data-vk-read-more=\"wrapper\">\n<div id=\"read-more-0\" aria-hidden=\"false\" data-vk-read-more=\"expand\">\n<p><u>Indiqu\u00e9 pour<\/u>\u00a0: Radiculopathie cervicale. Spondylose cervicale. Fractures cervicales stables. Usage post-op\u00e9ratoire. Coup du lapin.<br \/>\n<u>Patient cible\u00a0<\/u>: Patients souffrant de radiculopathie cervicale.<\/p>\n<p>&nbsp;<\/p>\n<\/div>\n<\/div>","protected":false},"featured_media":451,"comment_status":"open","ping_status":"closed","template":"","meta":{"_joinchat":[]},"product_brand":[],"product_cat":[95],"product_tag":[],"class_list":{"0":"post-405","1":"product","2":"type-product","3":"status-publish","4":"has-post-thumbnail","6":"product_cat-cou","8":"first","9":"instock","10":"sale","11":"shipping-taxable","12":"purchasable","13":"product-type-simple"},"_links":{"self":[{"href":"http:\/\/hcc-and-co.com\/en\/wp-json\/wp\/v2\/product\/405","targetHints":{"allow":["GET"]}}],"collection":[{"href":"http:\/\/hcc-and-co.com\/en\/wp-json\/wp\/v2\/product"}],"about":[{"href":"http:\/\/hcc-and-co.com\/en\/wp-json\/wp\/v2\/types\/product"}],"replies":[{"embeddable":true,"href":"http:\/\/hcc-and-co.com\/en\/wp-json\/wp\/v2\/comments?post=405"}],"wp:featuredmedia":[{"embeddable":true,"href":"http:\/\/hcc-and-co.com\/en\/wp-json\/wp\/v2\/media\/451"}],"wp:attachment":[{"href":"http:\/\/hcc-and-co.com\/en\/wp-json\/wp\/v2\/media?parent=405"}],"wp:term":[{"taxonomy":"product_brand","embeddable":true,"href":"http:\/\/hcc-and-co.com\/en\/wp-json\/wp\/v2\/product_brand?post=405"},{"taxonomy":"product_cat","embeddable":true,"href":"http:\/\/hcc-and-co.com\/en\/wp-json\/wp\/v2\/product_cat?post=405"},{"taxonomy":"product_tag","embeddable":true,"href":"http:\/\/hcc-and-co.com\/en\/wp-json\/wp\/v2\/product_tag?post=405"}],"curies":[{"name":"wp","href":"https:\/\/api.w.org\/{rel}","templated":true}]}}