{"id":408,"date":"2024-07-04T15:02:59","date_gmt":"2024-07-04T13:02:59","guid":{"rendered":"https:\/\/agangece-advert.sprint-service.be\/?post_type=product&#038;p=408"},"modified":"2026-03-05T18:14:15","modified_gmt":"2026-03-05T17:14:15","slug":"scapulis","status":"publish","type":"product","link":"http:\/\/hcc-and-co.com\/en\/product\/scapulis\/","title":{"rendered":"Scapulis"},"content":{"rendered":"<h1><strong>Scapulis<\/strong><\/h1>\n<h2>Echarpe \u00e9volutive d&rsquo;immobilisation<\/h2>\n<p><u>Indiqu\u00e9e pour<\/u>\u00a0: Traumatismes ou \u00e9tats inflammatoires de l\u2019\u00e9paule et\/ ou du coude &#8211; Traitement conservateur des fractures<br \/>\nproximales non chirurgicales de l\u2019hum\u00e9rus. Luxation de l\u2019\u00e9paule &#8211; Fractures non chirurgicales de la clavicule et\/ou de la scapula (omoplate) &#8211; Immobilisation post-op\u00e9ratoire (suite de chirurgie de la coiffe des rotateurs ou r\u00e9duction de luxation) &#8211; Pr\u00e9vention de la subluxation ou luxation de l\u2019\u00e9paule (instabilit\u00e9 articulaire) &#8211; Soutien du bras paralytique.<br \/>\n<u>Patient cible<\/u>\u00a0: Patient avec un besoin d\u2019immobilisation \u00e9volutive (coude au corps ou rotation externe de l\u2019\u00e9paule) &#8211; Type d\u2019immobilisation : \u00e9volutive<\/p>\n<p><strong>\u00c0 RETENIR<\/strong><\/p>\n<p><strong>Immobilisation \u00e9volutive<\/strong> : position des sangles modulable permettant la rotation externe de l\u2019\u00e9paule et du bras<br \/>\n<strong>Modularit\u00e9<\/strong>\u00a0: syst\u00e8me de sangles ajustables par d\u00e9coupe.<br \/>\n<strong>Confort\u00a0<\/strong>: forme \u00e9chancr\u00e9e, coussinet en mousse ajustable pour la protection du cou.<\/p>","protected":false},"excerpt":{"rendered":"<h2>Echarpe \u00e9volutive d&rsquo;immobilisation<\/h2>\n<p><u>Indiqu\u00e9e pour<\/u>\u00a0: Traumatismes ou \u00e9tats inflammatoires de l\u2019\u00e9paule et\/ ou du coude &#8211; Traitement conservateur des fractures<br \/>\nproximales non chirurgicales de l\u2019hum\u00e9rus. Luxation de l\u2019\u00e9paule &#8211; Fractures non chirurgicales de la clavicule et\/ou de la scapula (omoplate) &#8211; Immobilisation post-op\u00e9ratoire (suite de chirurgie de la coiffe des rotateurs ou r\u00e9duction de luxation) &#8211; Pr\u00e9vention de la subluxation ou luxation de l\u2019\u00e9paule (instabilit\u00e9 articulaire) &#8211; Soutien du bras paralytique.<br \/>\n<u>Patient cible<\/u>\u00a0: Patient avec un besoin d\u2019immobilisation \u00e9volutive (coude au corps ou rotation externe de l\u2019\u00e9paule) &#8211; Type d\u2019immobilisation : \u00e9volutive<\/p>","protected":false},"featured_media":454,"comment_status":"open","ping_status":"closed","template":"","meta":{"_joinchat":[]},"product_brand":[],"product_cat":[96],"product_tag":[],"class_list":{"0":"post-408","1":"product","2":"type-product","3":"status-publish","4":"has-post-thumbnail","6":"product_cat-dos","8":"first","9":"instock","10":"sale","11":"shipping-taxable","12":"purchasable","13":"product-type-simple"},"_links":{"self":[{"href":"http:\/\/hcc-and-co.com\/en\/wp-json\/wp\/v2\/product\/408","targetHints":{"allow":["GET"]}}],"collection":[{"href":"http:\/\/hcc-and-co.com\/en\/wp-json\/wp\/v2\/product"}],"about":[{"href":"http:\/\/hcc-and-co.com\/en\/wp-json\/wp\/v2\/types\/product"}],"replies":[{"embeddable":true,"href":"http:\/\/hcc-and-co.com\/en\/wp-json\/wp\/v2\/comments?post=408"}],"wp:featuredmedia":[{"embeddable":true,"href":"http:\/\/hcc-and-co.com\/en\/wp-json\/wp\/v2\/media\/454"}],"wp:attachment":[{"href":"http:\/\/hcc-and-co.com\/en\/wp-json\/wp\/v2\/media?parent=408"}],"wp:term":[{"taxonomy":"product_brand","embeddable":true,"href":"http:\/\/hcc-and-co.com\/en\/wp-json\/wp\/v2\/product_brand?post=408"},{"taxonomy":"product_cat","embeddable":true,"href":"http:\/\/hcc-and-co.com\/en\/wp-json\/wp\/v2\/product_cat?post=408"},{"taxonomy":"product_tag","embeddable":true,"href":"http:\/\/hcc-and-co.com\/en\/wp-json\/wp\/v2\/product_tag?post=408"}],"curies":[{"name":"wp","href":"https:\/\/api.w.org\/{rel}","templated":true}]}}