{"id":410,"date":"2024-07-04T15:03:00","date_gmt":"2024-07-04T13:03:00","guid":{"rendered":"https:\/\/agangece-advert.sprint-service.be\/?post_type=product&#038;p=410"},"modified":"2026-03-05T18:24:10","modified_gmt":"2026-03-05T17:24:10","slug":"immoclassic","status":"publish","type":"product","link":"http:\/\/hcc-and-co.com\/en\/product\/immoclassic\/","title":{"rendered":"ImmoClassic"},"content":{"rendered":"<h2>Echarpe d&rsquo;immobilisation<\/h2>\n<p><u>Indiqu\u00e9e pour\u00a0<\/u>: Traumatismes ou \u00e9tats inflammatoires de l\u2019\u00e9paule et\/ou du coude &#8211; Traitement conservateur des fractures proximales non chirurgicales de l\u2019hum\u00e9rus. Luxation de l\u2019\u00e9paule &#8211; Fractures non chirurgicales de la clavicule et\/ou de la scapula (omoplate) &#8211; Immobilisation post-op\u00e9ratoire (suite de chirurgie de la coiffe des rotateurs ou r\u00e9duction de luxation) &#8211; Pr\u00e9vention de la subluxation ou luxation de l\u2019\u00e9paule (instabilit\u00e9 articulaire) &#8211; Soutien du bras paralytique.<\/p>\n<p><strong>\u00c0 RETENIR<\/strong><\/p>\n<p><strong>Immobilisation<\/strong>\u00a0: manchon pour soutenir l\u2019avant-bras et le coude combin\u00e9 \u00e0 syst\u00e8me de sangles<br \/>\n<strong>Adaptabilit\u00e9<\/strong>\u00a0: sangles ajustables en longueur<br \/>\n<strong>Confort<\/strong>\u00a0: coussinet en mousse ajustable pour la protection du cou.<br \/>\n<strong>Mod\u00e8le bilat\u00e9ral<\/strong><\/p>","protected":false},"excerpt":{"rendered":"<h2>Echarpe d&rsquo;immobilisation<\/h2>\n<p><u>Indiqu\u00e9e pour\u00a0<\/u>: Traumatismes ou \u00e9tats inflammatoires de l\u2019\u00e9paule et\/ou du coude &#8211; Traitement conservateur des fractures proximales non chirurgicales de l\u2019hum\u00e9rus. Luxation de l\u2019\u00e9paule &#8211; Fractures non chirurgicales de la clavicule et\/ou de la scapula (omoplate) &#8211; Immobilisation post-op\u00e9ratoire (suite de chirurgie de la coiffe des rotateurs ou r\u00e9duction de luxation) &#8211; Pr\u00e9vention de la subluxation ou luxation de l\u2019\u00e9paule (instabilit\u00e9 articulaire) &#8211; Soutien du bras paralytique.<\/p>","protected":false},"featured_media":456,"comment_status":"open","ping_status":"closed","template":"","meta":{"_joinchat":[]},"product_brand":[],"product_cat":[98],"product_tag":[],"class_list":{"0":"post-410","1":"product","2":"type-product","3":"status-publish","4":"has-post-thumbnail","6":"product_cat-bras-epaule-et-coude","8":"first","9":"instock","10":"sale","11":"shipping-taxable","12":"purchasable","13":"product-type-simple"},"_links":{"self":[{"href":"http:\/\/hcc-and-co.com\/en\/wp-json\/wp\/v2\/product\/410","targetHints":{"allow":["GET"]}}],"collection":[{"href":"http:\/\/hcc-and-co.com\/en\/wp-json\/wp\/v2\/product"}],"about":[{"href":"http:\/\/hcc-and-co.com\/en\/wp-json\/wp\/v2\/types\/product"}],"replies":[{"embeddable":true,"href":"http:\/\/hcc-and-co.com\/en\/wp-json\/wp\/v2\/comments?post=410"}],"wp:featuredmedia":[{"embeddable":true,"href":"http:\/\/hcc-and-co.com\/en\/wp-json\/wp\/v2\/media\/456"}],"wp:attachment":[{"href":"http:\/\/hcc-and-co.com\/en\/wp-json\/wp\/v2\/media?parent=410"}],"wp:term":[{"taxonomy":"product_brand","embeddable":true,"href":"http:\/\/hcc-and-co.com\/en\/wp-json\/wp\/v2\/product_brand?post=410"},{"taxonomy":"product_cat","embeddable":true,"href":"http:\/\/hcc-and-co.com\/en\/wp-json\/wp\/v2\/product_cat?post=410"},{"taxonomy":"product_tag","embeddable":true,"href":"http:\/\/hcc-and-co.com\/en\/wp-json\/wp\/v2\/product_tag?post=410"}],"curies":[{"name":"wp","href":"https:\/\/api.w.org\/{rel}","templated":true}]}}