{"id":431,"date":"2024-07-04T15:03:21","date_gmt":"2024-07-04T13:03:21","guid":{"rendered":"https:\/\/agangece-advert.sprint-service.be\/?post_type=product&#038;p=431"},"modified":"2026-03-06T10:56:38","modified_gmt":"2026-03-06T09:56:38","slug":"le-poignet","status":"publish","type":"product","link":"http:\/\/hcc-and-co.com\/en\/product\/le-poignet\/","title":{"rendered":"Le Poignet"},"content":{"rendered":"<h2>Attelle d&rsquo;immobilisation du poignet<\/h2>\n<p><u>Indiqu\u00e9e pour\u00a0<\/u>: Entorse du poignet &#8211; Tendinopathies du poignet &#8211; Arthrite rhumato\u00efde.<\/p>\n<p><strong>\u00c0 RETENIR<\/strong><\/p>\n<p><strong>Immobilisation<\/strong>\u00a0: Baleine palmaire rigide, anatomique et conformable et une baleine dorsale.<br \/>\n<strong>Confort\u00a0<\/strong>: Tissu int\u00e9rieur a\u00e9r\u00e9 Sangle amovible pour ajuster le niveau de compression.<br \/>\n<strong>Produit bilat\u00e9ral<\/strong><\/p>","protected":false},"excerpt":{"rendered":"<h2>Attelle d&rsquo;immobilisation du poignet<\/h2>\n<p><u>Indiqu\u00e9e pour\u00a0<\/u>: Entorse du poignet &#8211; Tendinopathies du poignet &#8211; Arthrite rhumato\u00efde.<\/p>","protected":false},"featured_media":461,"comment_status":"open","ping_status":"closed","template":"","meta":{"_joinchat":[]},"product_brand":[],"product_cat":[99],"product_tag":[],"class_list":{"0":"post-431","1":"product","2":"type-product","3":"status-publish","4":"has-post-thumbnail","6":"product_cat-main-poignet-et-pou","8":"first","9":"instock","10":"sale","11":"shipping-taxable","12":"purchasable","13":"product-type-simple"},"_links":{"self":[{"href":"http:\/\/hcc-and-co.com\/en\/wp-json\/wp\/v2\/product\/431","targetHints":{"allow":["GET"]}}],"collection":[{"href":"http:\/\/hcc-and-co.com\/en\/wp-json\/wp\/v2\/product"}],"about":[{"href":"http:\/\/hcc-and-co.com\/en\/wp-json\/wp\/v2\/types\/product"}],"replies":[{"embeddable":true,"href":"http:\/\/hcc-and-co.com\/en\/wp-json\/wp\/v2\/comments?post=431"}],"wp:featuredmedia":[{"embeddable":true,"href":"http:\/\/hcc-and-co.com\/en\/wp-json\/wp\/v2\/media\/461"}],"wp:attachment":[{"href":"http:\/\/hcc-and-co.com\/en\/wp-json\/wp\/v2\/media?parent=431"}],"wp:term":[{"taxonomy":"product_brand","embeddable":true,"href":"http:\/\/hcc-and-co.com\/en\/wp-json\/wp\/v2\/product_brand?post=431"},{"taxonomy":"product_cat","embeddable":true,"href":"http:\/\/hcc-and-co.com\/en\/wp-json\/wp\/v2\/product_cat?post=431"},{"taxonomy":"product_tag","embeddable":true,"href":"http:\/\/hcc-and-co.com\/en\/wp-json\/wp\/v2\/product_tag?post=431"}],"curies":[{"name":"wp","href":"https:\/\/api.w.org\/{rel}","templated":true}]}}