{"id":436,"date":"2024-07-04T15:03:21","date_gmt":"2024-07-04T13:03:21","guid":{"rendered":"https:\/\/agangece-advert.sprint-service.be\/?post_type=product&#038;p=436"},"modified":"2026-03-06T11:01:01","modified_gmt":"2026-03-06T10:01:01","slug":"manurhizo","status":"publish","type":"product","link":"http:\/\/hcc-and-co.com\/en\/product\/manurhizo\/","title":{"rendered":"MANURHIZO"},"content":{"rendered":"<h2>Attelle d&rsquo;immobilisation du poignet et du pouce<\/h2>\n<h6><u>Indiqu\u00e9e pour<\/u>\u00a0: Entorse du pouce &#8211; Entorse du poignet et\/ou pouce &#8211; Fracture non chirurgicale du scapho\u00efde &#8211; Fracture non chirurgicale du poignet &#8211; Immobilisation post-traumatique ou postop\u00e9ratoire du poignet\/pouce &#8211; Tendinopathies du poignet et\/ou du pouce &#8211; Tenosynovitede De Quervain &#8211; Arthrite rhumato\u00efde &#8211; Epicondylite lat\u00e9rale &#8211; Traitement conservateur du syndrome du canal carpien &#8211; Arthrose du pouce\/du poignet &#8211; D\u00e9ficits neuro-musculaires (contractures, main tombante, spasticit\u00e9&#8230;).<\/h6>\n<h3>\u00c0 RETENIR<\/h3>\n<h6>Immobilisation\u00a0: du poignet et du pouce. Deux baleines rigides, anatomiques et conformables.<br \/>\nConfort\u00a0: tissu int\u00e9rieur a\u00e9r\u00e9<br \/>\nPratique\u00a0: syst\u00e8me de sangle 2 en 1 permettant d\u2019assurer un serrage homog\u00e8ne.<\/h6>","protected":false},"excerpt":{"rendered":"<h2>Attelle d&rsquo;immobilisation du poignet et du pouce<\/h2>\n<h6><u>Indiqu\u00e9e pour<\/u> : Entorse du pouce &#8211; Entorse du poignet et\/ou pouce &#8211; Fracture non chirurgicale du scapho\u00efde &#8211; Fracture non chirurgicale du poignet &#8211; Immobilisation post-traumatique ou postop\u00e9ratoire du poignet\/pouce &#8211; Tendinopathies du poignet et\/ou du pouce &#8211; T\u00e9nosynovite De Quervain &#8211; Arthrite rhumato\u00efde &#8211; Epicondylite lat\u00e9rale &#8211; Traitement conservateur du syndrome du canal carpien &#8211; Arthrose du pouce\/du poignet &#8211; D\u00e9ficits neuro-musculaires (contractures, main tombante, spasticit\u00e9&#8230;).<\/h6>\n<h3><\/h3>","protected":false},"featured_media":484,"comment_status":"open","ping_status":"closed","template":"","meta":{"_joinchat":[]},"product_brand":[],"product_cat":[99],"product_tag":[],"class_list":{"0":"post-436","1":"product","2":"type-product","3":"status-publish","4":"has-post-thumbnail","6":"product_cat-main-poignet-et-pou","8":"first","9":"instock","10":"sale","11":"shipping-taxable","12":"purchasable","13":"product-type-simple"},"_links":{"self":[{"href":"http:\/\/hcc-and-co.com\/en\/wp-json\/wp\/v2\/product\/436","targetHints":{"allow":["GET"]}}],"collection":[{"href":"http:\/\/hcc-and-co.com\/en\/wp-json\/wp\/v2\/product"}],"about":[{"href":"http:\/\/hcc-and-co.com\/en\/wp-json\/wp\/v2\/types\/product"}],"replies":[{"embeddable":true,"href":"http:\/\/hcc-and-co.com\/en\/wp-json\/wp\/v2\/comments?post=436"}],"wp:featuredmedia":[{"embeddable":true,"href":"http:\/\/hcc-and-co.com\/en\/wp-json\/wp\/v2\/media\/484"}],"wp:attachment":[{"href":"http:\/\/hcc-and-co.com\/en\/wp-json\/wp\/v2\/media?parent=436"}],"wp:term":[{"taxonomy":"product_brand","embeddable":true,"href":"http:\/\/hcc-and-co.com\/en\/wp-json\/wp\/v2\/product_brand?post=436"},{"taxonomy":"product_cat","embeddable":true,"href":"http:\/\/hcc-and-co.com\/en\/wp-json\/wp\/v2\/product_cat?post=436"},{"taxonomy":"product_tag","embeddable":true,"href":"http:\/\/hcc-and-co.com\/en\/wp-json\/wp\/v2\/product_tag?post=436"}],"curies":[{"name":"wp","href":"https:\/\/api.w.org\/{rel}","templated":true}]}}