{"id":467,"date":"2024-07-04T15:03:42","date_gmt":"2024-07-04T13:03:42","guid":{"rendered":"https:\/\/agangece-advert.sprint-service.be\/?post_type=product&#038;p=467"},"modified":"2026-03-05T18:09:17","modified_gmt":"2026-03-05T17:09:17","slug":"dynabelt","status":"publish","type":"product","link":"http:\/\/hcc-and-co.com\/en\/product\/dynabelt\/","title":{"rendered":"Dynabelt"},"content":{"rendered":"<h1><strong>Dynabelt<\/strong><\/h1>\n<p>Ceinture de maintien abdominal<\/p>\n<p><u>Indiqu\u00e9e pour\u00a0<\/u>: Conditions post-op\u00e9ratoires : \u00e9ventration, hernie ombilicale\/ hernie \u00e9pigastrique, laparotomie, laparoscopie, laparoscopie et endoscopie par acc\u00e8s unique, c\u00e9sarienne, conditions post-partum, ecchymose de la cage thoracique &#8211; Faiblesse musculaire abdominale &#8211; Fractures des c\u00f4tes &#8211; Lombalgies hautes ou basses mineures.<\/p>\n<p><strong>\u00c0 RETENIR<\/strong><\/p>\n<p><strong>Confort et respirabilit\u00e9\u00a0<\/strong>: \u00e9vacue l\u2019humidit\u00e9 : tissu Combitex brevet\u00e9<br \/>\n<strong>Facilit\u00e9 de mise en place<\/strong>\u00a0: passe-pouces et au tissu \u00e0 structure transversale anti-plissement.<br \/>\n<strong>Adaptable \u00e0 diff\u00e9rentes morphologies et soutien flexible<\/strong>\u00a0: baleines souples abdominales et dorsales amovibles.<br \/>\n<strong>St\u00e9rilisable en autoclave<br \/>\nFacilit\u00e9 d\u2019entretien<\/strong><\/p>","protected":false},"excerpt":{"rendered":"<h1><strong>Dynabelt<\/strong><\/h1>\n<p>Ceinture de maintien abdominal<\/p>\n<p><u>Indiqu\u00e9e pour\u00a0<\/u>: Conditions post-op\u00e9ratoires : \u00e9ventration, hernie ombilicale\/ hernie \u00e9pigastrique, laparotomie, laparoscopie, laparoscopie et endoscopie par acc\u00e8s unique, c\u00e9sarienne, conditions post-partum, ecchymose de la cage thoracique &#8211; Faiblesse musculaire abdominale &#8211; Fractures des c\u00f4tes &#8211; Lombalgies hautes ou basses mineures.<\/p>","protected":false},"featured_media":496,"comment_status":"open","ping_status":"closed","template":"","meta":{"_joinchat":[]},"product_brand":[],"product_cat":[96],"product_tag":[],"class_list":{"0":"post-467","1":"product","2":"type-product","3":"status-publish","4":"has-post-thumbnail","6":"product_cat-dos","8":"first","9":"instock","10":"sale","11":"shipping-taxable","12":"purchasable","13":"product-type-simple"},"_links":{"self":[{"href":"http:\/\/hcc-and-co.com\/en\/wp-json\/wp\/v2\/product\/467","targetHints":{"allow":["GET"]}}],"collection":[{"href":"http:\/\/hcc-and-co.com\/en\/wp-json\/wp\/v2\/product"}],"about":[{"href":"http:\/\/hcc-and-co.com\/en\/wp-json\/wp\/v2\/types\/product"}],"replies":[{"embeddable":true,"href":"http:\/\/hcc-and-co.com\/en\/wp-json\/wp\/v2\/comments?post=467"}],"wp:featuredmedia":[{"embeddable":true,"href":"http:\/\/hcc-and-co.com\/en\/wp-json\/wp\/v2\/media\/496"}],"wp:attachment":[{"href":"http:\/\/hcc-and-co.com\/en\/wp-json\/wp\/v2\/media?parent=467"}],"wp:term":[{"taxonomy":"product_brand","embeddable":true,"href":"http:\/\/hcc-and-co.com\/en\/wp-json\/wp\/v2\/product_brand?post=467"},{"taxonomy":"product_cat","embeddable":true,"href":"http:\/\/hcc-and-co.com\/en\/wp-json\/wp\/v2\/product_cat?post=467"},{"taxonomy":"product_tag","embeddable":true,"href":"http:\/\/hcc-and-co.com\/en\/wp-json\/wp\/v2\/product_tag?post=467"}],"curies":[{"name":"wp","href":"https:\/\/api.w.org\/{rel}","templated":true}]}}