{"id":470,"date":"2024-07-04T15:03:43","date_gmt":"2024-07-04T13:03:43","guid":{"rendered":"https:\/\/agangece-advert.sprint-service.be\/?post_type=product&#038;p=470"},"modified":"2026-03-05T17:58:48","modified_gmt":"2026-03-05T16:58:48","slug":"lombatech","status":"publish","type":"product","link":"http:\/\/hcc-and-co.com\/en\/product\/lombatech\/","title":{"rendered":"LOMBATECH\u00ae"},"content":{"rendered":"<h1><strong>Lomba<\/strong>tech<sup>\u00ae<\/sup><\/h1>\n<h2>Ceinture lombaire adaptable \u00e0 la morphologie et \u00e0 la localisation de la douleur<\/h2>\n<p><u>Indiqu\u00e9e pour<\/u>\u00a0: Lombalgies communes non sp\u00e9cifiques (stades aigu, subaigu et chronique) &#8211; Canal lombaire \u00e9troit<br \/>\n<u>Patient cible\u00a0<\/u>: Personne exer\u00e7ant des activit\u00e9s vari\u00e9es<br \/>\nMorphologie atypique : hanches larges, embonpoint, taille &gt;1,90m.<br \/>\nDouleurs hautes ou basse sur la partie lombaire.<\/p>\n<p><strong>\u00c0 RETENIR<\/strong><\/p>\n<p><strong>1 &#8211; Adaptation aux mouvements du corps<\/strong>\u00a0: baleines d\u00e9solidaris\u00e9es<br \/>\n<strong>2 &#8211; Ciblage de la zone de douleur\u00a0<\/strong>: sangle additionnelle<br \/>\n<strong>3 &#8211; Respirabilit\u00e9<\/strong>\u00a0: \u00e9vacue l\u2019humidit\u00e9 gr\u00e2ce au tissu Combitex\u00a0(brevet\u00e9) et au tissu Coolmax<br \/>\n<strong>4- Couverture de tailles importante<\/strong> : pour r\u00e9pondre \u00e0 un maximum de patients<br \/>\n<strong>Facilit\u00e9 d\u2019entretien<\/strong><\/p>","protected":false},"excerpt":{"rendered":"<h1><strong>Lomba<\/strong>tech<sup>\u00ae<\/sup><\/h1>\n<h2>Ceinture lombaire adaptable \u00e0 la morphologie et \u00e0 la localisation de la douleur<\/h2>\n<p><u>Indiqu\u00e9e pour<\/u>\u00a0: Lombalgies communes non sp\u00e9cifiques (stades aigu, subaigu et chronique) &#8211; Canal lombaire \u00e9troit<br \/>\n<u>Patient cible\u00a0<\/u>: Personne exer\u00e7ant des activit\u00e9s vari\u00e9es<br \/>\nMorphologie atypique : hanches larges, embonpoint, taille &gt;1,90m.<br \/>\nDouleurs hautes ou basse sur la partie lombaire.<\/p>","protected":false},"featured_media":499,"comment_status":"open","ping_status":"closed","template":"","meta":{"_joinchat":[]},"product_brand":[],"product_cat":[96],"product_tag":[],"class_list":{"0":"post-470","1":"product","2":"type-product","3":"status-publish","4":"has-post-thumbnail","6":"product_cat-dos","8":"first","9":"instock","10":"sale","11":"shipping-taxable","12":"purchasable","13":"product-type-simple"},"_links":{"self":[{"href":"http:\/\/hcc-and-co.com\/en\/wp-json\/wp\/v2\/product\/470","targetHints":{"allow":["GET"]}}],"collection":[{"href":"http:\/\/hcc-and-co.com\/en\/wp-json\/wp\/v2\/product"}],"about":[{"href":"http:\/\/hcc-and-co.com\/en\/wp-json\/wp\/v2\/types\/product"}],"replies":[{"embeddable":true,"href":"http:\/\/hcc-and-co.com\/en\/wp-json\/wp\/v2\/comments?post=470"}],"wp:featuredmedia":[{"embeddable":true,"href":"http:\/\/hcc-and-co.com\/en\/wp-json\/wp\/v2\/media\/499"}],"wp:attachment":[{"href":"http:\/\/hcc-and-co.com\/en\/wp-json\/wp\/v2\/media?parent=470"}],"wp:term":[{"taxonomy":"product_brand","embeddable":true,"href":"http:\/\/hcc-and-co.com\/en\/wp-json\/wp\/v2\/product_brand?post=470"},{"taxonomy":"product_cat","embeddable":true,"href":"http:\/\/hcc-and-co.com\/en\/wp-json\/wp\/v2\/product_cat?post=470"},{"taxonomy":"product_tag","embeddable":true,"href":"http:\/\/hcc-and-co.com\/en\/wp-json\/wp\/v2\/product_tag?post=470"}],"curies":[{"name":"wp","href":"https:\/\/api.w.org\/{rel}","templated":true}]}}