{"id":475,"date":"2024-07-04T15:03:43","date_gmt":"2024-07-04T13:03:43","guid":{"rendered":"https:\/\/agangece-advert.sprint-service.be\/?post_type=product&#038;p=475"},"modified":"2026-03-05T18:03:28","modified_gmt":"2026-03-05T17:03:28","slug":"cemen2","status":"publish","type":"product","link":"http:\/\/hcc-and-co.com\/en\/product\/cemen2\/","title":{"rendered":"CEMEN2"},"content":{"rendered":"<h1><strong>Cemen<\/strong><\/h1>\n<p>Bande ceinture thoracique<\/p>\n<p><u>Indiqu\u00e9e pour<\/u>\u00a0: Fractures des c\u00f4tes &#8211; Complications post-op\u00e9ratoires (hyst\u00e9rectomie, chirurgie bariatrique, c\u00e9sarienne, laparotomie) &#8211; L\u00e9sions t\u00e9trapl\u00e9giques m\u00e9dullaires &#8211; Hypotension orthostatique.<br \/>\nR\u00e9\u00e9ducation respiratoire.<\/p>\n<p><strong>\u00c0 RETENIR<\/strong><\/p>\n<p><strong>Forte compression<\/strong>\u00a0: tissu \u00e9lastique.<br \/>\n<strong>Facilit\u00e9 de mise en place<\/strong>\u00a0: fermeture par auto-agrippant<br \/>\n<strong>Facilit\u00e9 d\u2019entretien<\/strong><\/p>","protected":false},"excerpt":{"rendered":"<p>Bande ceinture thoracique<\/p>\n<p><u>Indiqu\u00e9e pour<\/u>\u00a0: Fractures des c\u00f4tes &#8211; Complications post-op\u00e9ratoires (hyst\u00e9rectomie, chirurgie bariatrique, c\u00e9sarienne, laparotomie) &#8211; L\u00e9sions t\u00e9trapl\u00e9giques m\u00e9dullaires &#8211; Hypotension orthostatique.<br \/>\nR\u00e9\u00e9ducation respiratoire.<\/p>","protected":false},"featured_media":523,"comment_status":"open","ping_status":"closed","template":"","meta":{"_joinchat":[]},"product_brand":[],"product_cat":[96],"product_tag":[],"class_list":{"0":"post-475","1":"product","2":"type-product","3":"status-publish","4":"has-post-thumbnail","6":"product_cat-dos","8":"first","9":"instock","10":"sale","11":"shipping-taxable","12":"purchasable","13":"product-type-simple"},"_links":{"self":[{"href":"http:\/\/hcc-and-co.com\/en\/wp-json\/wp\/v2\/product\/475","targetHints":{"allow":["GET"]}}],"collection":[{"href":"http:\/\/hcc-and-co.com\/en\/wp-json\/wp\/v2\/product"}],"about":[{"href":"http:\/\/hcc-and-co.com\/en\/wp-json\/wp\/v2\/types\/product"}],"replies":[{"embeddable":true,"href":"http:\/\/hcc-and-co.com\/en\/wp-json\/wp\/v2\/comments?post=475"}],"wp:featuredmedia":[{"embeddable":true,"href":"http:\/\/hcc-and-co.com\/en\/wp-json\/wp\/v2\/media\/523"}],"wp:attachment":[{"href":"http:\/\/hcc-and-co.com\/en\/wp-json\/wp\/v2\/media?parent=475"}],"wp:term":[{"taxonomy":"product_brand","embeddable":true,"href":"http:\/\/hcc-and-co.com\/en\/wp-json\/wp\/v2\/product_brand?post=475"},{"taxonomy":"product_cat","embeddable":true,"href":"http:\/\/hcc-and-co.com\/en\/wp-json\/wp\/v2\/product_cat?post=475"},{"taxonomy":"product_tag","embeddable":true,"href":"http:\/\/hcc-and-co.com\/en\/wp-json\/wp\/v2\/product_tag?post=475"}],"curies":[{"name":"wp","href":"https:\/\/api.w.org\/{rel}","templated":true}]}}