{"id":476,"date":"2024-07-04T15:03:43","date_gmt":"2024-07-04T13:03:43","guid":{"rendered":"https:\/\/agangece-advert.sprint-service.be\/?post_type=product&#038;p=476"},"modified":"2026-03-05T18:04:21","modified_gmt":"2026-03-05T17:04:21","slug":"lombastab-high","status":"publish","type":"product","link":"http:\/\/hcc-and-co.com\/en\/product\/lombastab-high\/","title":{"rendered":"LOMBASTAB HIGH"},"content":{"rendered":"<p><strong>LombaStab High<\/strong><br \/>\nCeinture de soutien dorso-lombaire<\/p>\n<p><u>Indiqu\u00e9e pour<\/u>\u00a0: Lombalgies communes non sp\u00e9cifiques (stades aigu, subaigu et chronique) &#8211; Canal lombaire \u00e9troit \/ Canal lombaire<br \/>\n\u00e9troit (origine d\u00e9g\u00e9n\u00e9rative&#8230;) &#8211; Spondylolyse\/ Arthrose dorsolombaire- Fracture vert\u00e9brale stable (ost\u00e9oporotique)- Immobilisation post-op\u00e9ratoire- Ost\u00e9ochondrose \/ maladie de Scheuermann &#8211; Spondylolisth\u00e9sis.<\/p>\n<p><strong>\u00c0 RETENIR<\/strong><br \/>\n<strong>LE PLUS<\/strong>\u00a0LombaStab high<br \/>\n<strong>Adaptable \u00e0 la morphologie<\/strong>\u00a0: 4 baleines dorsales conformables et plaques dorsales ind\u00e9pendantes.<\/p>","protected":false},"excerpt":{"rendered":"<p><strong>LombaStab High<\/strong><br \/>\nCeinture de soutien dorso-lombaire<\/p>\n<p><u>Indiqu\u00e9e pour<\/u>\u00a0: Lombalgies communes non sp\u00e9cifiques (stades aigu, subaigu et chronique) &#8211; Canal lombaire \u00e9troit \/ Canal lombaire<br \/>\n\u00e9troit (origine d\u00e9g\u00e9n\u00e9rative&#8230;) &#8211; Spondylolyse\/ Arthrose dorsolombaire- Fracture vert\u00e9brale stable (ost\u00e9oporotique)- Immobilisation post-op\u00e9ratoire- Ost\u00e9ochondrose \/ maladie de Scheuermann &#8211; Spondylolisth\u00e9sis.<\/p>","protected":false},"featured_media":524,"comment_status":"open","ping_status":"closed","template":"","meta":{"_joinchat":[]},"product_brand":[],"product_cat":[96],"product_tag":[],"class_list":{"0":"post-476","1":"product","2":"type-product","3":"status-publish","4":"has-post-thumbnail","6":"product_cat-dos","8":"first","9":"instock","10":"sale","11":"shipping-taxable","12":"purchasable","13":"product-type-simple"},"_links":{"self":[{"href":"http:\/\/hcc-and-co.com\/en\/wp-json\/wp\/v2\/product\/476","targetHints":{"allow":["GET"]}}],"collection":[{"href":"http:\/\/hcc-and-co.com\/en\/wp-json\/wp\/v2\/product"}],"about":[{"href":"http:\/\/hcc-and-co.com\/en\/wp-json\/wp\/v2\/types\/product"}],"replies":[{"embeddable":true,"href":"http:\/\/hcc-and-co.com\/en\/wp-json\/wp\/v2\/comments?post=476"}],"wp:featuredmedia":[{"embeddable":true,"href":"http:\/\/hcc-and-co.com\/en\/wp-json\/wp\/v2\/media\/524"}],"wp:attachment":[{"href":"http:\/\/hcc-and-co.com\/en\/wp-json\/wp\/v2\/media?parent=476"}],"wp:term":[{"taxonomy":"product_brand","embeddable":true,"href":"http:\/\/hcc-and-co.com\/en\/wp-json\/wp\/v2\/product_brand?post=476"},{"taxonomy":"product_cat","embeddable":true,"href":"http:\/\/hcc-and-co.com\/en\/wp-json\/wp\/v2\/product_cat?post=476"},{"taxonomy":"product_tag","embeddable":true,"href":"http:\/\/hcc-and-co.com\/en\/wp-json\/wp\/v2\/product_tag?post=476"}],"curies":[{"name":"wp","href":"https:\/\/api.w.org\/{rel}","templated":true}]}}