{"id":541,"date":"2024-07-04T15:04:17","date_gmt":"2024-07-04T13:04:17","guid":{"rendered":"https:\/\/agangece-advert.sprint-service.be\/?post_type=product&#038;p=541"},"modified":"2025-07-25T12:52:31","modified_gmt":"2025-07-25T10:52:31","slug":"gel-creme-matifiante","status":"publish","type":"product","link":"http:\/\/hcc-and-co.com\/en\/product\/gel-creme-matifiante\/","title":{"rendered":"Gel- Creme Matifiante"},"content":{"rendered":"<p>Hautement r\u00e9g\u00e9n\u00e9rante, la cr\u00e8me purifiante associe agents hydratants et r\u00e9parateurs d\u2019origine marine pour r\u00e9guler la s\u00e9cr\u00e9tion de s\u00e9bum et son absorption, pour laisser une peau douce liss\u00e9e, purifi\u00e9e et fra\u00eeche. Id\u00e9al pour les peaux grasses \u00e0 mixtes.<\/p>","protected":false},"excerpt":{"rendered":"<p>Volume: 50ml<\/p>","protected":false},"featured_media":1291,"comment_status":"open","ping_status":"closed","template":"","meta":{"_joinchat":[]},"product_brand":[],"product_cat":[84,101],"product_tag":[],"class_list":{"0":"post-541","1":"product","2":"type-product","3":"status-publish","4":"has-post-thumbnail","6":"product_cat-game-hcc","7":"product_cat-soins-hydratants","9":"first","10":"instock","11":"sale","12":"shipping-taxable","13":"purchasable","14":"product-type-simple"},"_links":{"self":[{"href":"http:\/\/hcc-and-co.com\/en\/wp-json\/wp\/v2\/product\/541","targetHints":{"allow":["GET"]}}],"collection":[{"href":"http:\/\/hcc-and-co.com\/en\/wp-json\/wp\/v2\/product"}],"about":[{"href":"http:\/\/hcc-and-co.com\/en\/wp-json\/wp\/v2\/types\/product"}],"replies":[{"embeddable":true,"href":"http:\/\/hcc-and-co.com\/en\/wp-json\/wp\/v2\/comments?post=541"}],"wp:featuredmedia":[{"embeddable":true,"href":"http:\/\/hcc-and-co.com\/en\/wp-json\/wp\/v2\/media\/1291"}],"wp:attachment":[{"href":"http:\/\/hcc-and-co.com\/en\/wp-json\/wp\/v2\/media?parent=541"}],"wp:term":[{"taxonomy":"product_brand","embeddable":true,"href":"http:\/\/hcc-and-co.com\/en\/wp-json\/wp\/v2\/product_brand?post=541"},{"taxonomy":"product_cat","embeddable":true,"href":"http:\/\/hcc-and-co.com\/en\/wp-json\/wp\/v2\/product_cat?post=541"},{"taxonomy":"product_tag","embeddable":true,"href":"http:\/\/hcc-and-co.com\/en\/wp-json\/wp\/v2\/product_tag?post=541"}],"curies":[{"name":"wp","href":"https:\/\/api.w.org\/{rel}","templated":true}]}}