{"id":548,"date":"2024-07-04T15:04:17","date_gmt":"2024-07-04T13:04:17","guid":{"rendered":"https:\/\/agangece-advert.sprint-service.be\/?post_type=product&#038;p=548"},"modified":"2024-07-04T15:04:53","modified_gmt":"2024-07-04T13:04:53","slug":"the-ordinary-solution-a-la-cafeine-5-egcg-fl-30ml","status":"publish","type":"product","link":"http:\/\/hcc-and-co.com\/en\/product\/the-ordinary-solution-a-la-cafeine-5-egcg-fl-30ml\/","title":{"rendered":"THE ORDINARY SOLUTION A LA CAFEINE 5% + EGCG Fl\/30ml"},"content":{"rendered":"<p>Appliquer une petite quantite\u0301 sur le contour des yeux matin et soir, et masser.<\/p>\n<p>En cas d&rsquo;irritation, cesser l&rsquo;utilisation et consulter un me\u0301decin.<br \/>\nUtiliser uniquement conforme\u0301ment au mode d&#8217;emploi sur une peau intacte.<\/p>\n<p>Il est conseille\u0301 d&rsquo;effectuer un test cutane\u0301 avant l&rsquo;utilisation. Pour un guide de\u0301taille\u0301 sur la proce\u0301dure a\u0300 suivre pour effectuer un test cutane\u0301, consulter le site Internet de DECIEM. Garder hors de porte\u0301e des enfants.<\/p>","protected":false},"excerpt":{"rendered":"<p>Ce s\u00e9rum vegan l\u00e9ger contient une tr\u00e8s forte concentration de 5% de caf\u00e9ine ainsi qu&rsquo;une forme purifi\u00e9e de Glucoside de Gallate Ce s\u00e9rum vegan l\u00e9ger contient une tr\u00e8s forte concentration de 5% de caf\u00e9ine ainsi qu&rsquo;une forme purifi\u00e9e de Glucoside de Gallate d&rsquo;\u00c9pigallocat\u00e9chine (EGCG) issue des feuilles de th\u00e9 vert.<\/p>\n<p>Des recherches ind\u00e9pendantes ont montr\u00e9 que l&rsquo;utilisation topique de caf\u00e9ine et de EGCG aide \u00e0 diminuer les poches et les cernes de la zone du contour de l&rsquo;oeil.<br \/>\n(EGCG) issue des feuilles de th\u00e9 vert.<\/p>\n<p>Des recherches ind\u00e9pendantes ont montr\u00e9 que l&rsquo;utilisation topique de caf\u00e9ine et de EGCG aide \u00e0 diminuer les poches et les cernes de la zone du contour de l&rsquo;oeil.<\/p>","protected":false},"featured_media":0,"comment_status":"open","ping_status":"closed","template":"","meta":{"_joinchat":[]},"product_brand":[],"product_cat":[106],"product_tag":[],"class_list":{"0":"post-548","1":"product","2":"type-product","3":"status-publish","5":"product_cat-ordinary","7":"first","8":"instock","9":"sale","10":"shipping-taxable","11":"purchasable","12":"product-type-simple"},"_links":{"self":[{"href":"http:\/\/hcc-and-co.com\/en\/wp-json\/wp\/v2\/product\/548","targetHints":{"allow":["GET"]}}],"collection":[{"href":"http:\/\/hcc-and-co.com\/en\/wp-json\/wp\/v2\/product"}],"about":[{"href":"http:\/\/hcc-and-co.com\/en\/wp-json\/wp\/v2\/types\/product"}],"replies":[{"embeddable":true,"href":"http:\/\/hcc-and-co.com\/en\/wp-json\/wp\/v2\/comments?post=548"}],"wp:attachment":[{"href":"http:\/\/hcc-and-co.com\/en\/wp-json\/wp\/v2\/media?parent=548"}],"wp:term":[{"taxonomy":"product_brand","embeddable":true,"href":"http:\/\/hcc-and-co.com\/en\/wp-json\/wp\/v2\/product_brand?post=548"},{"taxonomy":"product_cat","embeddable":true,"href":"http:\/\/hcc-and-co.com\/en\/wp-json\/wp\/v2\/product_cat?post=548"},{"taxonomy":"product_tag","embeddable":true,"href":"http:\/\/hcc-and-co.com\/en\/wp-json\/wp\/v2\/product_tag?post=548"}],"curies":[{"name":"wp","href":"https:\/\/api.w.org\/{rel}","templated":true}]}}