{"id":551,"date":"2024-07-04T15:04:17","date_gmt":"2024-07-04T13:04:17","guid":{"rendered":"https:\/\/agangece-advert.sprint-service.be\/?post_type=product&#038;p=551"},"modified":"2024-07-04T15:05:04","modified_gmt":"2024-07-04T13:05:04","slug":"the-ordinary-suspens-vitam-c-23-sphr-ha2-t-30ml","status":"publish","type":"product","link":"http:\/\/hcc-and-co.com\/en\/product\/the-ordinary-suspens-vitam-c-23-sphr-ha2-t-30ml\/","title":{"rendered":"THE ORDINARY SUSPENS VITAM C 23% + SPHR HA2% T\/30ml"},"content":{"rendered":"<p>Description du produit: La suspension de vitamine C The Ordinary est un produit de soin de la peau de haute qualit\u00e9 con\u00e7u pour am\u00e9liorer l&rsquo;apparence de l&rsquo;\u00e9clat, de la texture et de la tonalit\u00e9 de la peau. Avec une concentration de 23% de vitamine C pure, ce produit cible les signes de l&rsquo;\u00e2ge, les taches brunes et les d\u00e9fauts de la peau pour un \u00e9claircissement visible en un rien de temps.<\/p>\n<p>Les sph\u00e8res d&rsquo;acide hyaluronique 2% ajoutent une hydratation suppl\u00e9mentaire pour une peau plus douce, plus lisse et plus jeune. Ce produit peut \u00eatre utilis\u00e9 seul ou en combinaison avec d&rsquo;autres produits pour un r\u00e9sultat optimal.<\/p>\n<p>Avantages:<\/p>\n<p>\u00c9claircissement visible de la peau<br \/>\nCible les taches brunes et les d\u00e9fauts de la peau<br \/>\nAm\u00e9liore l&rsquo;apparence de l&rsquo;\u00e9clat, de la texture et de la tonalit\u00e9 de la peau<br \/>\nHydrate et adoucit la peau<br \/>\nPeut \u00eatre utilis\u00e9 seul ou en combinaison avec d&rsquo;autres produits<br \/>\nIngr\u00e9dients cl\u00e9s: Vitamine C pure 23%, Sph\u00e8res d&rsquo;acide hyaluronique 2%<\/p>\n<p>Utilisation: Appliquez une petite quantit\u00e9 sur le visage le soir apr\u00e8s avoir nettoy\u00e9 la peau. \u00c9vitez le contact avec les yeux. Si vous ressentez une irritation, arr\u00eatez l&rsquo;utilisation.<\/p>","protected":false},"excerpt":{"rendered":"<p>Description du produit: La suspension de vitamine C The Ordinary est un produit de soin de la peau de haute qualit\u00e9 con\u00e7u pour am\u00e9liorer l&rsquo;apparence de l&rsquo;\u00e9clat, de la texture et de la tonalit\u00e9 de la peau. Avec une concentration de 23% de vitamine C pure, ce produit cible les signes de l&rsquo;\u00e2ge, les taches brunes et les d\u00e9fauts de la peau pour un \u00e9claircissement visible en un rien de temps.<\/p>","protected":false},"featured_media":573,"comment_status":"open","ping_status":"closed","template":"","meta":{"_joinchat":[]},"product_brand":[],"product_cat":[106],"product_tag":[],"class_list":{"0":"post-551","1":"product","2":"type-product","3":"status-publish","4":"has-post-thumbnail","6":"product_cat-ordinary","8":"first","9":"instock","10":"sale","11":"shipping-taxable","12":"purchasable","13":"product-type-simple"},"_links":{"self":[{"href":"http:\/\/hcc-and-co.com\/en\/wp-json\/wp\/v2\/product\/551","targetHints":{"allow":["GET"]}}],"collection":[{"href":"http:\/\/hcc-and-co.com\/en\/wp-json\/wp\/v2\/product"}],"about":[{"href":"http:\/\/hcc-and-co.com\/en\/wp-json\/wp\/v2\/types\/product"}],"replies":[{"embeddable":true,"href":"http:\/\/hcc-and-co.com\/en\/wp-json\/wp\/v2\/comments?post=551"}],"wp:featuredmedia":[{"embeddable":true,"href":"http:\/\/hcc-and-co.com\/en\/wp-json\/wp\/v2\/media\/573"}],"wp:attachment":[{"href":"http:\/\/hcc-and-co.com\/en\/wp-json\/wp\/v2\/media?parent=551"}],"wp:term":[{"taxonomy":"product_brand","embeddable":true,"href":"http:\/\/hcc-and-co.com\/en\/wp-json\/wp\/v2\/product_brand?post=551"},{"taxonomy":"product_cat","embeddable":true,"href":"http:\/\/hcc-and-co.com\/en\/wp-json\/wp\/v2\/product_cat?post=551"},{"taxonomy":"product_tag","embeddable":true,"href":"http:\/\/hcc-and-co.com\/en\/wp-json\/wp\/v2\/product_tag?post=551"}],"curies":[{"name":"wp","href":"https:\/\/api.w.org\/{rel}","templated":true}]}}