{"id":826,"date":"2024-08-29T03:49:22","date_gmt":"2024-08-29T01:49:22","guid":{"rendered":"https:\/\/agangece-advert.sprint-service.be\/?post_type=product&#038;p=826"},"modified":"2024-08-29T03:49:22","modified_gmt":"2024-08-29T01:49:22","slug":"spray-intime-delay","status":"publish","type":"product","link":"http:\/\/hcc-and-co.com\/en\/product\/spray-intime-delay\/","title":{"rendered":"Spray intime Delay"},"content":{"rendered":"<p>Ce spray intime pour hommes est bas\u00e9 sur des ingr\u00e9dients naturels actifs :<\/p>\n<ul>\n<li><strong>la glyc\u00e9rine<\/strong>, \u00e9galement connue sous le nom de\u00a0<strong>glyc\u00e9rol<\/strong>, est un compos\u00e9 polyvalent aux multiples usages et constitue, avec l&rsquo;eau, l&rsquo;ingr\u00e9dient le plus couramment utilis\u00e9 dans les cosm\u00e9tiques et les produits de soins personnels,<\/li>\n<li>extrait de\u00a0<strong>millepertuis\u00a0<\/strong>(<em>Hypericum perforatum<\/em>) &#8211; une herbe vivace aux fleurs jaunes qui fait partie du folklore depuis des temps imm\u00e9moriaux, utilis\u00e9e pour pr\u00e9parer des tisanes et des teintures, et \u00e9galement connue sous le nom d&rsquo;huile de millepertuis,<\/li>\n<li><strong>l&rsquo;extrait d&rsquo;avoine<\/strong>\u00a0(<em>Avena sativa<\/em>) &#8211; une c\u00e9r\u00e9ale riche en fibres, souvent utilis\u00e9e comme ingr\u00e9dient dans les cosm\u00e9tiques sous forme d&rsquo;huile ou de teinture, en plus de l&rsquo;alimentation,<\/li>\n<li><strong>le lactate de menthyle<\/strong>, fabriqu\u00e9 \u00e0 partir de feuilles de\u00a0<strong>menthe<\/strong>.<\/li>\n<\/ul>","protected":false},"excerpt":{"rendered":"<h2>pour tous les hommes qui veulent prolonger leur plaisir entre les draps.<\/h2>","protected":false},"featured_media":829,"comment_status":"open","ping_status":"closed","template":"","meta":{"_joinchat":[]},"product_brand":[],"product_cat":[107],"product_tag":[],"class_list":{"0":"post-826","1":"product","2":"type-product","3":"status-publish","4":"has-post-thumbnail","6":"product_cat-sexualite","8":"first","9":"instock","10":"sale","11":"shipping-taxable","12":"purchasable","13":"product-type-simple"},"_links":{"self":[{"href":"http:\/\/hcc-and-co.com\/en\/wp-json\/wp\/v2\/product\/826","targetHints":{"allow":["GET"]}}],"collection":[{"href":"http:\/\/hcc-and-co.com\/en\/wp-json\/wp\/v2\/product"}],"about":[{"href":"http:\/\/hcc-and-co.com\/en\/wp-json\/wp\/v2\/types\/product"}],"replies":[{"embeddable":true,"href":"http:\/\/hcc-and-co.com\/en\/wp-json\/wp\/v2\/comments?post=826"}],"wp:featuredmedia":[{"embeddable":true,"href":"http:\/\/hcc-and-co.com\/en\/wp-json\/wp\/v2\/media\/829"}],"wp:attachment":[{"href":"http:\/\/hcc-and-co.com\/en\/wp-json\/wp\/v2\/media?parent=826"}],"wp:term":[{"taxonomy":"product_brand","embeddable":true,"href":"http:\/\/hcc-and-co.com\/en\/wp-json\/wp\/v2\/product_brand?post=826"},{"taxonomy":"product_cat","embeddable":true,"href":"http:\/\/hcc-and-co.com\/en\/wp-json\/wp\/v2\/product_cat?post=826"},{"taxonomy":"product_tag","embeddable":true,"href":"http:\/\/hcc-and-co.com\/en\/wp-json\/wp\/v2\/product_tag?post=826"}],"curies":[{"name":"wp","href":"https:\/\/api.w.org\/{rel}","templated":true}]}}