{"id":830,"date":"2024-08-29T03:57:01","date_gmt":"2024-08-29T01:57:01","guid":{"rendered":"https:\/\/agangece-advert.sprint-service.be\/?post_type=product&#038;p=830"},"modified":"2025-07-25T13:00:18","modified_gmt":"2025-07-25T11:00:18","slug":"eroson","status":"publish","type":"product","link":"http:\/\/hcc-and-co.com\/en\/product\/eroson\/","title":{"rendered":"Eroxon"},"content":{"rendered":"<p>En tant qu&rsquo;expert en sant\u00e9 \u00e9rectile, Eroxon lance une solution r\u00e9volutionnaire dans la prise en charge des troubles \u00e9rectiles. Il aide \u00e0 avoir une \u00e9rection en 10min<sup>(1),(2)<\/sup>, est cliniquement prouv\u00e9<sup>(1),(2)<\/sup>\u00a0et est disponible sans prescription<sup>(4)<\/sup>. Rapide<sup>(1),(2)<\/sup>, discret, et sans propri\u00e9t\u00e9 m\u00e9dicamenteuse, Eroxon\u00ae Stimgel* est un traitement facile d&rsquo;acc\u00e8s qui permet aux hommes de reprendre le contr\u00f4le de leurs \u00e9rections.<\/p>\n<p>Chez Eroxon\u00ae, nous pensons que la sant\u00e9 \u00e9rectile est un sujet important. Beaucoup d&rsquo;hommes font face \u00e0 des probl\u00e8mes d&rsquo;\u00e9rection \u00e0 un moment dans leur vie, que ce soit de mani\u00e8re occasionnelle ou r\u00e9currente. Eroxon\u00ae Stimgel* a \u00e9t\u00e9 cr\u00e9\u00e9 pour permettre aux hommes d&rsquo;agir contre ce probl\u00e8me afin de retrouver confiance et estime de soi pour am\u00e9liorer leur bien-\u00eatre sexuel mais aussi leur qualit\u00e9 de vie.<\/p>","protected":false},"excerpt":{"rendered":"<p>Eroxon\u00ae est un traitement cliniquement prouv\u00e9 contre les troubles de l&rsquo;\u00e9rection pour les hommes (\u00e2g\u00e9s de 18 ans et plus). Aide \u00e0 avoir une \u00e9rection en 10 minutes<sup>(1),(2)<\/sup>.<\/p>","protected":false},"featured_media":828,"comment_status":"open","ping_status":"closed","template":"","meta":{"_joinchat":[]},"product_brand":[],"product_cat":[107],"product_tag":[],"class_list":{"0":"post-830","1":"product","2":"type-product","3":"status-publish","4":"has-post-thumbnail","6":"product_cat-sexualite","8":"first","9":"instock","10":"sale","11":"shipping-taxable","12":"purchasable","13":"product-type-simple"},"_links":{"self":[{"href":"http:\/\/hcc-and-co.com\/en\/wp-json\/wp\/v2\/product\/830","targetHints":{"allow":["GET"]}}],"collection":[{"href":"http:\/\/hcc-and-co.com\/en\/wp-json\/wp\/v2\/product"}],"about":[{"href":"http:\/\/hcc-and-co.com\/en\/wp-json\/wp\/v2\/types\/product"}],"replies":[{"embeddable":true,"href":"http:\/\/hcc-and-co.com\/en\/wp-json\/wp\/v2\/comments?post=830"}],"wp:featuredmedia":[{"embeddable":true,"href":"http:\/\/hcc-and-co.com\/en\/wp-json\/wp\/v2\/media\/828"}],"wp:attachment":[{"href":"http:\/\/hcc-and-co.com\/en\/wp-json\/wp\/v2\/media?parent=830"}],"wp:term":[{"taxonomy":"product_brand","embeddable":true,"href":"http:\/\/hcc-and-co.com\/en\/wp-json\/wp\/v2\/product_brand?post=830"},{"taxonomy":"product_cat","embeddable":true,"href":"http:\/\/hcc-and-co.com\/en\/wp-json\/wp\/v2\/product_cat?post=830"},{"taxonomy":"product_tag","embeddable":true,"href":"http:\/\/hcc-and-co.com\/en\/wp-json\/wp\/v2\/product_tag?post=830"}],"curies":[{"name":"wp","href":"https:\/\/api.w.org\/{rel}","templated":true}]}}