{"id":831,"date":"2024-08-29T04:04:28","date_gmt":"2024-08-29T02:04:28","guid":{"rendered":"https:\/\/agangece-advert.sprint-service.be\/?post_type=product&#038;p=831"},"modified":"2024-08-29T04:22:30","modified_gmt":"2024-08-29T02:22:30","slug":"herbesan-maca-1500-mg","status":"publish","type":"product","link":"http:\/\/hcc-and-co.com\/en\/product\/herbesan-maca-1500-mg\/","title":{"rendered":"Herbesan Maca 1500 mg"},"content":{"rendered":"<p><strong>Herbesan Maca\u00a01500 mg<\/strong>\u00a0est un\u00a0<strong>compl\u00e9ment alimentaire<\/strong>\u00a0\u00e0 base de maca, issu de la recherche Herbesan.<br \/>\nHerbesan\u00a0est le sp\u00e9cialiste des compl\u00e9ments alimentaires depuis 40 ans.<\/p>\n<p>La\u00a0<strong>Maca\u00a0<\/strong>\u00e9galement connue sous le nom de \u00ab Ginseng P\u00e9ruvien \u00bb, des utilis\u00e9 depuis des mill\u00e9naires par les Incas.<br \/>\nElle est cultiv\u00e9e sur les hauts plateaux des Andes aux alentours des neiges \u00e9ternelles.<br \/>\nLes Incas l&rsquo;utilisaient entre autres, afin d&rsquo;accro\u00eetre leur force lors des batailles.<br \/>\nElle connait son essor depuis la fin du XVIII\u00e8 si\u00e8cle lorsque les Espagnols d\u00e9couvrent les vertus de cette racine et d\u00e9cident de d\u00e9velopper sa culture.<\/p>\n<p>Le plus de la formule ?<br \/>\nLa Maca contribue au tonus sexuel : aux performances physiques et au d\u00e9sir sexuel.<br \/>\nLa Maca contribue \u00e0 la fertilit\u00e9.<br \/>\nR\u00e9serv\u00e9 aux adultes.<\/p>\n<p><strong>Conditionnement :<\/strong>\u00a0bo\u00eete de 90 comprim\u00e9s.<\/p>","protected":false},"excerpt":{"rendered":"<p>Maca &#8211; Tonus sexuel<\/p>\n<div id=\"variants-info\">\n<div data-contenance_comprimes=\"90_comprimes\" data-orderable-quantity=\"12\" data-incart=\"0\" data-price=\"23,59\u00a0\u20ac\" data-promotion-price=\"\" data-promotion-codes=\"\" data-reference=\"3428883642501\" data-stock=\"instock\" data-unit=\"kg\" data-unit-quantity=\"0.029\" data-lpp=\"\" data-custom-code=\"0012340002\"><\/div>\n<\/div>\n<div class=\"attributes\">\n<ul class=\"ul-attributes\">\n<li class=\"item\"><span class=\"attribute-name\">Forme :<\/span>\u00a0<span class=\"attribute-value\">Comprim\u00e9s<\/span><\/li>\n<li class=\"item\"><span class=\"attribute-name\">Sexe :<\/span>\u00a0<span class=\"attribute-value\">Homme<\/span><\/li>\n<\/ul>\n<\/div>","protected":false},"featured_media":819,"comment_status":"open","ping_status":"closed","template":"","meta":{"_joinchat":[]},"product_brand":[],"product_cat":[107],"product_tag":[],"class_list":{"0":"post-831","1":"product","2":"type-product","3":"status-publish","4":"has-post-thumbnail","6":"product_cat-sexualite","8":"first","9":"instock","10":"sale","11":"shipping-taxable","12":"purchasable","13":"product-type-simple"},"_links":{"self":[{"href":"http:\/\/hcc-and-co.com\/en\/wp-json\/wp\/v2\/product\/831","targetHints":{"allow":["GET"]}}],"collection":[{"href":"http:\/\/hcc-and-co.com\/en\/wp-json\/wp\/v2\/product"}],"about":[{"href":"http:\/\/hcc-and-co.com\/en\/wp-json\/wp\/v2\/types\/product"}],"replies":[{"embeddable":true,"href":"http:\/\/hcc-and-co.com\/en\/wp-json\/wp\/v2\/comments?post=831"}],"wp:featuredmedia":[{"embeddable":true,"href":"http:\/\/hcc-and-co.com\/en\/wp-json\/wp\/v2\/media\/819"}],"wp:attachment":[{"href":"http:\/\/hcc-and-co.com\/en\/wp-json\/wp\/v2\/media?parent=831"}],"wp:term":[{"taxonomy":"product_brand","embeddable":true,"href":"http:\/\/hcc-and-co.com\/en\/wp-json\/wp\/v2\/product_brand?post=831"},{"taxonomy":"product_cat","embeddable":true,"href":"http:\/\/hcc-and-co.com\/en\/wp-json\/wp\/v2\/product_cat?post=831"},{"taxonomy":"product_tag","embeddable":true,"href":"http:\/\/hcc-and-co.com\/en\/wp-json\/wp\/v2\/product_tag?post=831"}],"curies":[{"name":"wp","href":"https:\/\/api.w.org\/{rel}","templated":true}]}}