{"id":832,"date":"2024-08-29T04:12:38","date_gmt":"2024-08-29T02:12:38","guid":{"rendered":"https:\/\/agangece-advert.sprint-service.be\/?post_type=product&#038;p=832"},"modified":"2025-07-25T12:59:20","modified_gmt":"2025-07-25T10:59:20","slug":"viaman-male-formula","status":"publish","type":"product","link":"http:\/\/hcc-and-co.com\/en\/product\/viaman-male-formula\/","title":{"rendered":"Viaman male formula"},"content":{"rendered":"<p>La formule pour hommes ne contient que des ingr\u00e9dients exceptionnels, s\u00e9lectionn\u00e9s en fonction des besoins des hommes :<\/p>\n<ul>\n<li>extrait de graines\u00a0<strong>de foin grec<\/strong>\u00a0(<em>Trigonella Foenum-Graecum<\/em>), ou\u00a0<strong>fenugrec\u00a0<\/strong>&#8211; une plante utilis\u00e9e comme \u00e9pice et agent th\u00e9rapeutique depuis l&rsquo;Antiquit\u00e9,<\/li>\n<li>l&rsquo;extrait de<strong>\u00a0racine de macis\u00a0<\/strong>(<em>Lepidium Meyenii<\/em>), une plante rustique qui pousse dans les conditions extr\u00eames des montagnes andines,<\/li>\n<li><strong>l-arginine\u00a0<\/strong>&#8211; une forme biologiquement active de l&rsquo;acide amin\u00e9 arginine, qui est un acide amin\u00e9 conditionnellement essentiel,<\/li>\n<li><strong>zinc<\/strong>\u00a0(sous forme de citrate de zinc) &#8211; min\u00e9ral et antioxydant,<\/li>\n<li><strong>ac\u00e9tyl L-carnitine (ALC)\u00a0<\/strong>&#8211; forme ac\u00e9tyl\u00e9e biologiquement active de la L-carnitine, qui a une valeur biologique \u00e9lev\u00e9e,<\/li>\n<li><strong>l-citrulline malate<\/strong>\u00a0&#8211; acide amin\u00e9 non essentiel, pr\u00e9curseur de l&rsquo;acide amin\u00e9 arginine et produit en tr\u00e8s petites quantit\u00e9s par notre organisme.<\/li>\n<\/ul>\n<p>&nbsp;<\/p>\n<h2>Le zinc contribue \u00e0 maintenir des niveaux normaux de testost\u00e9rone dans le sang.<\/h2>\n<p>&nbsp;<\/p>\n<p>Outre ses propri\u00e9t\u00e9s\u00a0<strong>antioxydantes<\/strong>, ce min\u00e9ral remplit d&rsquo;autres fonctions dans notre organisme, contribuant \u00e0\/jouant un r\u00f4le dans :<\/p>\n<ul>\n<li><strong>maintenir un taux normal de testost\u00e9rone<\/strong>\u00a0dans le sang,<\/li>\n<li><strong>la fertilit\u00e9 et la reproduction,<\/strong><\/li>\n<li>fonctionnement\u00a0<strong>du syst\u00e8me immunitaire,<\/strong><\/li>\n<li>m\u00e9tabolisme des glucides, des acides et des bases, des macronutriments, des acides gras et de la vitamine A,<\/li>\n<li>maintenir\u00a0<strong>des cheveux, des os, une peau\u00a0<\/strong>et des ongles sains,<\/li>\n<li>fonctions cognitives.<\/li>\n<\/ul>\n<p>&nbsp;<\/p>\n<h2>Extrait de fenugrec et de racine de maca \u2013 pour soutenir la sexualit\u00e9 et la fertilit\u00e9.<\/h2>\n<p>&nbsp;<\/p>\n<p><strong>Le foin grec<\/strong>\u00a0(<em>Trigonella Foenum-Graecum<\/em>) ou\u00a0<strong>triplat\u00a0<\/strong>est un ingr\u00e9dient populaire dans les produits destin\u00e9s aux hommes, car il est connu pour ses effets b\u00e9n\u00e9fiques sur la sexualit\u00e9 &#8211; il contribue\u00a0<strong>\u00e0 l&rsquo;app\u00e9tit sexuel.<\/strong><\/p>\n<p>Triplat est compl\u00e9t\u00e9 par un extrait\u00a0<strong>de racine de maca<\/strong>\u00a0(<em>Lepidium Meyenii<\/em>), qui est utilis\u00e9 dans les produits pour soutenir la sexualit\u00e9 et la fertilit\u00e9, car en quantit\u00e9 appropri\u00e9e, il augmente la quantit\u00e9 et la mobilit\u00e9 des spermatozo\u00efdes, aide \u00e0 maintenir le fonctionnement du syst\u00e8me reproducteur masculin et soutient l&rsquo;activit\u00e9 sexuelle\u00a0<strong>masculine\u00a0<\/strong>et f\u00e9minines\u00a0<strong>fonctions sexuelles.<\/strong><\/p>","protected":false},"excerpt":{"rendered":"<h2>La formule pour hommes &#8211; une combinaison d&rsquo;ingr\u00e9dients soigneusement s\u00e9lectionn\u00e9s pour une performance optimale !<\/h2>","protected":false},"featured_media":818,"comment_status":"open","ping_status":"closed","template":"","meta":{"_joinchat":[]},"product_brand":[],"product_cat":[107],"product_tag":[],"class_list":{"0":"post-832","1":"product","2":"type-product","3":"status-publish","4":"has-post-thumbnail","6":"product_cat-sexualite","8":"first","9":"instock","10":"sale","11":"shipping-taxable","12":"purchasable","13":"product-type-simple"},"_links":{"self":[{"href":"http:\/\/hcc-and-co.com\/en\/wp-json\/wp\/v2\/product\/832","targetHints":{"allow":["GET"]}}],"collection":[{"href":"http:\/\/hcc-and-co.com\/en\/wp-json\/wp\/v2\/product"}],"about":[{"href":"http:\/\/hcc-and-co.com\/en\/wp-json\/wp\/v2\/types\/product"}],"replies":[{"embeddable":true,"href":"http:\/\/hcc-and-co.com\/en\/wp-json\/wp\/v2\/comments?post=832"}],"wp:featuredmedia":[{"embeddable":true,"href":"http:\/\/hcc-and-co.com\/en\/wp-json\/wp\/v2\/media\/818"}],"wp:attachment":[{"href":"http:\/\/hcc-and-co.com\/en\/wp-json\/wp\/v2\/media?parent=832"}],"wp:term":[{"taxonomy":"product_brand","embeddable":true,"href":"http:\/\/hcc-and-co.com\/en\/wp-json\/wp\/v2\/product_brand?post=832"},{"taxonomy":"product_cat","embeddable":true,"href":"http:\/\/hcc-and-co.com\/en\/wp-json\/wp\/v2\/product_cat?post=832"},{"taxonomy":"product_tag","embeddable":true,"href":"http:\/\/hcc-and-co.com\/en\/wp-json\/wp\/v2\/product_tag?post=832"}],"curies":[{"name":"wp","href":"https:\/\/api.w.org\/{rel}","templated":true}]}}