{"id":834,"date":"2024-08-29T04:30:58","date_gmt":"2024-08-29T02:30:58","guid":{"rendered":"https:\/\/agangece-advert.sprint-service.be\/?post_type=product&#038;p=834"},"modified":"2024-08-29T04:30:58","modified_gmt":"2024-08-29T02:30:58","slug":"viril-top","status":"publish","type":"product","link":"http:\/\/hcc-and-co.com\/en\/product\/viril-top\/","title":{"rendered":"Viril TOP"},"content":{"rendered":"<ul>\n<li>Objectif n\u00b01 : Performance et fermet\u00e9.<\/li>\n<li>Ingr\u00e9dients choisis pour leurs bienfaits sur la vitalit\u00e9 masculine.<\/li>\n<li>Aide \u00e0 maintenir le tonus musculaire<\/li>\n<li>Contribue \u00e0 un m\u00e9tabolisme \u00e9nerg\u00e9tique normal.<\/li>\n<\/ul>","protected":false},"excerpt":{"rendered":"<h1 class=\"product-info__title h2\">stimulateur de Vitalit\u00e9 Masculine &#8211; 60 g\u00e9lules<\/h1>","protected":false},"featured_media":817,"comment_status":"open","ping_status":"closed","template":"","meta":{"_joinchat":[]},"product_brand":[],"product_cat":[107],"product_tag":[],"class_list":{"0":"post-834","1":"product","2":"type-product","3":"status-publish","4":"has-post-thumbnail","6":"product_cat-sexualite","8":"first","9":"instock","10":"sale","11":"shipping-taxable","12":"purchasable","13":"product-type-simple"},"_links":{"self":[{"href":"http:\/\/hcc-and-co.com\/en\/wp-json\/wp\/v2\/product\/834","targetHints":{"allow":["GET"]}}],"collection":[{"href":"http:\/\/hcc-and-co.com\/en\/wp-json\/wp\/v2\/product"}],"about":[{"href":"http:\/\/hcc-and-co.com\/en\/wp-json\/wp\/v2\/types\/product"}],"replies":[{"embeddable":true,"href":"http:\/\/hcc-and-co.com\/en\/wp-json\/wp\/v2\/comments?post=834"}],"wp:featuredmedia":[{"embeddable":true,"href":"http:\/\/hcc-and-co.com\/en\/wp-json\/wp\/v2\/media\/817"}],"wp:attachment":[{"href":"http:\/\/hcc-and-co.com\/en\/wp-json\/wp\/v2\/media?parent=834"}],"wp:term":[{"taxonomy":"product_brand","embeddable":true,"href":"http:\/\/hcc-and-co.com\/en\/wp-json\/wp\/v2\/product_brand?post=834"},{"taxonomy":"product_cat","embeddable":true,"href":"http:\/\/hcc-and-co.com\/en\/wp-json\/wp\/v2\/product_cat?post=834"},{"taxonomy":"product_tag","embeddable":true,"href":"http:\/\/hcc-and-co.com\/en\/wp-json\/wp\/v2\/product_tag?post=834"}],"curies":[{"name":"wp","href":"https:\/\/api.w.org\/{rel}","templated":true}]}}