{"id":837,"date":"2024-08-31T16:39:28","date_gmt":"2024-08-31T14:39:28","guid":{"rendered":"https:\/\/agangece-advert.sprint-service.be\/?post_type=product&#038;p=837"},"modified":"2024-08-31T16:39:28","modified_gmt":"2024-08-31T14:39:28","slug":"manix-longboost","status":"publish","type":"product","link":"http:\/\/hcc-and-co.com\/en\/product\/manix-longboost\/","title":{"rendered":"Manix LongBoost"},"content":{"rendered":"<h2 class=\"product\">\u00ab\u00a0Stimulant sexuel 100% naturel\u00a0\u00bb<\/h2>\n<p>Manix LongBoost est un compl\u00e9ment alimentaire \u00e0 base de plantes pour renforcer le tonus de l&rsquo;organisme et la puissance sexuelle.<\/p>\n<p>Vous avez un coup de fatigue, du stress, un souci d&rsquo;endurance sexuelle? Le Manix LongBoost peut vous aider \u00e0 am\u00e9liorer votre puissance sexuelle<br \/>\nLes g\u00e9lules 100% naturelles contiennent :<\/p>\n<ul>\n<li>La poudre de Liv\u00e8che: pour renforcer le tonus de l&rsquo;organisme et la puissance sexuelle.<\/li>\n<li>Du Ginseng qui aide \u00e0 maintenir de bons rapports sexuels.<\/li>\n<li>Du Gingembre qui contribue au bien-\u00eatre physique<\/li>\n<li>La racine de Rhodiola qui aide l&rsquo;organisme \u00e0 s&rsquo;adapter au stress \u00e9motionnel et \u00e0 l&rsquo;effort physique.<\/li>\n<li>Du Zinc qui maintient un taux normal de testost\u00e9rone dans le sang.<\/li>\n<li>De la Vitamine B6 qui contribue \u00e0 r\u00e9duire la fatigue.<\/li>\n<li>De la Vitamine B1 qui contribue au fonctionnement normal du syst\u00e8me nerveux.<\/li>\n<\/ul>","protected":false},"excerpt":{"rendered":"<p>Manix LongBoost est un compl\u00e9ment alimentaire \u00e0 base de plantes pour renforcer le tonus de l&rsquo;organisme et la puissance sexuelle.<\/p>\n<p>Vous avez un coup de fatigue, du stress, un souci d&rsquo;endurance sexuelle? Le Manix LongBoost peut vous aider \u00e0 am\u00e9liorer votre puissance sexuelle<br \/>\nLes g\u00e9lules 100% naturelles<\/p>","protected":false},"featured_media":839,"comment_status":"open","ping_status":"closed","template":"","meta":{"_joinchat":[]},"product_brand":[],"product_cat":[107],"product_tag":[],"class_list":{"0":"post-837","1":"product","2":"type-product","3":"status-publish","4":"has-post-thumbnail","6":"product_cat-sexualite","8":"first","9":"instock","10":"sale","11":"shipping-taxable","12":"purchasable","13":"product-type-simple"},"_links":{"self":[{"href":"http:\/\/hcc-and-co.com\/en\/wp-json\/wp\/v2\/product\/837","targetHints":{"allow":["GET"]}}],"collection":[{"href":"http:\/\/hcc-and-co.com\/en\/wp-json\/wp\/v2\/product"}],"about":[{"href":"http:\/\/hcc-and-co.com\/en\/wp-json\/wp\/v2\/types\/product"}],"replies":[{"embeddable":true,"href":"http:\/\/hcc-and-co.com\/en\/wp-json\/wp\/v2\/comments?post=837"}],"wp:featuredmedia":[{"embeddable":true,"href":"http:\/\/hcc-and-co.com\/en\/wp-json\/wp\/v2\/media\/839"}],"wp:attachment":[{"href":"http:\/\/hcc-and-co.com\/en\/wp-json\/wp\/v2\/media?parent=837"}],"wp:term":[{"taxonomy":"product_brand","embeddable":true,"href":"http:\/\/hcc-and-co.com\/en\/wp-json\/wp\/v2\/product_brand?post=837"},{"taxonomy":"product_cat","embeddable":true,"href":"http:\/\/hcc-and-co.com\/en\/wp-json\/wp\/v2\/product_cat?post=837"},{"taxonomy":"product_tag","embeddable":true,"href":"http:\/\/hcc-and-co.com\/en\/wp-json\/wp\/v2\/product_tag?post=837"}],"curies":[{"name":"wp","href":"https:\/\/api.w.org\/{rel}","templated":true}]}}