{"id":898,"date":"2024-09-02T13:50:55","date_gmt":"2024-09-02T11:50:55","guid":{"rendered":"https:\/\/agangece-advert.sprint-service.be\/?post_type=product&#038;p=898"},"modified":"2024-09-02T13:50:55","modified_gmt":"2024-09-02T11:50:55","slug":"soin-hydratant","status":"publish","type":"product","link":"http:\/\/hcc-and-co.com\/en\/product\/soin-hydratant\/","title":{"rendered":"Soin Hydratant"},"content":{"rendered":"<p>\u2714\ufe0f\u00a0<strong>HYDRATATION DU VISAGE ET DU CORPS<\/strong>\u00a0: Le Soin hydratant est facile \u00e0 appliquer sur le visage et le corps. Rapidement absorb\u00e9, il laisse la peau hydrat\u00e9e et souple. Test\u00e9 sous contr\u00f4le dermatologique.<br \/>\n\u2714\ufe0f<strong>\u00a0D\u00c9LICATEMENT PARFUM\u00c9<\/strong>\u00a0: Son parfum fera de l\u2019application un vrai moment de d\u00e9tente et de contact chaleureux qui sera tout particuli\u00e8rement appr\u00e9ci\u00e9 par la personne dont vous prendrez soin.<br \/>\n\u2714\ufe0f\u00a0<strong>FABRICATION AVEC AMOUR EN FRANCE<\/strong>\u00a0: Tous nos produits sont d\u00e9velopp\u00e9s et fabriqu\u00e9s depuis 50 ans dans notre Laboratoire situ\u00e9 \u00e0 Thouars en France. Une production locale pour un soin responsable !<\/p>","protected":false},"excerpt":{"rendered":"<p>Le\u00a0<strong>Soin hydratant<\/strong>\u00a0hydrate intens\u00e9ment les peaux fragilis\u00e9es, sensibles et d\u00e9shydrat\u00e9es des personnes alit\u00e9es ou \u00e0 mobilit\u00e9 r\u00e9duite. Sa formulation sp\u00e9cifique permet de respecter le film hydrolipidique de la peau.<br \/>\nFacile \u00e0 appliquer, il peut s\u2019utiliser sur le visage et le corps.<\/p>\n<p><img decoding=\"async\" title=\"\" src=\"https:\/\/www.rivadouce.fr\/on\/demandware.static\/-\/Sites-rivadis-master\/default\/dwa3fa1439\/picto\/PICTO_epure_93rose.jpg\" alt=\"\" width=\"80\" \/><img decoding=\"async\" title=\"\" src=\"https:\/\/www.rivadouce.fr\/on\/demandware.static\/-\/Sites-rivadis-master\/default\/dw5b9abafd\/picto\/PICTO_epure_hydratation_intense.jpg\" alt=\"\" width=\"80\" \/><img decoding=\"async\" title=\"\" src=\"https:\/\/www.rivadouce.fr\/on\/demandware.static\/-\/Sites-rivadis-master\/default\/dwf940ac22\/PICTO_epure_fab_en_france.jpg\" alt=\"\" width=\"80\" \/><\/p>","protected":false},"featured_media":860,"comment_status":"open","ping_status":"closed","template":"","meta":{"_joinchat":[]},"product_brand":[],"product_cat":[112],"product_tag":[],"class_list":{"0":"post-898","1":"product","2":"type-product","3":"status-publish","4":"has-post-thumbnail","6":"product_cat-univers-bebe-enfants","8":"first","9":"instock","10":"sale","11":"shipping-taxable","12":"purchasable","13":"product-type-simple"},"_links":{"self":[{"href":"http:\/\/hcc-and-co.com\/en\/wp-json\/wp\/v2\/product\/898","targetHints":{"allow":["GET"]}}],"collection":[{"href":"http:\/\/hcc-and-co.com\/en\/wp-json\/wp\/v2\/product"}],"about":[{"href":"http:\/\/hcc-and-co.com\/en\/wp-json\/wp\/v2\/types\/product"}],"replies":[{"embeddable":true,"href":"http:\/\/hcc-and-co.com\/en\/wp-json\/wp\/v2\/comments?post=898"}],"wp:featuredmedia":[{"embeddable":true,"href":"http:\/\/hcc-and-co.com\/en\/wp-json\/wp\/v2\/media\/860"}],"wp:attachment":[{"href":"http:\/\/hcc-and-co.com\/en\/wp-json\/wp\/v2\/media?parent=898"}],"wp:term":[{"taxonomy":"product_brand","embeddable":true,"href":"http:\/\/hcc-and-co.com\/en\/wp-json\/wp\/v2\/product_brand?post=898"},{"taxonomy":"product_cat","embeddable":true,"href":"http:\/\/hcc-and-co.com\/en\/wp-json\/wp\/v2\/product_cat?post=898"},{"taxonomy":"product_tag","embeddable":true,"href":"http:\/\/hcc-and-co.com\/en\/wp-json\/wp\/v2\/product_tag?post=898"}],"curies":[{"name":"wp","href":"https:\/\/api.w.org\/{rel}","templated":true}]}}