{"id":900,"date":"2024-09-02T13:57:31","date_gmt":"2024-09-02T11:57:31","guid":{"rendered":"https:\/\/agangece-advert.sprint-service.be\/?post_type=product&#038;p=900"},"modified":"2024-09-02T13:57:32","modified_gmt":"2024-09-02T11:57:32","slug":"huile-de-massage-nourrissante","status":"publish","type":"product","link":"http:\/\/hcc-and-co.com\/en\/product\/huile-de-massage-nourrissante\/","title":{"rendered":"Huile de massage nourrissante"},"content":{"rendered":"<p>\u2714\ufe0f\u00a0<strong>PEAU NOURRIE ET ASSOUPLIE :<\/strong>\u00a0L\u2019Huile de massage nourrissante assouplit et nourrit les peaux s\u00e8ches et sensibles.<br \/>\n\u2714\ufe0f\u00a0<strong>TOUCHER RELATIONNEL :<\/strong>\u00a0Le fini non gras et le parfum aux notes vertes aromatiques de l\u2019Huile de massage nourrissante favorise le bien-\u00eatre et la r\u00e9miniscence dans le cadre du\u00a0<a href=\"https:\/\/www.rivadouce.fr\/page-bien-etre.html\">toucher relationel.<\/a><br \/>\n\u2714\ufe0f\u00a0<strong>PEAUX FRAGILES :<\/strong>\u00a0Elle a \u00e9t\u00e9 formul\u00e9e tout sp\u00e9cialement pour les \u00e9pidermes sensibles et fragiles.<br \/>\n\u2714\ufe0f\u00a0<strong>98% D&rsquo;INGR\u00c9DIENTS D&rsquo;ORIGINE NATURELLE :<\/strong>\u00a0L\u2019huile de massage nourrissante est formul\u00e9e \u00e0 98% d\u2019ingr\u00e9dients d\u2019origine naturelle. Test\u00e9e sous contr\u00f4le dermatologique.<br \/>\n\u2714\ufe0f<strong>\u00a0FABRICATION AVEC AMOUR EN FRANCE :<\/strong>\u00a0Tous nos produits sont d\u00e9velopp\u00e9s et fabriqu\u00e9s depuis 50 ans dans notre Laboratoire situ\u00e9 \u00e0 Thouars en France. Une production locale pour un soin responsable !<\/p>","protected":false},"excerpt":{"rendered":"<p>Sp\u00e9cialement con\u00e7ue pour les massages quotidiens, l\u2019Huile de massage nourrissante non grasse au calendula nourrit et assouplit les peaux s\u00e8ches et sensibles des adultes, enfants et nourrissons. D\u00e9licatement parfum\u00e9e aux notes vertes et aromatiques, elle favorise le bien-\u00eatre et la r\u00e9miniscence dans le cadre du toucher relationnel.<\/p>\n<p>Pour en savoir plus sur le toucher relationnel et faire du bien \u00e0 son proche en quelques minutes, d\u00e9couvrez le\u00a0<a href=\"https:\/\/staging-eu01-rivadis.demandware.net\/on\/demandware.static\/-\/Sites-rivadouce-Library\/default\/va5113ce74a5ca0c820d6ee5d2460b9778e57e815\/images\/StaticPages\/ROSOIN_Protocole_toucher-relationnel_123_23-05-2023.pdf?version=1.685.008.830.000\">protocole du toucher relationnel<\/a>.<\/p>\n<p><img decoding=\"async\" title=\"\" src=\"https:\/\/www.rivadouce.fr\/on\/demandware.static\/-\/Sites-rivadis-master\/default\/dw17e44480\/picto\/PICTO_epure_98rose.jpg\" alt=\"\" width=\"80\" \/><img decoding=\"async\" title=\"\" src=\"https:\/\/www.rivadouce.fr\/on\/demandware.static\/-\/Sites-rivadis-master\/default\/dw5b9abafd\/picto\/PICTO_epure_hydratation_intense.jpg\" alt=\"\" width=\"80\" \/><img decoding=\"async\" title=\"\" src=\"https:\/\/www.rivadouce.fr\/on\/demandware.static\/-\/Sites-rivadis-master\/default\/dwf940ac22\/PICTO_epure_fab_en_france.jpg\" alt=\"\" width=\"80\" \/><\/p>","protected":false},"featured_media":862,"comment_status":"open","ping_status":"closed","template":"","meta":{"_joinchat":[]},"product_brand":[],"product_cat":[112],"product_tag":[],"class_list":{"0":"post-900","1":"product","2":"type-product","3":"status-publish","4":"has-post-thumbnail","6":"product_cat-univers-bebe-enfants","8":"first","9":"instock","10":"sale","11":"shipping-taxable","12":"purchasable","13":"product-type-simple"},"_links":{"self":[{"href":"http:\/\/hcc-and-co.com\/en\/wp-json\/wp\/v2\/product\/900","targetHints":{"allow":["GET"]}}],"collection":[{"href":"http:\/\/hcc-and-co.com\/en\/wp-json\/wp\/v2\/product"}],"about":[{"href":"http:\/\/hcc-and-co.com\/en\/wp-json\/wp\/v2\/types\/product"}],"replies":[{"embeddable":true,"href":"http:\/\/hcc-and-co.com\/en\/wp-json\/wp\/v2\/comments?post=900"}],"wp:featuredmedia":[{"embeddable":true,"href":"http:\/\/hcc-and-co.com\/en\/wp-json\/wp\/v2\/media\/862"}],"wp:attachment":[{"href":"http:\/\/hcc-and-co.com\/en\/wp-json\/wp\/v2\/media?parent=900"}],"wp:term":[{"taxonomy":"product_brand","embeddable":true,"href":"http:\/\/hcc-and-co.com\/en\/wp-json\/wp\/v2\/product_brand?post=900"},{"taxonomy":"product_cat","embeddable":true,"href":"http:\/\/hcc-and-co.com\/en\/wp-json\/wp\/v2\/product_cat?post=900"},{"taxonomy":"product_tag","embeddable":true,"href":"http:\/\/hcc-and-co.com\/en\/wp-json\/wp\/v2\/product_tag?post=900"}],"curies":[{"name":"wp","href":"https:\/\/api.w.org\/{rel}","templated":true}]}}