{"id":902,"date":"2024-09-02T14:10:19","date_gmt":"2024-09-02T12:10:19","guid":{"rendered":"https:\/\/agangece-advert.sprint-service.be\/?post_type=product&#038;p=902"},"modified":"2024-09-02T14:10:19","modified_gmt":"2024-09-02T12:10:19","slug":"cica-r","status":"publish","type":"product","link":"http:\/\/hcc-and-co.com\/en\/product\/cica-r\/","title":{"rendered":"Cica-R"},"content":{"rendered":"<p>\u2714\ufe0f\u00a0<strong>R\u00c9PARE ET APAISE<\/strong>\u00a0: la Cica-R apaise d\u00e9mangeaisons, rougeurs et tiraillements. La peau est nourrie, apais\u00e9e et r\u00e9par\u00e9e. Elle apporte confort et protection \u00e0 la peau tout en formant une barri\u00e8re protectrice tel un effet pansement.<br \/>\n\u2714\ufe0f\u00a0<strong>CERTIFI\u00c9E BIO ET 99% D&rsquo;INGR\u00c9DIENTS D&rsquo;ORIGINE NATURELLE<\/strong>\u00a0: certifi\u00e9e par COSMOS ORGANIC\u00a9, la Cica-R est compos\u00e9e d\u2019actifs hydratants, nourrissants et apaisants pour un renfort optimal de la barri\u00e8re cutan\u00e9e et apporter du confort aux peaux fragilis\u00e9es. Complexe d\u2019acides hyaluroniques 100% d\u2019origine naturelle et fran\u00e7aise associ\u00e9 \u00e0 du beurre de karit\u00e9 bio certifi\u00e9 Fair for Life.<br \/>\n\u2714\ufe0f\u00a0<strong>POUR TOUTE LA FAMILLE<\/strong>\u00a0: la Cica-R peut s\u2019appliquer sur le visage et le corps, du b\u00e9b\u00e9 \u00e0 l\u2019adulte.<br \/>\n\u2714\ufe0f\u00a0<strong>CORPS, DONT CICATRICE DE C\u00c9SARIENNE<\/strong>\u00a0: test\u00e9 sous contr\u00f4le dermatologique. Tests effectu\u00e9s sur des peaux ayant subi des actes dermatologiques superficiels (dont cicatrice de c\u00e9sarienne r\u00e9cente).<br \/>\n\u2714\ufe0f\u00a0<strong>SANS PARFUM<\/strong>\u00a0: une formulation sans parfum, pour une tol\u00e9rance maximale.<br \/>\n\u2714\ufe0f\u00a0<strong>FABRICATION AVEC AMOUR EN FRANCE<\/strong>\u00a0: tous nos produits sont d\u00e9velopp\u00e9s et fabriqu\u00e9s depuis 50 ans dans notre Laboratoire situ\u00e9 \u00e0 Thouars en France. Une production locale pour un soin responsable !<\/p>","protected":false},"excerpt":{"rendered":"<p>La\u00a0<strong>Cica-R<\/strong>\u00a0favorise la r\u00e9paration et l\u2019hydratation<sup>(1)<\/sup>\u00a0de l\u2019\u00e9piderme fragilis\u00e9 et am\u00e9liore l\u2019aspect des marques li\u00e9es \u00e0 la r\u00e9paration cutan\u00e9e. Elle est indiqu\u00e9e dans le cas d\u2019irritations superficielles de l\u2019\u00e9piderme \u00e0 la suite d\u2019agressions diverses. Du b\u00e9b\u00e9 \u00e0 l&rsquo;adulte, pour le corps dont la\u00a0<a href=\"https:\/\/www.rivadouce.fr\/cicatrice-cesarienne.html\">cicatrice de c\u00e9sarienne<\/a>.<\/p>\n<p><img decoding=\"async\" title=\"\" src=\"https:\/\/www.rivadouce.fr\/on\/demandware.static\/-\/Sites-rivadis-master\/default\/dw1222cb61\/PICTO_epure_99.jpg\" alt=\"\" width=\"80\" \/><img decoding=\"async\" title=\"\" src=\"https:\/\/www.rivadouce.fr\/on\/demandware.static\/-\/Sites-rivadis-master\/default\/dw6d5c9c4c\/PICTO_epure_94.jpg\" alt=\"\" width=\"80\" \/><img decoding=\"async\" title=\"\" src=\"https:\/\/www.rivadouce.fr\/on\/demandware.static\/-\/Sites-rivadis-master\/default\/dwf940ac22\/PICTO_epure_fab_en_france.jpg\" alt=\"\" width=\"80\" \/><img decoding=\"async\" title=\"\" src=\"https:\/\/www.rivadouce.fr\/on\/demandware.static\/-\/Sites-rivadis-master\/default\/dwf4220d88\/PICTO_epure_grossesse_allaitement.jpg\" alt=\"\" width=\"80\" \/><\/p>","protected":false},"featured_media":868,"comment_status":"open","ping_status":"closed","template":"","meta":{"_joinchat":[]},"product_brand":[],"product_cat":[112],"product_tag":[],"class_list":{"0":"post-902","1":"product","2":"type-product","3":"status-publish","4":"has-post-thumbnail","6":"product_cat-univers-bebe-enfants","8":"first","9":"instock","10":"sale","11":"shipping-taxable","12":"purchasable","13":"product-type-simple"},"_links":{"self":[{"href":"http:\/\/hcc-and-co.com\/en\/wp-json\/wp\/v2\/product\/902","targetHints":{"allow":["GET"]}}],"collection":[{"href":"http:\/\/hcc-and-co.com\/en\/wp-json\/wp\/v2\/product"}],"about":[{"href":"http:\/\/hcc-and-co.com\/en\/wp-json\/wp\/v2\/types\/product"}],"replies":[{"embeddable":true,"href":"http:\/\/hcc-and-co.com\/en\/wp-json\/wp\/v2\/comments?post=902"}],"wp:featuredmedia":[{"embeddable":true,"href":"http:\/\/hcc-and-co.com\/en\/wp-json\/wp\/v2\/media\/868"}],"wp:attachment":[{"href":"http:\/\/hcc-and-co.com\/en\/wp-json\/wp\/v2\/media?parent=902"}],"wp:term":[{"taxonomy":"product_brand","embeddable":true,"href":"http:\/\/hcc-and-co.com\/en\/wp-json\/wp\/v2\/product_brand?post=902"},{"taxonomy":"product_cat","embeddable":true,"href":"http:\/\/hcc-and-co.com\/en\/wp-json\/wp\/v2\/product_cat?post=902"},{"taxonomy":"product_tag","embeddable":true,"href":"http:\/\/hcc-and-co.com\/en\/wp-json\/wp\/v2\/product_tag?post=902"}],"curies":[{"name":"wp","href":"https:\/\/api.w.org\/{rel}","templated":true}]}}