{"id":904,"date":"2024-09-02T14:17:03","date_gmt":"2024-09-02T12:17:03","guid":{"rendered":"https:\/\/agangece-advert.sprint-service.be\/?post_type=product&#038;p=904"},"modified":"2024-09-02T14:21:17","modified_gmt":"2024-09-02T12:21:17","slug":"huile-de-soin-vegetale","status":"publish","type":"product","link":"http:\/\/hcc-and-co.com\/en\/product\/huile-de-soin-vegetale\/","title":{"rendered":"Huile de soin v\u00e9g\u00e9tale"},"content":{"rendered":"<p>\u2714\ufe0f\u00a0<strong>PR\u00c9VENTION DES ESCARRES :<\/strong>\u00a0L\u2019Huile de soin v\u00e9g\u00e9tale est un soin topique \u00e0 utiliser comme adjuvant aux mesures de pr\u00e9vention des escarres, \u00e0 coupler \u00e0 la pratique d\u2019effleurage. Pour en savoir plus sur la technique d\u2019effleurage, retrouvez nos conseils\u00a0<a href=\"https:\/\/www.rivadouce.fr\/page-soins-preventifs.html\">juste ici<\/a>.<br \/>\n\u2714\ufe0f<strong>\u00a0PEAU ADOUCIE :<\/strong>\u00a0L\u2019Huile de soin v\u00e9g\u00e9tale adoucit la peau et diminue la s\u00e8cheresse cutan\u00e9e.<br \/>\n\u2714\ufe0f\u00a0<strong>DISPOSITIF M\u00c9DICAL :<\/strong>\u00a0L\u2019Huile de soin v\u00e9g\u00e9tal est un dispositif m\u00e9dical de classe I et porte le marquage CE.<br \/>\n\u2714\ufe0f<strong>\u00a098% D&rsquo;INGR\u00c9DIENTS D&rsquo;ORIGINE NATURELLE :<\/strong>\u00a0L\u2019huile de soin v\u00e9g\u00e9tale est formul\u00e9e \u00e0 98% d\u2019ingr\u00e9dients d\u2019origine naturelle. Test\u00e9e sous contr\u00f4le dermatologique.<br \/>\n\u2714\ufe0f\u00a0<strong>FABRICATION AVEC AMOUR EN FRANCE :<\/strong>\u00a0Tous nos produits sont d\u00e9velopp\u00e9s et fabriqu\u00e9s depuis 50 ans dans notre Laboratoire situ\u00e9 \u00e0 Thouars en France. Une production locale pour un soin responsable !<\/p>","protected":false},"excerpt":{"rendered":"<p>Formul\u00e9e pour les peaux sensibles, l\u2019Huile de soin v\u00e9g\u00e9tale est utilis\u00e9e en pr\u00e9vention des escarres chez les personnes \u00e2g\u00e9es, alit\u00e9es ou d\u00e9pendantes (b\u00e9b\u00e9s, enfants et adultes). Ce dispositif m\u00e9dical est un produit de sant\u00e9 r\u00e9glement\u00e9 qui porte, au titre de cette r\u00e9glementation, le marquage CE.<\/p>\n<p><img decoding=\"async\" title=\"\" src=\"https:\/\/www.rivadouce.fr\/on\/demandware.static\/-\/Sites-rivadis-master\/default\/dw3a71c58c\/picto\/PICTO_epure_98vert.jpg\" alt=\"\" width=\"80\" \/><img decoding=\"async\" title=\"\" src=\"https:\/\/www.rivadouce.fr\/on\/demandware.static\/-\/Sites-rivadis-master\/default\/dw7e147fec\/picto\/PICTO_epure_DM_ClasseI.jpg\" alt=\"\" width=\"80\" \/><img decoding=\"async\" title=\"\" src=\"https:\/\/www.rivadouce.fr\/on\/demandware.static\/-\/Sites-rivadis-master\/default\/dwf940ac22\/PICTO_epure_fab_en_france.jpg\" alt=\"\" width=\"80\" \/><\/p>","protected":false},"featured_media":865,"comment_status":"open","ping_status":"closed","template":"","meta":{"_joinchat":[]},"product_brand":[],"product_cat":[112],"product_tag":[],"class_list":{"0":"post-904","1":"product","2":"type-product","3":"status-publish","4":"has-post-thumbnail","6":"product_cat-univers-bebe-enfants","8":"first","9":"instock","10":"sale","11":"shipping-taxable","12":"purchasable","13":"product-type-simple"},"_links":{"self":[{"href":"http:\/\/hcc-and-co.com\/en\/wp-json\/wp\/v2\/product\/904","targetHints":{"allow":["GET"]}}],"collection":[{"href":"http:\/\/hcc-and-co.com\/en\/wp-json\/wp\/v2\/product"}],"about":[{"href":"http:\/\/hcc-and-co.com\/en\/wp-json\/wp\/v2\/types\/product"}],"replies":[{"embeddable":true,"href":"http:\/\/hcc-and-co.com\/en\/wp-json\/wp\/v2\/comments?post=904"}],"wp:featuredmedia":[{"embeddable":true,"href":"http:\/\/hcc-and-co.com\/en\/wp-json\/wp\/v2\/media\/865"}],"wp:attachment":[{"href":"http:\/\/hcc-and-co.com\/en\/wp-json\/wp\/v2\/media?parent=904"}],"wp:term":[{"taxonomy":"product_brand","embeddable":true,"href":"http:\/\/hcc-and-co.com\/en\/wp-json\/wp\/v2\/product_brand?post=904"},{"taxonomy":"product_cat","embeddable":true,"href":"http:\/\/hcc-and-co.com\/en\/wp-json\/wp\/v2\/product_cat?post=904"},{"taxonomy":"product_tag","embeddable":true,"href":"http:\/\/hcc-and-co.com\/en\/wp-json\/wp\/v2\/product_tag?post=904"}],"curies":[{"name":"wp","href":"https:\/\/api.w.org\/{rel}","templated":true}]}}