{"id":906,"date":"2024-09-02T14:32:16","date_gmt":"2024-09-02T12:32:16","guid":{"rendered":"https:\/\/agangece-advert.sprint-service.be\/?post_type=product&#038;p=906"},"modified":"2024-09-02T14:32:16","modified_gmt":"2024-09-02T12:32:16","slug":"neutraderm-eau-nettoyante-douceur","status":"publish","type":"product","link":"https:\/\/hcc-and-co.com\/en\/product\/neutraderm-eau-nettoyante-douceur\/","title":{"rendered":"NEUTRADERM-Eau nettoyante douceur"},"content":{"rendered":"<p>L\u2019Eau Nettoyante Douceur 3-en-1\u00a0<strong>nettoie<\/strong>\u00a0en un seul geste le visage, le corps &amp; le si\u00e8ge des b\u00e9b\u00e9s,\u00a0<strong>sans fini collant\u00a0<\/strong>sur la peau. Sa formule extra-douce au pH neutre et haute tol\u00e9rance<sup>1<\/sup>\u00a0ne dess\u00e8che pas la peau, \u00e9limine efficacement les impuret\u00e9s et \u00e9vite les irritations du si\u00e8ge.\u00a0La<strong>\u00a0peau est douce<\/strong>,\u00a0<strong>souple<\/strong>\u00a0et retrouve tout son confort.<\/p>\n<p>Cette\u00a0<strong>eau nettoyante b\u00e9b\u00e9<\/strong>\u00a0parfume d\u00e9licatement\u00a0la peau d\u00e9licate de b\u00e9b\u00e9 et facilite le coiffage.<\/p>","protected":false},"excerpt":{"rendered":"<div class=\"woocommerce-product-details__short-description\">\n<p>Nettoie et apaise visage, corps &amp; si\u00e8ge, haute tol\u00e9rance<sup>1<\/sup>, sans rin\u00e7age.<\/p>\n<\/div>\n<div class=\"review\">\n<div class=\"jdgm-widget jdgm-preview-badge jdgm-preview-badge--with-link jdgm--done-setup\" data-id=\"1307\">\n<div class=\"jdgm-prev-badge\" data-average-rating=\"4.82\" data-number-of-reviews=\"11\" data-number-of-questions=\"0\"><span class=\"jdgm-prev-badge__stars\" tabindex=\"0\" role=\"button\" data-score=\"4.82\" aria-label=\"4.82 stars\">\u00a0<\/span><span class=\"jdgm-prev-badge__text\">11 avis<\/span><\/div>\n<\/div>\n<p><a class=\"link-write-review\" href=\"https:\/\/www.laboratoire-neutraderm.com\/produit\/eau-nettoyante-douceur-3-en-1\/#single-product_review\">\u00c9crire un nouvel avis<\/a><\/div>\n<div class=\"product-picto-mkt-container\">\n<ul class=\"d-flex\">\n<li>\n<h3><img fetchpriority=\"high\" decoding=\"async\" class=\"\" src=\"https:\/\/www.laboratoire-neutraderm.com\/wp-content\/uploads\/2023\/08\/NEM-picto-active_oligosking.svg\" alt=\"pictogramme complexe oligo skin neutraderm\" width=\"257\" height=\"257\" \/><img decoding=\"async\" class=\"\" style=\"font-size: 16px;\" src=\"https:\/\/www.laboratoire-neutraderm.com\/wp-content\/uploads\/2023\/03\/NEM-picto-ingredients_origine_naturelle_95-2.svg\" alt=\"pictogramme 95% ingredients d'origine biodegradables neutraderm\" width=\"327\" height=\"327\" \/><img decoding=\"async\" class=\"\" style=\"font-size: 16px;\" src=\"https:\/\/www.laboratoire-neutraderm.com\/wp-content\/uploads\/2023\/03\/NEM-picto-anti_dessechement-2.svg\" alt=\"pictogramme anti dessechement neutraderm\" width=\"234\" height=\"234\" \/><\/h3>\n<\/li>\n<\/ul>\n<\/div>","protected":false},"featured_media":873,"comment_status":"open","ping_status":"closed","template":"","meta":{"_joinchat":[]},"product_brand":[],"product_cat":[112],"product_tag":[],"class_list":{"0":"post-906","1":"product","2":"type-product","3":"status-publish","4":"has-post-thumbnail","6":"product_cat-univers-bebe-enfants","8":"first","9":"instock","10":"sale","11":"shipping-taxable","12":"purchasable","13":"product-type-simple"},"_links":{"self":[{"href":"https:\/\/hcc-and-co.com\/en\/wp-json\/wp\/v2\/product\/906","targetHints":{"allow":["GET"]}}],"collection":[{"href":"https:\/\/hcc-and-co.com\/en\/wp-json\/wp\/v2\/product"}],"about":[{"href":"https:\/\/hcc-and-co.com\/en\/wp-json\/wp\/v2\/types\/product"}],"replies":[{"embeddable":true,"href":"https:\/\/hcc-and-co.com\/en\/wp-json\/wp\/v2\/comments?post=906"}],"wp:featuredmedia":[{"embeddable":true,"href":"https:\/\/hcc-and-co.com\/en\/wp-json\/wp\/v2\/media\/873"}],"wp:attachment":[{"href":"https:\/\/hcc-and-co.com\/en\/wp-json\/wp\/v2\/media?parent=906"}],"wp:term":[{"taxonomy":"product_brand","embeddable":true,"href":"https:\/\/hcc-and-co.com\/en\/wp-json\/wp\/v2\/product_brand?post=906"},{"taxonomy":"product_cat","embeddable":true,"href":"https:\/\/hcc-and-co.com\/en\/wp-json\/wp\/v2\/product_cat?post=906"},{"taxonomy":"product_tag","embeddable":true,"href":"https:\/\/hcc-and-co.com\/en\/wp-json\/wp\/v2\/product_tag?post=906"}],"curies":[{"name":"wp","href":"https:\/\/api.w.org\/{rel}","templated":true}]}}