{"id":910,"date":"2024-09-02T15:29:35","date_gmt":"2024-09-02T13:29:35","guid":{"rendered":"https:\/\/agangece-advert.sprint-service.be\/?post_type=product&#038;p=910"},"modified":"2024-09-02T15:29:35","modified_gmt":"2024-09-02T13:29:35","slug":"neutraderm-shampooing-demelant-douceur","status":"publish","type":"product","link":"http:\/\/hcc-and-co.com\/en\/product\/neutraderm-shampooing-demelant-douceur\/","title":{"rendered":"NEUTRADERM &#8211; Shampooing d\u00e9m\u00ealant douceur"},"content":{"rendered":"<p>Le Shampooing D\u00e9m\u00ealant Douceur prend soin des cheveux et du cuir chevelu des b\u00e9b\u00e9s gr\u00e2ce \u00e0 sa\u00a0<strong>formule extra-douce, au pH neutre<\/strong>\u00a0et\u00a0<strong>hypoallerg\u00e9nique<\/strong><sup>1<\/sup>.<\/p>\n<p>Les cheveux sont<strong>\u00a0faciles \u00e0 d\u00e9m\u00ealer<\/strong>,\u00a0<strong>doux<\/strong>,\u00a0<strong>brillants<\/strong>\u00a0et d\u00e9licatement parfum\u00e9s. Le cuir chevelu est\u00a0<strong>apais\u00e9<\/strong>\u00a0et\u00a0<strong>prot\u00e9g\u00e9<\/strong>. Facile \u00e0 rincer, ce shampoing b\u00e9b\u00e9\u00a0<strong>ne pique pas les yeux<\/strong>. Le bain devient un pur moment de plaisir.<\/p>\n<p>Ce<strong>\u00a0shampoing b\u00e9b\u00e9\u00a0<\/strong>est compos\u00e9 d\u2019actifs et ingr\u00e9dients qui respectent les cheveux de b\u00e9b\u00e9 :<\/p>\n<ul>\n<li><strong>Le complexe Active Oligo Skin<\/strong>\u00a0est anti-inflammatoire, il restaure et renforce la barri\u00e8re cutan\u00e9e. Il\u00a0<strong>apaise<\/strong>,\u00a0<strong>remin\u00e9ralise<\/strong>, restaure la peau et maintient l\u2019\u00e9quilibre du microbiome de la peau.<\/li>\n<li><strong>La glyc\u00e9rine est un hydratant<\/strong>\u00a0qui augmente l\u2019extensibilit\u00e9 et la\u00a0<strong>souplesse<\/strong>\u00a0de la peau.<\/li>\n<\/ul>","protected":false},"excerpt":{"rendered":"<h2>Nettoie en douceur et d\u00e9m\u00eale, ne pique pas les yeux, hypoallerg\u00e9nique<sup>1<\/sup>.<\/h2>\n<ul class=\"d-flex\">\n<li>\n<h3><img decoding=\"async\" class=\"\" src=\"https:\/\/www.laboratoire-neutraderm.com\/wp-content\/uploads\/2023\/08\/NEM-picto-active_oligosking.svg\" alt=\"pictogramme complexe oligo skin neutraderm\" width=\"98\" height=\"98\" \/><img decoding=\"async\" class=\"\" style=\"font-size: 16px;\" src=\"https:\/\/www.laboratoire-neutraderm.com\/wp-content\/uploads\/2023\/03\/NEM-picto-ingredients_biodegradables_98-2.svg\" alt=\"pictogramme 98% ingredients d'origine biodegradables neutraderm\" width=\"78\" height=\"78\" \/><img decoding=\"async\" class=\"\" style=\"font-size: 16px;\" src=\"https:\/\/www.laboratoire-neutraderm.com\/wp-content\/uploads\/2023\/03\/NEM-picto-hygiene_corps-2.svg\" alt=\"pictogramme hygiene corps neutraderm\" width=\"83\" height=\"83\" \/><\/h3>\n<\/li>\n<\/ul>","protected":false},"featured_media":878,"comment_status":"open","ping_status":"closed","template":"","meta":{"_joinchat":[]},"product_brand":[],"product_cat":[112],"product_tag":[],"class_list":{"0":"post-910","1":"product","2":"type-product","3":"status-publish","4":"has-post-thumbnail","6":"product_cat-univers-bebe-enfants","8":"first","9":"instock","10":"sale","11":"shipping-taxable","12":"purchasable","13":"product-type-simple"},"_links":{"self":[{"href":"http:\/\/hcc-and-co.com\/en\/wp-json\/wp\/v2\/product\/910","targetHints":{"allow":["GET"]}}],"collection":[{"href":"http:\/\/hcc-and-co.com\/en\/wp-json\/wp\/v2\/product"}],"about":[{"href":"http:\/\/hcc-and-co.com\/en\/wp-json\/wp\/v2\/types\/product"}],"replies":[{"embeddable":true,"href":"http:\/\/hcc-and-co.com\/en\/wp-json\/wp\/v2\/comments?post=910"}],"wp:featuredmedia":[{"embeddable":true,"href":"http:\/\/hcc-and-co.com\/en\/wp-json\/wp\/v2\/media\/878"}],"wp:attachment":[{"href":"http:\/\/hcc-and-co.com\/en\/wp-json\/wp\/v2\/media?parent=910"}],"wp:term":[{"taxonomy":"product_brand","embeddable":true,"href":"http:\/\/hcc-and-co.com\/en\/wp-json\/wp\/v2\/product_brand?post=910"},{"taxonomy":"product_cat","embeddable":true,"href":"http:\/\/hcc-and-co.com\/en\/wp-json\/wp\/v2\/product_cat?post=910"},{"taxonomy":"product_tag","embeddable":true,"href":"http:\/\/hcc-and-co.com\/en\/wp-json\/wp\/v2\/product_tag?post=910"}],"curies":[{"name":"wp","href":"https:\/\/api.w.org\/{rel}","templated":true}]}}