{"id":913,"date":"2024-09-02T16:06:01","date_gmt":"2024-09-02T14:06:01","guid":{"rendered":"https:\/\/agangece-advert.sprint-service.be\/?post_type=product&#038;p=913"},"modified":"2025-10-24T17:30:44","modified_gmt":"2025-10-24T15:30:44","slug":"mustela-gel-lavant-doux-bebe-a-lavocat-bio","status":"publish","type":"product","link":"http:\/\/hcc-and-co.com\/en\/product\/mustela-gel-lavant-doux-bebe-a-lavocat-bio\/","title":{"rendered":"MUSTELA &#8211; Gel Lavant Doux B\u00e9b\u00e9 \u00e0 l&rsquo;avocat BIO"},"content":{"rendered":"<h2>Comment l&rsquo;utiliserCe gel lavant doux est con\u00e7u pour le corps et les cheveux de b\u00e9b\u00e9. Son format pompe est particuli\u00e8rement bien adapt\u00e9 \u00e0 un usage pour le bain.\u00a0\u00c9tape1Appuyer sur la pompe pour obtenir une noisette de Gel Lavant Doux dans votre main et faire mousser.\u00c9tape2Frotter d\u00e9licatement le corps et le cuir chevelu de votre b\u00e9b\u00e9.\u00c9tape3Rincer soigneusement.\u00c9tape4S\u00e9chez soigneusement votre b\u00e9b\u00e9, en prenant particuli\u00e8rement soin des fesses et des plis de la peau.<\/h2>","protected":false},"excerpt":{"rendered":"<h2>Le\u00a0<strong>Gel Lavant Doux B\u00e9b\u00e9,<\/strong>\u00a0<strong>nettoie le visage, le corps et les cheveux des enfants et b\u00e9b\u00e9s.<\/strong>\u00a0Ce gel \u00e0 l&rsquo;avocat issu de culture bio, prot\u00e8ge et respecte la peau des enfants et peut \u00eatre utilis\u00e9 au quotidien d\u00e8s la naissance*.<br \/>\nTest\u00e9 haute tol\u00e9rance, il apaise et compense les effets dess\u00e9chants du bain.<\/h2>","protected":false},"featured_media":914,"comment_status":"open","ping_status":"closed","template":"","meta":{"_joinchat":[]},"product_brand":[],"product_cat":[112],"product_tag":[],"class_list":{"0":"post-913","1":"product","2":"type-product","3":"status-publish","4":"has-post-thumbnail","6":"product_cat-univers-bebe-enfants","8":"first","9":"instock","10":"sale","11":"shipping-taxable","12":"purchasable","13":"product-type-simple"},"_links":{"self":[{"href":"http:\/\/hcc-and-co.com\/en\/wp-json\/wp\/v2\/product\/913","targetHints":{"allow":["GET"]}}],"collection":[{"href":"http:\/\/hcc-and-co.com\/en\/wp-json\/wp\/v2\/product"}],"about":[{"href":"http:\/\/hcc-and-co.com\/en\/wp-json\/wp\/v2\/types\/product"}],"replies":[{"embeddable":true,"href":"http:\/\/hcc-and-co.com\/en\/wp-json\/wp\/v2\/comments?post=913"}],"wp:featuredmedia":[{"embeddable":true,"href":"http:\/\/hcc-and-co.com\/en\/wp-json\/wp\/v2\/media\/914"}],"wp:attachment":[{"href":"http:\/\/hcc-and-co.com\/en\/wp-json\/wp\/v2\/media?parent=913"}],"wp:term":[{"taxonomy":"product_brand","embeddable":true,"href":"http:\/\/hcc-and-co.com\/en\/wp-json\/wp\/v2\/product_brand?post=913"},{"taxonomy":"product_cat","embeddable":true,"href":"http:\/\/hcc-and-co.com\/en\/wp-json\/wp\/v2\/product_cat?post=913"},{"taxonomy":"product_tag","embeddable":true,"href":"http:\/\/hcc-and-co.com\/en\/wp-json\/wp\/v2\/product_tag?post=913"}],"curies":[{"name":"wp","href":"https:\/\/api.w.org\/{rel}","templated":true}]}}