{"id":921,"date":"2024-09-02T16:25:03","date_gmt":"2024-09-02T14:25:03","guid":{"rendered":"https:\/\/agangece-advert.sprint-service.be\/?post_type=product&#038;p=921"},"modified":"2025-09-03T19:13:50","modified_gmt":"2025-09-03T17:13:50","slug":"rivadouce-huile-de-massage-perinee-et-corps","status":"publish","type":"product","link":"http:\/\/hcc-and-co.com\/en\/product\/rivadouce-huile-de-massage-perinee-et-corps\/","title":{"rendered":"RIVADOUCE &#8211; Huile de massage p\u00e9rin\u00e9e et corps"},"content":{"rendered":"<p>\u2714\ufe0f<strong>\u00a0CORPS &amp; P\u00c9RIN\u00c9E<\/strong>\u00a0: indiqu\u00e9e pour le massage du corps, du b\u00e9b\u00e9 \u00e0 l\u2019adulte, incluant le massage du p\u00e9rin\u00e9e avant, pendant et apr\u00e8s la grossesse.<br \/>\n\u2714\ufe0f\u00a0<strong>FLACON 100% RECYCL\u00c9 &amp; RECYCLABLE<\/strong>\u00a0: 100% issu de plastique recycl\u00e9, et 100% recyclable.<br \/>\n\u2714\ufe0f\u00a0<strong>CERTIFI\u00c9E BIO ET 100% D&rsquo;INGR\u00c9DIENTS D&rsquo;ORIGINE NATURELLE<\/strong>\u00a0: certifi\u00e9e par COSMOS ORGANIC\u00a9, l&rsquo;Huile de massage universelle est compos\u00e9e d&rsquo;une association d\u2019huile de tournesol hydratante et d\u2019huile de cameline bio aux propri\u00e9t\u00e9s assouplissantes et nourrissantes. Test\u00e9 sous contr\u00f4le dermatologique avec contr\u00f4le gyn\u00e9cologique.<br \/>\n\u2714\ufe0f\u00a0<strong>SANS PARFUM\u00a0<\/strong>: une formulation sans parfum, pour une tol\u00e9rance maximale.<br \/>\n\u2714\ufe0f\u00a0<strong>FABRICATION AVEC AMOUR EN FRANCE<\/strong>\u00a0: tous nos produits sont d\u00e9velopp\u00e9s et fabriqu\u00e9s depuis 50 ans dans notre Laboratoire situ\u00e9 \u00e0 Thouars en France. Une production locale pour un soin responsable !<\/p>","protected":false},"excerpt":{"rendered":"<h2>L&rsquo;<strong>Huile de massage universelle<\/strong>\u00a0hydrate<sup>(1)<\/sup>\u00a0et nourrit la peau. Elle lui redonne \u00e9lasticit\u00e9, souplesse et p\u00e9n\u00e8tre rapidement. Du b\u00e9b\u00e9 \u00e0 l&rsquo;adulte, pour le massage du corps dont le p\u00e9rin\u00e9e.<\/h2>\n<h2>Flacon de 100 ml<\/h2>\n<p><img decoding=\"async\" title=\"\" src=\"https:\/\/www.rivadouce.fr\/on\/demandware.static\/-\/Sites-rivadis-master\/default\/dw625b6a47\/PICTO_epure_flaconrecycle.jpg\" alt=\"\" width=\"80\" \/><img decoding=\"async\" title=\"\" src=\"https:\/\/www.rivadouce.fr\/on\/demandware.static\/-\/Sites-rivadis-master\/default\/dw6d5c9c4c\/PICTO_epure_94.jpg\" alt=\"\" width=\"80\" \/><img decoding=\"async\" title=\"\" src=\"https:\/\/www.rivadouce.fr\/on\/demandware.static\/-\/Sites-rivadis-master\/default\/dwf24eb766\/PICTO_epure_100.jpg\" alt=\"\" width=\"80\" \/><img decoding=\"async\" title=\"\" src=\"https:\/\/www.rivadouce.fr\/on\/demandware.static\/-\/Sites-rivadis-master\/default\/dwf940ac22\/PICTO_epure_fab_en_france.jpg\" alt=\"\" width=\"80\" \/><img decoding=\"async\" title=\"\" src=\"https:\/\/www.rivadouce.fr\/on\/demandware.static\/-\/Sites-rivadis-master\/default\/dwf4220d88\/PICTO_epure_grossesse_allaitement.jpg\" alt=\"\" width=\"80\" \/><\/p>","protected":false},"featured_media":866,"comment_status":"open","ping_status":"closed","template":"","meta":{"_joinchat":[]},"product_brand":[],"product_cat":[112],"product_tag":[],"class_list":{"0":"post-921","1":"product","2":"type-product","3":"status-publish","4":"has-post-thumbnail","6":"product_cat-univers-bebe-enfants","8":"first","9":"instock","10":"sale","11":"shipping-taxable","12":"purchasable","13":"product-type-simple"},"_links":{"self":[{"href":"http:\/\/hcc-and-co.com\/en\/wp-json\/wp\/v2\/product\/921","targetHints":{"allow":["GET"]}}],"collection":[{"href":"http:\/\/hcc-and-co.com\/en\/wp-json\/wp\/v2\/product"}],"about":[{"href":"http:\/\/hcc-and-co.com\/en\/wp-json\/wp\/v2\/types\/product"}],"replies":[{"embeddable":true,"href":"http:\/\/hcc-and-co.com\/en\/wp-json\/wp\/v2\/comments?post=921"}],"wp:featuredmedia":[{"embeddable":true,"href":"http:\/\/hcc-and-co.com\/en\/wp-json\/wp\/v2\/media\/866"}],"wp:attachment":[{"href":"http:\/\/hcc-and-co.com\/en\/wp-json\/wp\/v2\/media?parent=921"}],"wp:term":[{"taxonomy":"product_brand","embeddable":true,"href":"http:\/\/hcc-and-co.com\/en\/wp-json\/wp\/v2\/product_brand?post=921"},{"taxonomy":"product_cat","embeddable":true,"href":"http:\/\/hcc-and-co.com\/en\/wp-json\/wp\/v2\/product_cat?post=921"},{"taxonomy":"product_tag","embeddable":true,"href":"http:\/\/hcc-and-co.com\/en\/wp-json\/wp\/v2\/product_tag?post=921"}],"curies":[{"name":"wp","href":"https:\/\/api.w.org\/{rel}","templated":true}]}}