{"id":1397,"date":"2025-05-07T12:26:20","date_gmt":"2025-05-07T10:26:20","guid":{"rendered":"https:\/\/hcc-and-co.com\/?post_type=product&#038;p=1397"},"modified":"2025-05-07T12:26:20","modified_gmt":"2025-05-07T10:26:20","slug":"creme-lifting-texture-legere","status":"publish","type":"product","link":"http:\/\/hcc-and-co.com\/fr_fr\/product\/creme-lifting-texture-legere\/","title":{"rendered":"CR\u00c8ME LIFTING Texture L\u00e9g\u00e8re"},"content":{"rendered":"<div class=\"product-section__new-preheading\"><strong>BIENFAITS<\/strong><\/div>\n<div class=\"pdp-icon-features-html\">\n<div>La Cr\u00e8me Lifting texture l\u00e9g\u00e8re\u00a0<strong>lisse, raffermit et unifie la peau du visage, du cou et du d\u00e9collet\u00e9.<\/strong><\/div>\n<div><\/div>\n<div><strong>Le complexe actif exclusif brevet\u00e9\u00a0\u00a0Pro-Collag\u00e8ne CollRenew\u00ae\u00a0<\/strong>en mesure de stimuler la production naturelle de\u00a0collag\u00e8ne, de prot\u00e9ger le collag\u00e8ne existant et d\u2019am\u00e9liorer la qualit\u00e9\u00a0de la peau est au c\u0153ur de la formule.<\/div>\n<div><\/div>\n<div>\n<div>Cette derni\u00e8re est compl\u00e9t\u00e9e par un peptide \u00e0 effet tenseur anti-gravit\u00e9 qui lutte contre le rel\u00e2chement cutan\u00e9, tout en favorisant la synth\u00e8se et la r\u00e9organisation des fibres de collag\u00e8ne et d\u2019\u00e9lastine.<\/div>\n<div><\/div>\n<div><strong>Le r\u00e9sultat est une action compl\u00e8te, imm\u00e9diatement liftante, antioxydante et uniformisante. La peau du visage, du cou et du d\u00e9collet\u00e9 est plus ferme, plus souple, d\u00e9tendue et uniforme.<\/strong><\/div>\n<div><\/div>\n<div>Gr\u00e2ce \u00e0 sa\u00a0<strong>texture l\u00e9g\u00e8re<\/strong>, cette cr\u00e8me est id\u00e9ale pour les peaux normales.<\/div>\n<div><\/div>\n<div>Le\u00a0<strong>parfum frais et floral\u00a0<\/strong>est enrichi de l\u00e9g\u00e8res notes orientales qui procurent une agr\u00e9able sensation enveloppante.<\/div>\n<\/div>\n<\/div>\n<div>\n<div><\/div>\n<div class=\"product-section__new-preheading\"><strong>Ingr\u00e9dients<\/strong><\/div>\n<div><\/div>\n<div class=\"product-section__ingredients-title\">\u200bDes actifs de haute qualit\u00e9 et \u00e0 la s\u00e9curit\u00e9 certifi\u00e9e<\/div>\n<div class=\"product-section__ingredients-content\">\n<div>Notre laboratoire a formul\u00e9 une association sp\u00e9ciale de trois actifs cosm\u00e9tiques innovants qui prot\u00e8gent le collag\u00e8ne et stimulent sa production, cr\u00e9ant ainsi le brevet\u00a0<strong>Pro-Collag\u00e8ne CollRenew\u00ae.<\/strong><\/div>\n<div><\/div>\n<div>La\u00a0<strong>Ligne Pro-Collag\u00e8ne CollRenew\u00ae<\/strong>\u00a0associe au brevet des ingr\u00e9dients cosm\u00e9tiques sp\u00e9ciaux soigneusement s\u00e9lectionn\u00e9s, pour r\u00e9pondre aux besoins de tous les types de peau.<\/div>\n<div><\/div>\n<div>Nos ingr\u00e9dients proviennent de fili\u00e8res strictement contr\u00f4l\u00e9es et tous nos cosm\u00e9tiques sont soumis \u00e0 des tests dermatologiques sur les peaux sensibles.<\/div>\n<\/div>\n<div>\n<div class=\"pdp-double-preheading advices\">conseils d\u2019utilisation<\/div>\n<h2 class=\"pdp-advice-h2\">QUAND ET COMMENT UTILISER LE PRODUIT<\/h2>\n<div class=\"advice-content\">\n<div><strong>Application<\/strong><\/div>\n<div>Appliquer la cr\u00e8me sur le visage et le cou apr\u00e8s avoir nettoy\u00e9 la peau.<\/div>\n<div><\/div>\n<div><strong>Notre conseil<\/strong><\/div>\n<div>Pour une efficacit\u00e9 maximale, appliquez le S\u00e9rum Lifting avant la cr\u00e8me.<\/div>\n<div>Compl\u00e9tez l\u2019action anti-\u00e2ge de l\u2019int\u00e9rieur avec Age Formula.<\/div>\n<div><\/div>\n<div><strong>Rituel<\/strong><\/div>\n<div>Matin et soir.<\/div>\n<\/div>\n<\/div>\n<\/div>\n","protected":false},"excerpt":{"rendered":"<div class=\"product__title__wrapper\">\n<div class=\"product-item__add-info components\">Pro-Collag\u00e8ne CollRenew\u00ae, et Peptide-2<\/div>\n<\/div>\n<div class=\"product-description rte\">\n<div><strong>POT DE 50 ML<\/strong><\/div>\n<div><strong>\u00a0<\/strong><\/div>\n<div>Cr\u00e8me visage sp\u00e9cifique pour lutter contre le rel\u00e2chement cutan\u00e9, id\u00e9ale pour les personnes ayant un cou et un d\u00e9collet\u00e9 particuli\u00e8rement marqu\u00e9s. Le brevet exclusif Pro-Collag\u00e8ne CollRenew\u00ae qui am\u00e9liore la synth\u00e8se du collag\u00e8ne naturel et un Peptide avec un effet tenseur anti-gravit\u00e9 sont au c\u0153ur de la formule.<\/div>\n<div><\/div>\n<div><strong>La peau du visage, du cou et du d\u00e9collet\u00e9 est plus ferme, plus souple et plus d\u00e9tendue, le teint est plus uniforme.<\/strong><\/div>\n<div><\/div>\n<ul>\n<li>Action de stimulation de la production de collag\u00e8ne brevet\u00e9e<\/li>\n<li>Att\u00e9nue le rel\u00e2chement cutan\u00e9<\/li>\n<li>Texture l\u00e9g\u00e8re id\u00e9ale pour les peaux normales<\/li>\n<\/ul>\n<\/div>\n","protected":false},"featured_media":1398,"comment_status":"open","ping_status":"closed","template":"","meta":{"_joinchat":[]},"product_brand":[],"product_cat":[127],"product_tag":[],"class_list":{"0":"post-1397","1":"product","2":"type-product","3":"status-publish","4":"has-post-thumbnail","6":"product_cat-pharmacie-carbillet","8":"first","9":"instock","10":"sale","11":"shipping-taxable","12":"purchasable","13":"product-type-simple"},"_links":{"self":[{"href":"http:\/\/hcc-and-co.com\/fr_fr\/wp-json\/wp\/v2\/product\/1397","targetHints":{"allow":["GET"]}}],"collection":[{"href":"http:\/\/hcc-and-co.com\/fr_fr\/wp-json\/wp\/v2\/product"}],"about":[{"href":"http:\/\/hcc-and-co.com\/fr_fr\/wp-json\/wp\/v2\/types\/product"}],"replies":[{"embeddable":true,"href":"http:\/\/hcc-and-co.com\/fr_fr\/wp-json\/wp\/v2\/comments?post=1397"}],"wp:featuredmedia":[{"embeddable":true,"href":"http:\/\/hcc-and-co.com\/fr_fr\/wp-json\/wp\/v2\/media\/1398"}],"wp:attachment":[{"href":"http:\/\/hcc-and-co.com\/fr_fr\/wp-json\/wp\/v2\/media?parent=1397"}],"wp:term":[{"taxonomy":"product_brand","embeddable":true,"href":"http:\/\/hcc-and-co.com\/fr_fr\/wp-json\/wp\/v2\/product_brand?post=1397"},{"taxonomy":"product_cat","embeddable":true,"href":"http:\/\/hcc-and-co.com\/fr_fr\/wp-json\/wp\/v2\/product_cat?post=1397"},{"taxonomy":"product_tag","embeddable":true,"href":"http:\/\/hcc-and-co.com\/fr_fr\/wp-json\/wp\/v2\/product_tag?post=1397"}],"curies":[{"name":"wp","href":"https:\/\/api.w.org\/{rel}","templated":true}]}}