{"id":1408,"date":"2025-05-07T13:13:03","date_gmt":"2025-05-07T11:13:03","guid":{"rendered":"https:\/\/hcc-and-co.com\/?post_type=product&#038;p=1408"},"modified":"2025-11-01T13:46:33","modified_gmt":"2025-11-01T12:46:33","slug":"eau-micellaire","status":"publish","type":"product","link":"http:\/\/hcc-and-co.com\/fr_fr\/product\/eau-micellaire\/","title":{"rendered":"EAU MICELLAIRE"},"content":{"rendered":"<p class=\"accordion-toggle\" data-block-id=\"0\"><strong>BIENFAITS<\/strong><\/p>\n<div class=\"rte accordion-content\">\n<p>Eau nettoyante \u00e0 technologie micellaire qui garantit un nettoyage efficace et d\u00e9licat du visage et des yeux.<\/p>\n<p>Les micelles d\u2019esters de glyc\u00e9rol forment une\u00a0<strong>structure \u00e0 pelote qui englobe les impuret\u00e9s\u00a0<\/strong>du visage et les\u00a0<strong>\u00e9limine d\u00e9licatement<\/strong>.<\/p>\n<p>Elle contient un m\u00e9lange de tr\u00e9halose-allanto\u00efne qui\u00a0ensemble\u00a0<strong>prot\u00e8gent la membrane cellulaire, hydratent les couches sup\u00e9rieures de l&rsquo;\u00e9piderme\u00a0et apaisent la peau<\/strong>.<\/p>\n<p class=\"accordion-toggle\" data-block-id=\"1\"><strong>CONSEILS D\u2019UTILISATION<\/strong><\/p>\n<div class=\"rte accordion-content\">\n<p>Appliquer \u00e0 l\u2019aide d\u2019un coton et masser d\u00e9licatement le visage et le contour des yeux jusqu\u2019au nettoyage complet. Apr\u00e8s l&rsquo;application il n&rsquo;est pas n\u00e9cessaire de rincer le visage.<\/p>\n<p>Gr\u00e2ce \u00e0 son pouvoir d\u00e9maquillant, il est conseill\u00e9 d&rsquo;utiliser une quantit\u00e9 mod\u00e9r\u00e9e de produit.<\/p>\n<p class=\"accordion-toggle\" data-block-id=\"2\"><strong>INGR\u00c9DIENTS<\/strong><\/p>\n<div class=\"rte accordion-content\">\n<p>AQUA, PEG-6 CAPRYLIC\/CAPRIC GLYCERIDES, GLYCERIN, PENTYLENE GLYCOL, ALLANTOIN, CETRIMONIUM BROMIDE, CHLORPHENESIN, DISODIUM EDTA, SODIUM HYDROXIDE, TREHALOSE.<\/p>\n<p class=\"accordion-toggle\" data-block-id=\"3\"><strong>S\u00e9curit\u00e9<\/strong><\/p>\n<div class=\"rte accordion-content\">\n<ul>\n<li>\u200bFormul\u00e9 pour r\u00e9duire les risques d&rsquo;allergies<\/li>\n<li>D\u00e9velopp\u00e9 en collaboration avec des instituts universitaires<\/li>\n<li>Test\u00e9 dermatologiquement sur peaux sensibles<\/li>\n<li>Nickel &lt; 0,0001 % (1ppm)<\/li>\n<\/ul>\n<\/div>\n<\/div>\n<\/div>\n<p>&nbsp;<\/p>\n<\/div>\n","protected":false},"excerpt":{"rendered":"<div class=\"product__title__wrapper\">\n<div class=\"product-item__add-info components\"><strong>Allanto\u00efne<\/strong><\/div>\n<\/div>\n<div class=\"product__badge\"><a href=\"https:\/\/www.pharmacienspreparateurs.fr\/products\/solution-micellaire-acide-hyaluronique?variant=40504956092576#reviews-scroll\">Aller aux avis<\/a><\/div>\n<div class=\"product-item__abstract\">Nettoie, d\u00e9maquille et apaise visage et yeux.<\/div>\n<div class=\"product-description rte\">\n<p>Nettoyant d\u00e9maquillant apaisant pour le visage et les yeux, avec ou sans rin\u00e7age. Sans parfum.<\/p>\n<p><strong>Flacon 200ml ou flacon 400ml<\/strong><\/p>\n<p><span class=\"ms-rteThemeFontFace-1 ms-rteFontSize-2\"><span class=\"ms-rteFontSize-1\"><strong class=\"ms-rteFontSize-1\">Flacon en plastique recycl\u00e9 et recyclable<\/strong><\/span><\/span><\/p>\n<\/div>\n","protected":false},"featured_media":1409,"comment_status":"open","ping_status":"closed","template":"","meta":{"_joinchat":[]},"product_brand":[],"product_cat":[127],"product_tag":[],"class_list":{"0":"post-1408","1":"product","2":"type-product","3":"status-publish","4":"has-post-thumbnail","6":"product_cat-pharmacie-carbillet","8":"first","9":"instock","10":"sale","11":"shipping-taxable","12":"purchasable","13":"product-type-simple"},"_links":{"self":[{"href":"http:\/\/hcc-and-co.com\/fr_fr\/wp-json\/wp\/v2\/product\/1408","targetHints":{"allow":["GET"]}}],"collection":[{"href":"http:\/\/hcc-and-co.com\/fr_fr\/wp-json\/wp\/v2\/product"}],"about":[{"href":"http:\/\/hcc-and-co.com\/fr_fr\/wp-json\/wp\/v2\/types\/product"}],"replies":[{"embeddable":true,"href":"http:\/\/hcc-and-co.com\/fr_fr\/wp-json\/wp\/v2\/comments?post=1408"}],"wp:featuredmedia":[{"embeddable":true,"href":"http:\/\/hcc-and-co.com\/fr_fr\/wp-json\/wp\/v2\/media\/1409"}],"wp:attachment":[{"href":"http:\/\/hcc-and-co.com\/fr_fr\/wp-json\/wp\/v2\/media?parent=1408"}],"wp:term":[{"taxonomy":"product_brand","embeddable":true,"href":"http:\/\/hcc-and-co.com\/fr_fr\/wp-json\/wp\/v2\/product_brand?post=1408"},{"taxonomy":"product_cat","embeddable":true,"href":"http:\/\/hcc-and-co.com\/fr_fr\/wp-json\/wp\/v2\/product_cat?post=1408"},{"taxonomy":"product_tag","embeddable":true,"href":"http:\/\/hcc-and-co.com\/fr_fr\/wp-json\/wp\/v2\/product_tag?post=1408"}],"curies":[{"name":"wp","href":"https:\/\/api.w.org\/{rel}","templated":true}]}}