{"id":1459,"date":"2026-02-15T00:03:41","date_gmt":"2026-02-14T23:03:41","guid":{"rendered":"https:\/\/hcc-and-co.com\/?post_type=product&#038;p=1459"},"modified":"2026-02-15T00:04:09","modified_gmt":"2026-02-14T23:04:09","slug":"barriere-topialyse","status":"publish","type":"product","link":"http:\/\/hcc-and-co.com\/fr_fr\/product\/barriere-topialyse\/","title":{"rendered":"Barri\u00e8re TOPIALYSE"},"content":{"rendered":"<p><strong>FORMUL\u00c9 POUR<\/strong><br \/>\nZones r\u00e9actives, irrit\u00e9es et localis\u00e9es: mains, visage, corps. Peaux sensibles \u00e0 tendance atopique.<br \/>\n<strong>ENFANTS D\u00c8S 3 ANS, ADULTES<\/strong><br \/>\nConvient aux femmes enceintes et allaitantes.<br \/>\n<strong>TEXTURE NON GRASSE, NON COLLANTE<\/strong><br \/>\nFini invisible, r\u00e9siste \u00e0 l&rsquo;eau.<br \/>\n<strong>SANS PARFUM<\/strong><br \/>\nHypoallerg\u00e9nique.<br \/>\n<strong>TEST\u00c9 SOUS CONTR\u00d4LE DERMATOLOGIQUE<\/strong><br \/>\nSur peaux sensibles.<br \/>\n<strong>TEST\u00c9 SANS EFFET SUR LES M\u00c9CANISMES ENDOCRINIENS<\/strong><br \/>\nTests r\u00e9alis\u00e9s sur les axes oestrog\u00e9niques, androg\u00e9niques et thyro\u00efdiens par un laboratoire ind\u00e9pendant, sp\u00e9cialiste de la perturbation endocrinienne.<\/p>\n<p><strong>USAGE QUOTIDIEN<\/strong><br \/>\nSur les zones localis\u00e9es: corps,visage, mains et plis.<br \/>\nAppliquer \u00e0 chaque fois que le besoin s\u2019en fait sentir.<\/p>\n<p>\ud83d\udc9a<strong>UNE FORMULE D\u2019ORIGINE NATURELLE<\/strong><br \/>\n83% d\u2019ingr\u00e9dients d\u2019origine naturelle.<br \/>\n\u267b\ufe0f<strong>RECYCLABILIT\u00c9 ET R\u00c9-EMPLOI<\/strong><br \/>\nQualit\u00e9s et caract\u00e9ristiques environnementales : le tube en plastique et son \u00e9tui sont recyclables et doivent \u00eatre jet\u00e9s dans le bac de tri. Les consignes de tri peuvent varier localement.<\/p>\n<div class=\"swiper-slide swiper-slide-active\">\n<div class=\"justify-center items-center hidden lg:flex lg:w-[120px] lg:h-[120px]\"><img decoding=\"async\" class=\"w-full\" src=\"https:\/\/fr.svr.com\/cdn\/shop\/files\/PICTO_Site_100624_Plan_de_travail_1-05_-_copie_31497c18-ea09-451c-bb14-a15616f5645b.png?crop=center&amp;height=500&amp;v=1718188472&amp;width=500\" srcset=\"\/\/fr.svr.com\/cdn\/shop\/files\/PICTO_Site_100624_Plan_de_travail_1-05_-_copie_31497c18-ea09-451c-bb14-a15616f5645b.png?crop=center&amp;height=352&amp;v=1718188472&amp;width=352 352w, \/\/fr.svr.com\/cdn\/shop\/files\/PICTO_Site_100624_Plan_de_travail_1-05_-_copie_31497c18-ea09-451c-bb14-a15616f5645b.png?crop=center&amp;height=500&amp;v=1718188472&amp;width=500 500w\" alt=\"\" width=\"72\" height=\"72\" \/><img decoding=\"async\" class=\"w-full\" src=\"https:\/\/fr.svr.com\/cdn\/shop\/files\/PICTO_Site_100624_Plan_de_travail_1-04_-_copie.png?crop=center&amp;height=500&amp;v=1718188430&amp;width=500\" srcset=\"\/\/fr.svr.com\/cdn\/shop\/files\/PICTO_Site_100624_Plan_de_travail_1-04_-_copie.png?crop=center&amp;height=352&amp;v=1718188430&amp;width=352 352w, \/\/fr.svr.com\/cdn\/shop\/files\/PICTO_Site_100624_Plan_de_travail_1-04_-_copie.png?crop=center&amp;height=500&amp;v=1718188430&amp;width=500 500w\" alt=\"\" width=\"65\" height=\"65\" \/><img decoding=\"async\" class=\"w-full\" src=\"https:\/\/fr.svr.com\/cdn\/shop\/files\/PICTO_Site_100624_Plan_de_travail_1-03_-_copie.png?crop=center&amp;height=500&amp;v=1718188583&amp;width=500\" srcset=\"\/\/fr.svr.com\/cdn\/shop\/files\/PICTO_Site_100624_Plan_de_travail_1-03_-_copie.png?crop=center&amp;height=352&amp;v=1718188583&amp;width=352 352w, \/\/fr.svr.com\/cdn\/shop\/files\/PICTO_Site_100624_Plan_de_travail_1-03_-_copie.png?crop=center&amp;height=500&amp;v=1718188583&amp;width=500 500w\" alt=\"\" width=\"75\" height=\"75\" \/><img loading=\"lazy\" decoding=\"async\" class=\"w-full\" src=\"https:\/\/fr.svr.com\/cdn\/shop\/files\/PICTO_Site_180624_Plan_de_travail_1-01.png?crop=center&amp;height=497&amp;v=1718703118&amp;width=500\" srcset=\"\/\/fr.svr.com\/cdn\/shop\/files\/PICTO_Site_180624_Plan_de_travail_1-01.png?crop=center&amp;height=350&amp;v=1718703118&amp;width=352 352w, \/\/fr.svr.com\/cdn\/shop\/files\/PICTO_Site_180624_Plan_de_travail_1-01.png?crop=center&amp;height=497&amp;v=1718703118&amp;width=500 500w\" alt=\"\" width=\"85\" height=\"84\" \/><img loading=\"lazy\" decoding=\"async\" class=\"w-full\" src=\"https:\/\/fr.svr.com\/cdn\/shop\/files\/PICTO_Site_100624_Plan_de_travail_1-02_1_-_copie.png?crop=center&amp;height=500&amp;v=1718188738&amp;width=500\" srcset=\"\/\/fr.svr.com\/cdn\/shop\/files\/PICTO_Site_100624_Plan_de_travail_1-02_1_-_copie.png?crop=center&amp;height=352&amp;v=1718188738&amp;width=352 352w, \/\/fr.svr.com\/cdn\/shop\/files\/PICTO_Site_100624_Plan_de_travail_1-02_1_-_copie.png?crop=center&amp;height=500&amp;v=1718188738&amp;width=500 500w\" alt=\"\" width=\"64\" height=\"64\" \/><\/div>\n<\/div>\n","protected":false},"excerpt":{"rendered":"<p>Topialyse Barri\u00e8re votre alli\u00e9 pour une peau r\u00e9par\u00e9e et prot\u00e9g\u00e9e face aux agressions quotidennes. Notre formule triple action : r\u00e9pare, restaure et prot\u00e8ge les zones r\u00e9actives et irrit\u00e9es. Sans parfum, cette cr\u00e8me barri\u00e8re agit rapidement pour apaiser les sensations de d\u00e9mangeaisons et pr\u00e9venir leur r\u00e9apparition. Offrez \u00e0 votre peau un confort durable ainsi qu\u2019une sensation nourrissante au fini invisible, non gras et non collant.<\/p>\n","protected":false},"featured_media":1470,"comment_status":"open","ping_status":"closed","template":"","meta":{"_joinchat":[]},"product_brand":[],"product_cat":[128],"product_tag":[],"class_list":{"0":"post-1459","1":"product","2":"type-product","3":"status-publish","4":"has-post-thumbnail","6":"product_cat-s-v-r","8":"first","9":"instock","10":"sale","11":"shipping-taxable","12":"purchasable","13":"product-type-simple"},"_links":{"self":[{"href":"http:\/\/hcc-and-co.com\/fr_fr\/wp-json\/wp\/v2\/product\/1459","targetHints":{"allow":["GET"]}}],"collection":[{"href":"http:\/\/hcc-and-co.com\/fr_fr\/wp-json\/wp\/v2\/product"}],"about":[{"href":"http:\/\/hcc-and-co.com\/fr_fr\/wp-json\/wp\/v2\/types\/product"}],"replies":[{"embeddable":true,"href":"http:\/\/hcc-and-co.com\/fr_fr\/wp-json\/wp\/v2\/comments?post=1459"}],"wp:featuredmedia":[{"embeddable":true,"href":"http:\/\/hcc-and-co.com\/fr_fr\/wp-json\/wp\/v2\/media\/1470"}],"wp:attachment":[{"href":"http:\/\/hcc-and-co.com\/fr_fr\/wp-json\/wp\/v2\/media?parent=1459"}],"wp:term":[{"taxonomy":"product_brand","embeddable":true,"href":"http:\/\/hcc-and-co.com\/fr_fr\/wp-json\/wp\/v2\/product_brand?post=1459"},{"taxonomy":"product_cat","embeddable":true,"href":"http:\/\/hcc-and-co.com\/fr_fr\/wp-json\/wp\/v2\/product_cat?post=1459"},{"taxonomy":"product_tag","embeddable":true,"href":"http:\/\/hcc-and-co.com\/fr_fr\/wp-json\/wp\/v2\/product_tag?post=1459"}],"curies":[{"name":"wp","href":"https:\/\/api.w.org\/{rel}","templated":true}]}}