{"id":1475,"date":"2026-02-15T10:24:51","date_gmt":"2026-02-15T09:24:51","guid":{"rendered":"https:\/\/hcc-and-co.com\/?post_type=product&#038;p=1475"},"modified":"2026-02-15T10:24:51","modified_gmt":"2026-02-15T09:24:51","slug":"creme-lavante-sebiaclear","status":"publish","type":"product","link":"http:\/\/hcc-and-co.com\/fr_fr\/product\/creme-lavante-sebiaclear\/","title":{"rendered":"Cr\u00e8me Lavante SEBIACLEAR"},"content":{"rendered":"<p><strong>FORMUL\u00c9 POUR<\/strong><br \/>\nLes peaux \u00e0 tendance acn\u00e9ique d\u00e9shydrat\u00e9es ou fragilis\u00e9es par les traitements dess\u00e9chants. Visage et corps. Adolescents, adultes.<br \/>\n<strong>TEST\u00c9 SOUS CONTR\u00d4LE DERMATOLOGIQUE<\/strong><br \/>\nHypoallerg\u00e9nique. Non com\u00e9dog\u00e8ne.<br \/>\n<strong>TEST\u00c9 SANS EFFET SUR LES M\u00c9CANISMES ENDOCRINIENS<\/strong><br \/>\nTests r\u00e9alis\u00e9s sur les axes oestrog\u00e9niques, androg\u00e9niques et thyro\u00efdiens par un laboratoire ind\u00e9pendant, sp\u00e9cialiste de la perturbation endocrinienne.<\/p>\n<p><strong>APPLIQUEZ MATIN ET\/OU SOIR<\/strong><br \/>\nSur le visage et\/ou le corps. Massez doucement.<\/p>\n<p>\ud83d\udc9a<strong>UNE FORMULE D\u2019ORIGINE NATURELLE<\/strong><br \/>\n93% d\u2019ingr\u00e9dients d\u2019origine naturelle.<br \/>\n\u267b\ufe0f\u00a0<strong>RECYCLABILIT\u00c9 ET R\u00c9-EMPLOI<\/strong><br \/>\nQualit\u00e9s et caract\u00e9ristiques environnementales : la Cr\u00e8me Lavante Sebiaclear exsite en diff\u00e9rents formats :<br \/>\n&#8211; Le flacon 400mL est r\u00e9employable \u00e0 l\u2019aide de notre recharge. Il est \u00e9galement recyclable et doit se jeter dans le bac de tri. La pompe doit \u00eatre s\u00e9par\u00e9e et se jette \u00e9galement dans le bac de tri.<br \/>\n&#8211; Le doypack 400mL et son bouchon doivent \u00eatre jet\u00e9s dans le bac de tri.<br \/>\n&#8211; Le tube 200mL all\u00e9g\u00e9 en plastique avec -51% de plastique gr\u00e2ce \u00e0 son pack \u00e9co-fusion top. Il est recyclable et doit \u00eatre jet\u00e9 dans le bac de tri.<br \/>\nLes consignes de tri peuvent varier localement.<\/p>\n<section id=\"shopify-section-template--22087213777221__product_info_zfyBc8\" class=\"shopify-section container-fluid\">\n<div class=\"product-info\">\n<div class=\"row lg:!gap-x-7 lg:mb-10 mb-3\">\n<div class=\"col-span-full lg:col-span-7\">\n<h2 class=\"font-medium text-[32px] lg:text-[36px] mb-4\">INGR\u00c9DIENTS<\/h2>\n<div>\n<h3 class=\"text-h5 mb-2\">ZINC<\/h3>\n<p class=\"text-alternative-base lg:text-[18px] text-big\">R\u00e9gule l\u2019exc\u00e8s de s\u00e9bum.<\/p>\n<h3 class=\"text-h5 mb-2\">NIACINAMIDE + GLYC\u00c9RINE<\/h3>\n<p class=\"text-alternative-base lg:text-[18px] text-big\">Hydrate et favorise l\u2019\u00e9quilibre de la barri\u00e8re cutan\u00e9e.<\/p>\n<h3 class=\"text-h5 mb-2\">BASE LAVANTE DOUCE<\/h3>\n<h3 class=\"text-h5 mb-2\">Nettoie tout en respectant l\u2019\u00e9quilibre des peaux sensibles.<\/h3>\n<div class=\"product__ingredients\">\n<h3 class=\"text-h5\">Voir la liste des ingr\u00e9dients<\/h3>\n<div class=\"mt-3 product__ingredients--list is-active:block is-active\">\n<div>LAB21.40D.12 &#8211; INGREDIENTS : AQUA\/WATER\/EAU, GLYCERIN, CETEARYL ALCOHOL, POLYSORBATE 20, NIACINAMIDE, BEHENYL ALCOHOL, CETYL ALCOHOL, XANTHAN GUM, ZINC GLUCONATE, DECYL GLUCOSIDE, DISODIUM COCOYL GLUTAMATE, GLYCERYL STEARATE SE, ACRYLATES\/C10-30 ALKYL ACRYLATE CROSSPOLYMER, GLYCERYL STEARATE CITRATE, SODIUM HYDROXIDE, SODIUM PHYTATE, POTASSIUM SORBATE, SODIUM BENZOATE<\/div>\n<div class=\"mt-3\">La liste des ingr\u00e9dients peut \u00eatre soumise \u00e0 des modifications, nous vous conseillons de v\u00e9rifier la liste figurant sur le produit achet\u00e9.<\/div>\n<\/div>\n<\/div>\n<\/div>\n<\/div>\n<\/div>\n<\/div>\n<\/section>\n<section id=\"shopify-section-template--22087213777221__product_info_zxikrB\" class=\"shopify-section container-fluid\">\n<div class=\"product-info\">\n<div class=\"row lg:!gap-x-7 lg:mb-10 mb-3\">\n<div class=\"col-span-full lg:col-span-5 lg:col-start-1\">\n<div class=\"lg:sticky lg:top-[var(--offset)]\">\n<div class=\"aspect-[var(--1\/1)]\"><\/div>\n<\/div>\n<\/div>\n<\/div>\n<\/div>\n<\/section>\n<p>&nbsp;<\/p>\n","protected":false},"excerpt":{"rendered":"<p>Nettoyant cr\u00e8me visage et corps \u00e0 la texture douce et enveloppante pour les peaux \u00e0 tendance acn\u00e9ique d\u00e9shydrat\u00e9es et les peaux fragilis\u00e9es par les traitements dess\u00e9chants. Car m\u00eame les peaux s\u00e8ches peuvent avoir des boutons, Sebiaclear Cr\u00e8me Lavante et son association de zinc et de niacinamide purifie la peau et apaise les sensations d\u2019irritations tout en renfor\u00e7ant la barri\u00e8re cutan\u00e9e. La peau est douce, fraiche, et confortable. \ud83d\udc9a<\/p>\n","protected":false},"featured_media":1464,"comment_status":"open","ping_status":"closed","template":"","meta":{"_joinchat":[]},"product_brand":[],"product_cat":[90,128],"product_tag":[],"class_list":{"0":"post-1475","1":"product","2":"type-product","3":"status-publish","4":"has-post-thumbnail","6":"product_cat-espace-beaute-cosmetiques","7":"product_cat-s-v-r","9":"first","10":"instock","11":"sale","12":"shipping-taxable","13":"purchasable","14":"product-type-simple"},"_links":{"self":[{"href":"http:\/\/hcc-and-co.com\/fr_fr\/wp-json\/wp\/v2\/product\/1475","targetHints":{"allow":["GET"]}}],"collection":[{"href":"http:\/\/hcc-and-co.com\/fr_fr\/wp-json\/wp\/v2\/product"}],"about":[{"href":"http:\/\/hcc-and-co.com\/fr_fr\/wp-json\/wp\/v2\/types\/product"}],"replies":[{"embeddable":true,"href":"http:\/\/hcc-and-co.com\/fr_fr\/wp-json\/wp\/v2\/comments?post=1475"}],"wp:featuredmedia":[{"embeddable":true,"href":"http:\/\/hcc-and-co.com\/fr_fr\/wp-json\/wp\/v2\/media\/1464"}],"wp:attachment":[{"href":"http:\/\/hcc-and-co.com\/fr_fr\/wp-json\/wp\/v2\/media?parent=1475"}],"wp:term":[{"taxonomy":"product_brand","embeddable":true,"href":"http:\/\/hcc-and-co.com\/fr_fr\/wp-json\/wp\/v2\/product_brand?post=1475"},{"taxonomy":"product_cat","embeddable":true,"href":"http:\/\/hcc-and-co.com\/fr_fr\/wp-json\/wp\/v2\/product_cat?post=1475"},{"taxonomy":"product_tag","embeddable":true,"href":"http:\/\/hcc-and-co.com\/fr_fr\/wp-json\/wp\/v2\/product_tag?post=1475"}],"curies":[{"name":"wp","href":"https:\/\/api.w.org\/{rel}","templated":true}]}}