{"id":1478,"date":"2026-02-15T10:37:16","date_gmt":"2026-02-15T09:37:16","guid":{"rendered":"https:\/\/hcc-and-co.com\/?post_type=product&#038;p=1478"},"modified":"2026-02-15T10:37:16","modified_gmt":"2026-02-15T09:37:16","slug":"dm-protect-ak-secure","status":"publish","type":"product","link":"http:\/\/hcc-and-co.com\/fr_fr\/product\/dm-protect-ak-secure\/","title":{"rendered":"DM Protect AK secure"},"content":{"rendered":"<div class=\"has-more cursor-pointer accordions__item-title__wrapper accordion-shared-12 is-expanded\" data-check-class=\"\" data-uniq=\"860\" data-toggle-target=\"#a-860&amp;this\" data-toggle-classname=\"is-expanded\" data-remove-target=\".accordion-shared-12:not([data-uniq='860'])\" data-remove-classname=\"is-expanded\">\n<div class=\"accordions__item-title\">\n<div class=\"prose-responsive max-w-full prose-prevent-my\">\n<h5>NOTRE PROMESSE<\/h5>\n<\/div>\n<\/div>\n<\/div>\n<div id=\"a-860\" class=\"content accordion-shared-12 is-expanded\" data-check-class=\"\" data-uniq=\"860\">\n<div class=\"accordions__item-content\">\n<div class=\"pt-4 [&amp;_*]:lg:text-[18px] text-alternative-base\">\n<div class=\"prose-responsive max-w-full \">\n<p><strong>PR\u00c9VENTION DES CANCERS CUTAN\u00c9S NON-M\u00c9LANOMES ET DES K\u00c9RATOSES ACTINIQUES<\/strong><br \/>\n<strong>FORMUL\u00c9 POUR LES PEAUX HYPERSENSIBLES AU SOLEIL OU \u00c0 RISQUE<\/strong><br \/>\nPhototypes clairs I et II ou immunosupprim\u00e9s.<br \/>\n<strong>FLACON POMPE POUR FACILITER LE DOSAGE ET L&rsquo;APPLICATION<\/strong><\/p>\n<p><strong>APPLIQUEZ LE MATIN ET AVANT L\u2019EXPOSITION<\/strong><br \/>\nSur les zones concern\u00e9es (visage, oreilles, d\u00e9collet\u00e9, cuir chevelu, dos des mains, membres inf\u00e9rieurs et sup\u00e9rieurs) de fa\u00e7on uniforme.<br \/>\nRenouvelez l\u2019application apr\u00e8s un contact avec l\u2019eau ou une forte transpiration. \u00c9vitez le contact avec les yeux et avec les muqueuses.<br \/>\nLisez attentivement la notice avant utilisation.<\/p>\n<p>Visage \u2265 2 pressions<br \/>\nCou \u2265 2 pressions<br \/>\nD\u00e9collet\u00e9 \u2265 1 pression<br \/>\nCuir chevelu \u2265 2 pressions<br \/>\nPar avant-bras \u2265 3 pressions<br \/>\nDos d\u2019une main \u2265 1 pression<br \/>\nLa protection peut \u00eatre diminu\u00e9e par l\u2019utilisation d\u2019une quantit\u00e9 moindre.<\/p>\n<p>\u267b\ufe0f\u00a0<strong>RECYCLABILIT\u00c9 ET R\u00c9-EMPLOI<\/strong><br \/>\nQualit\u00e9s et caract\u00e9ristiques environnementales : le flacon et la pompe doivent rester assembl\u00e9s et sont \u00e0 jeter dans le bac de tri. L\u2019\u00e9tui et la notice sont recyclables et doivent \u00eatre jet\u00e9s dans le bac de tri. Les consignes de tri peuvent varier localement.<\/p>\n<p>&nbsp;<\/p>\n<\/div>\n<\/div>\n<\/div>\n<\/div>\n","protected":false},"excerpt":{"rendered":"<p>Dispositif m\u00e9dical d\u00e9velopp\u00e9 pour la pr\u00e9vention des cancers cutan\u00e9s non-m\u00e9lanomes et des k\u00e9ratoses actiniques. AK Secure DM Protect offre une tr\u00e8s haute protection solaire pour pr\u00e9venir chaque jour des dommages induits par les UVA et UVB, dans une texture hydratante au toucher sec et au fini invisible. Il est adapt\u00e9 aux peaux hypersensibles au soleil ou \u00e0 risques : phototypes clairs I et II ou immunosupprim\u00e9s.<\/p>\n","protected":false},"featured_media":1467,"comment_status":"open","ping_status":"closed","template":"","meta":{"_joinchat":[]},"product_brand":[],"product_cat":[90,128],"product_tag":[],"class_list":{"0":"post-1478","1":"product","2":"type-product","3":"status-publish","4":"has-post-thumbnail","6":"product_cat-espace-beaute-cosmetiques","7":"product_cat-s-v-r","9":"first","10":"instock","11":"sale","12":"shipping-taxable","13":"purchasable","14":"product-type-simple"},"_links":{"self":[{"href":"http:\/\/hcc-and-co.com\/fr_fr\/wp-json\/wp\/v2\/product\/1478","targetHints":{"allow":["GET"]}}],"collection":[{"href":"http:\/\/hcc-and-co.com\/fr_fr\/wp-json\/wp\/v2\/product"}],"about":[{"href":"http:\/\/hcc-and-co.com\/fr_fr\/wp-json\/wp\/v2\/types\/product"}],"replies":[{"embeddable":true,"href":"http:\/\/hcc-and-co.com\/fr_fr\/wp-json\/wp\/v2\/comments?post=1478"}],"wp:featuredmedia":[{"embeddable":true,"href":"http:\/\/hcc-and-co.com\/fr_fr\/wp-json\/wp\/v2\/media\/1467"}],"wp:attachment":[{"href":"http:\/\/hcc-and-co.com\/fr_fr\/wp-json\/wp\/v2\/media?parent=1478"}],"wp:term":[{"taxonomy":"product_brand","embeddable":true,"href":"http:\/\/hcc-and-co.com\/fr_fr\/wp-json\/wp\/v2\/product_brand?post=1478"},{"taxonomy":"product_cat","embeddable":true,"href":"http:\/\/hcc-and-co.com\/fr_fr\/wp-json\/wp\/v2\/product_cat?post=1478"},{"taxonomy":"product_tag","embeddable":true,"href":"http:\/\/hcc-and-co.com\/fr_fr\/wp-json\/wp\/v2\/product_tag?post=1478"}],"curies":[{"name":"wp","href":"https:\/\/api.w.org\/{rel}","templated":true}]}}