{"id":1480,"date":"2026-02-15T20:02:48","date_gmt":"2026-02-15T19:02:48","guid":{"rendered":"https:\/\/hcc-and-co.com\/?post_type=product&#038;p=1480"},"modified":"2026-02-15T20:02:49","modified_gmt":"2026-02-15T19:02:49","slug":"sebiaclear-cicapeel","status":"publish","type":"product","link":"http:\/\/hcc-and-co.com\/fr_fr\/product\/sebiaclear-cicapeel\/","title":{"rendered":"SEBIACLEAR Cicapeel"},"content":{"rendered":"<p><strong>FORMUL\u00c9 POUR<\/strong><br \/>\nLes peaux mixtes \u00e0 grasses, \u00e0 tendance acn\u00e9ique, m\u00eame sensibles. Visage.<br \/>\n<strong>TEST\u00c9 SOUS CONTR\u00d4LE DERMATOLOGIQUE<\/strong><br \/>\nHypoallerg\u00e9nique. Non com\u00e9dog\u00e8ne.<\/p>\n<div class=\"has-more cursor-pointer accordions__item-title__wrapper accordion-shared-12 is-expanded\" data-check-class=\"\" data-uniq=\"155\" data-toggle-target=\"#a-155&amp;this\" data-toggle-classname=\"is-expanded\" data-remove-target=\".accordion-shared-12:not([data-uniq='155'])\" data-remove-classname=\"is-expanded\">\n<div class=\"accordions__item-title\">\n<div class=\"prose-responsive max-w-full prose-prevent-my\">\n<h5>CONSEILS D&rsquo;UTILISATION<\/h5>\n<\/div>\n<\/div>\n<\/div>\n<div id=\"a-155\" class=\"content accordion-shared-12 is-expanded\" data-check-class=\"\" data-uniq=\"155\">\n<div class=\"accordions__item-content\">\n<div class=\"pt-4 [&amp;_*]:lg:text-[18px] text-alternative-base\">\n<div class=\"prose-responsive max-w-full \">\n<p><strong>APPLIQUEZ LOCALEMENT<\/strong><br \/>\nUne \u00e0 plusieurs fois par jour selon le besoin.<br \/>\n<strong>COMPATIBLE AVEC LE MAQUILLAGE<\/strong><\/p>\n<\/div>\n<\/div>\n<\/div>\n<\/div>\n<p>\u267b\ufe0f<strong>RECYCLABILIT\u00c9 ET TRI<\/strong><br \/>\nEmballage enti\u00e8rement recyclable.<\/p>\n","protected":false},"excerpt":{"rendered":"<p>Un stop-boutons efficacit\u00e9 24h<sup>1<\/sup>\u00a0sous forme de gel pour les peaux mixtes \u00e0 grasses \u00e0 tendance acn\u00e9ique, m\u00eame sensibles. Le bouton au mauvais moment, un classique ! Sebiaclear Cicapeel, c\u2019est le geste SOS \u00e0 l\u2019action cibl\u00e9e qui ass\u00e8che et r\u00e9duit les boutons et points noirs en un temps record tout att\u00e9nuant visiblement les marques rouges et brunes. Une solution pour chaque boutons. \ud83d\udc9a<\/p>\n","protected":false},"featured_media":1481,"comment_status":"open","ping_status":"closed","template":"","meta":{"_joinchat":[]},"product_brand":[],"product_cat":[90,128],"product_tag":[],"class_list":{"0":"post-1480","1":"product","2":"type-product","3":"status-publish","4":"has-post-thumbnail","6":"product_cat-espace-beaute-cosmetiques","7":"product_cat-s-v-r","9":"first","10":"instock","11":"sale","12":"shipping-taxable","13":"purchasable","14":"product-type-simple"},"_links":{"self":[{"href":"http:\/\/hcc-and-co.com\/fr_fr\/wp-json\/wp\/v2\/product\/1480","targetHints":{"allow":["GET"]}}],"collection":[{"href":"http:\/\/hcc-and-co.com\/fr_fr\/wp-json\/wp\/v2\/product"}],"about":[{"href":"http:\/\/hcc-and-co.com\/fr_fr\/wp-json\/wp\/v2\/types\/product"}],"replies":[{"embeddable":true,"href":"http:\/\/hcc-and-co.com\/fr_fr\/wp-json\/wp\/v2\/comments?post=1480"}],"wp:featuredmedia":[{"embeddable":true,"href":"http:\/\/hcc-and-co.com\/fr_fr\/wp-json\/wp\/v2\/media\/1481"}],"wp:attachment":[{"href":"http:\/\/hcc-and-co.com\/fr_fr\/wp-json\/wp\/v2\/media?parent=1480"}],"wp:term":[{"taxonomy":"product_brand","embeddable":true,"href":"http:\/\/hcc-and-co.com\/fr_fr\/wp-json\/wp\/v2\/product_brand?post=1480"},{"taxonomy":"product_cat","embeddable":true,"href":"http:\/\/hcc-and-co.com\/fr_fr\/wp-json\/wp\/v2\/product_cat?post=1480"},{"taxonomy":"product_tag","embeddable":true,"href":"http:\/\/hcc-and-co.com\/fr_fr\/wp-json\/wp\/v2\/product_tag?post=1480"}],"curies":[{"name":"wp","href":"https:\/\/api.w.org\/{rel}","templated":true}]}}