{"id":1506,"date":"2026-02-15T20:07:10","date_gmt":"2026-02-15T19:07:10","guid":{"rendered":"https:\/\/hcc-and-co.com\/?post_type=product&#038;p=1506"},"modified":"2026-02-15T20:07:11","modified_gmt":"2026-02-15T19:07:11","slug":"sebiaclear-serum","status":"publish","type":"product","link":"http:\/\/hcc-and-co.com\/fr_fr\/product\/sebiaclear-serum\/","title":{"rendered":"SEBIACLEAR S\u00e9rum"},"content":{"rendered":"<p><strong>FORMUL\u00c9 POUR<\/strong><br \/>\nToutes les peaux adultes grasses \u00e0 tendance acn\u00e9ique, m\u00eame sensibles.<br \/>\n<strong>TEST\u00c9 SOUS CONTR\u00d4LE DERMATOLOGIQUE<\/strong><br \/>\nHypoallerg\u00e9nique. Non com\u00e9dog\u00e8ne.<br \/>\n<strong>TEST\u00c9 PERTURBATEURS ENDOCRINIENS<\/strong><br \/>\nTest\u00e9 sur les m\u00e9canismes endocriniens oestrog\u00e9niques, androg\u00e9niques et thyro\u00efdiens. Tests r\u00e9alis\u00e9s par un laboratoire ind\u00e9pendant, expert de la perturbation endocrinienne.<\/p>\n<p><strong>APPLIQUEZ MATIN ET\/OU SOIR<\/strong><br \/>\nSur l\u2019ensemble du visage, le cou et le d\u00e9collet\u00e9.<br \/>\n<strong>EXCELLENTE BASE DE MAQUILLAGE<\/strong><\/p>\n<p>\u267b\ufe0f<strong>RECYCLABILIT\u00c9 ET TRI<\/strong><br \/>\nEtui en carton recyclable &amp; flacon en verre recyclable.<\/p>\n<p>&nbsp;<\/p>\n","protected":false},"excerpt":{"rendered":"<p style=\"text-align: left;\">L\u2019alli\u00e9 des peaux adultes \u00e0 tendance acn\u00e9ique qui souhaitent une solution anti-imperfections et anti-rides. Exit les boutons, pores dilat\u00e9s et marques r\u00e9siduelles ! Gr\u00e2ce \u00e0 ses propri\u00e9t\u00e9s antioxydantes, Sebiaclear S\u00e9rum rend la peau nette et lisse et la prot\u00e8ge des agressions ext\u00e9rieures.\ud83d\udc9a<\/p>\n","protected":false},"featured_media":1482,"comment_status":"open","ping_status":"closed","template":"","meta":{"_joinchat":[]},"product_brand":[],"product_cat":[90,128],"product_tag":[],"class_list":{"0":"post-1506","1":"product","2":"type-product","3":"status-publish","4":"has-post-thumbnail","6":"product_cat-espace-beaute-cosmetiques","7":"product_cat-s-v-r","9":"first","10":"instock","11":"sale","12":"shipping-taxable","13":"purchasable","14":"product-type-simple"},"_links":{"self":[{"href":"http:\/\/hcc-and-co.com\/fr_fr\/wp-json\/wp\/v2\/product\/1506","targetHints":{"allow":["GET"]}}],"collection":[{"href":"http:\/\/hcc-and-co.com\/fr_fr\/wp-json\/wp\/v2\/product"}],"about":[{"href":"http:\/\/hcc-and-co.com\/fr_fr\/wp-json\/wp\/v2\/types\/product"}],"replies":[{"embeddable":true,"href":"http:\/\/hcc-and-co.com\/fr_fr\/wp-json\/wp\/v2\/comments?post=1506"}],"wp:featuredmedia":[{"embeddable":true,"href":"http:\/\/hcc-and-co.com\/fr_fr\/wp-json\/wp\/v2\/media\/1482"}],"wp:attachment":[{"href":"http:\/\/hcc-and-co.com\/fr_fr\/wp-json\/wp\/v2\/media?parent=1506"}],"wp:term":[{"taxonomy":"product_brand","embeddable":true,"href":"http:\/\/hcc-and-co.com\/fr_fr\/wp-json\/wp\/v2\/product_brand?post=1506"},{"taxonomy":"product_cat","embeddable":true,"href":"http:\/\/hcc-and-co.com\/fr_fr\/wp-json\/wp\/v2\/product_cat?post=1506"},{"taxonomy":"product_tag","embeddable":true,"href":"http:\/\/hcc-and-co.com\/fr_fr\/wp-json\/wp\/v2\/product_tag?post=1506"}],"curies":[{"name":"wp","href":"https:\/\/api.w.org\/{rel}","templated":true}]}}