{"id":1508,"date":"2026-02-15T20:17:22","date_gmt":"2026-02-15T19:17:22","guid":{"rendered":"https:\/\/hcc-and-co.com\/?post_type=product&#038;p=1508"},"modified":"2026-02-15T20:17:22","modified_gmt":"2026-02-15T19:17:22","slug":"sebiaclear-hydra","status":"publish","type":"product","link":"http:\/\/hcc-and-co.com\/fr_fr\/product\/sebiaclear-hydra\/","title":{"rendered":"SEBIACLEAR Hydra"},"content":{"rendered":"<p><strong>FORMUL\u00c9 POUR<\/strong><br \/>\nLes peaux \u00e0 tendance acn\u00e9ique d\u00e9shydrat\u00e9es ou sous traitements dess\u00e9chants.<br \/>\n\ud83d\udc9a<strong>UNE FORMULE D\u2019ORIGINE NATURELLE<\/strong><br \/>\n90% d\u2019ingr\u00e9dients d\u2019origine naturelle.<br \/>\n<strong>TEST\u00c9 SOUS CONTR\u00d4LE DERMATOLOGIQUE<\/strong><br \/>\nHypoallerg\u00e9nique. Non com\u00e9dog\u00e8ne. pH physiologique.<br \/>\nTEST\u00c9 PERTURBATEURS ENDOCRINIENS<br \/>\nTest\u00e9 sur les m\u00e9canismes endocriniens oestrog\u00e9niques, androg\u00e9niques et thyro\u00efdiens. Tests r\u00e9alis\u00e9s par un laboratoire ind\u00e9pendant, expert de la perturbation endocrinienne.<\/p>\n<p><strong>APPLIQUEZ MATIN ET\/OU SOIR<\/strong><br \/>\nSur une peau nettoy\u00e9e pr\u00e9alablement avec SEBIACLEAR Cr\u00e8me Lavante.<\/p>\n","protected":false},"excerpt":{"rendered":"<div class=\"block\">\n<div class=\"mt-3\">\n<div class=\"hidden lg:block\">\n<div class=\"prose-responsive prose-prevent-my text-big text-alternative-base lg:text-[18px]\">Cr\u00e8me r\u00e9paratrice hydratante au confort longue dur\u00e9e pour les peaux \u00e0 tendance acn\u00e9ique d\u00e9shydrat\u00e9es ou sous traitements dess\u00e9chants. Plus qu\u2019un soin compensateur, Sebiaclear Hydra apaise les irritations li\u00e9es au dess\u00e8chement cutan\u00e9, r\u00e9pare la peau et agit sur les imperfections et les rougeurs. \ud83d\udc9a<\/div>\n<\/div>\n<\/div>\n<\/div>\n<div class=\"block\"><\/div>\n","protected":false},"featured_media":1484,"comment_status":"open","ping_status":"closed","template":"","meta":{"_joinchat":[]},"product_brand":[],"product_cat":[90,128],"product_tag":[],"class_list":{"0":"post-1508","1":"product","2":"type-product","3":"status-publish","4":"has-post-thumbnail","6":"product_cat-espace-beaute-cosmetiques","7":"product_cat-s-v-r","9":"first","10":"instock","11":"sale","12":"shipping-taxable","13":"purchasable","14":"product-type-simple"},"_links":{"self":[{"href":"http:\/\/hcc-and-co.com\/fr_fr\/wp-json\/wp\/v2\/product\/1508","targetHints":{"allow":["GET"]}}],"collection":[{"href":"http:\/\/hcc-and-co.com\/fr_fr\/wp-json\/wp\/v2\/product"}],"about":[{"href":"http:\/\/hcc-and-co.com\/fr_fr\/wp-json\/wp\/v2\/types\/product"}],"replies":[{"embeddable":true,"href":"http:\/\/hcc-and-co.com\/fr_fr\/wp-json\/wp\/v2\/comments?post=1508"}],"wp:featuredmedia":[{"embeddable":true,"href":"http:\/\/hcc-and-co.com\/fr_fr\/wp-json\/wp\/v2\/media\/1484"}],"wp:attachment":[{"href":"http:\/\/hcc-and-co.com\/fr_fr\/wp-json\/wp\/v2\/media?parent=1508"}],"wp:term":[{"taxonomy":"product_brand","embeddable":true,"href":"http:\/\/hcc-and-co.com\/fr_fr\/wp-json\/wp\/v2\/product_brand?post=1508"},{"taxonomy":"product_cat","embeddable":true,"href":"http:\/\/hcc-and-co.com\/fr_fr\/wp-json\/wp\/v2\/product_cat?post=1508"},{"taxonomy":"product_tag","embeddable":true,"href":"http:\/\/hcc-and-co.com\/fr_fr\/wp-json\/wp\/v2\/product_tag?post=1508"}],"curies":[{"name":"wp","href":"https:\/\/api.w.org\/{rel}","templated":true}]}}