{"id":1509,"date":"2026-02-15T20:20:15","date_gmt":"2026-02-15T19:20:15","guid":{"rendered":"https:\/\/hcc-and-co.com\/?post_type=product&#038;p=1509"},"modified":"2026-02-15T20:20:15","modified_gmt":"2026-02-15T19:20:15","slug":"sebiaclear-matpores","status":"publish","type":"product","link":"http:\/\/hcc-and-co.com\/fr_fr\/product\/sebiaclear-matpores\/","title":{"rendered":"SEBIACLEAR Mat+Pores"},"content":{"rendered":"<p><strong>FORMUL\u00c9 POUR<\/strong><br \/>\nToutes les peaux mixtes \u00e0 grasses \u00e0 tendance acn\u00e9ique, m\u00eame sensibles.<br \/>\n<strong>TEST\u00c9 SOUS CONTR\u00d4LE DERMATOLOGIQUE<\/strong><br \/>\nHypoallerg\u00e9nique. Non com\u00e9dog\u00e8ne.<br \/>\n<strong>TEST\u00c9 PERTURBATEURS ENDOCRINIENS<\/strong><br \/>\nTest\u00e9 sur les m\u00e9canismes endocriniens oestrog\u00e9niques, androg\u00e9niques et thyro\u00efdiens. Tests r\u00e9alis\u00e9s par un laboratoire ind\u00e9pendant, expert de la perturbation endocrinienne.<\/p>\n<p>&nbsp;<\/p>\n","protected":false},"excerpt":{"rendered":"<p>Matifiant hydratant s\u00e9bo-r\u00e9gulateur anti-pores dilat\u00e9s pour les peaux mixtes \u00e0 grasses, m\u00eame sensibles.Effacez pores et brillances avec Sebiaclear MAT+PORES. Il resserre les pores, maintient l\u2019hydratation, et matifie la peau. Sa formule absorbe l\u2019exc\u00e8s de s\u00e9bum et affine le grain de peau. Sa texture fluide oil-free maintient l\u2019hydratation de la peau et p\u00e9n\u00e8tre rapidement pour un fini mat et velout\u00e9.\ud83d\udc9a<\/p>\n","protected":false},"featured_media":1485,"comment_status":"open","ping_status":"closed","template":"","meta":{"_joinchat":[]},"product_brand":[],"product_cat":[90,128],"product_tag":[],"class_list":{"0":"post-1509","1":"product","2":"type-product","3":"status-publish","4":"has-post-thumbnail","6":"product_cat-espace-beaute-cosmetiques","7":"product_cat-s-v-r","9":"first","10":"instock","11":"sale","12":"shipping-taxable","13":"purchasable","14":"product-type-simple"},"_links":{"self":[{"href":"http:\/\/hcc-and-co.com\/fr_fr\/wp-json\/wp\/v2\/product\/1509","targetHints":{"allow":["GET"]}}],"collection":[{"href":"http:\/\/hcc-and-co.com\/fr_fr\/wp-json\/wp\/v2\/product"}],"about":[{"href":"http:\/\/hcc-and-co.com\/fr_fr\/wp-json\/wp\/v2\/types\/product"}],"replies":[{"embeddable":true,"href":"http:\/\/hcc-and-co.com\/fr_fr\/wp-json\/wp\/v2\/comments?post=1509"}],"wp:featuredmedia":[{"embeddable":true,"href":"http:\/\/hcc-and-co.com\/fr_fr\/wp-json\/wp\/v2\/media\/1485"}],"wp:attachment":[{"href":"http:\/\/hcc-and-co.com\/fr_fr\/wp-json\/wp\/v2\/media?parent=1509"}],"wp:term":[{"taxonomy":"product_brand","embeddable":true,"href":"http:\/\/hcc-and-co.com\/fr_fr\/wp-json\/wp\/v2\/product_brand?post=1509"},{"taxonomy":"product_cat","embeddable":true,"href":"http:\/\/hcc-and-co.com\/fr_fr\/wp-json\/wp\/v2\/product_cat?post=1509"},{"taxonomy":"product_tag","embeddable":true,"href":"http:\/\/hcc-and-co.com\/fr_fr\/wp-json\/wp\/v2\/product_tag?post=1509"}],"curies":[{"name":"wp","href":"https:\/\/api.w.org\/{rel}","templated":true}]}}