{"id":1510,"date":"2026-02-15T20:24:00","date_gmt":"2026-02-15T19:24:00","guid":{"rendered":"https:\/\/hcc-and-co.com\/?post_type=product&#038;p=1510"},"modified":"2026-02-15T20:24:00","modified_gmt":"2026-02-15T19:24:00","slug":"spirial-deo-douche","status":"publish","type":"product","link":"http:\/\/hcc-and-co.com\/fr_fr\/product\/spirial-deo-douche\/","title":{"rendered":"SPIRIAL D\u00e9o-Douche"},"content":{"rendered":"<p><strong>FORMUL\u00c9 POUR<\/strong><br \/>\nToutes les peaux m\u00eame sensibles. Visage, corps, hygi\u00e8ne intime, cheveux.<br \/>\n<strong>ENFANTS D\u00c8S 10 ANS, ADULTES<\/strong><br \/>\nConvient aux femmes enceintes et allaitantes.<br \/>\nT<strong>EXTURE ET PARFUM FRAIS<\/strong><br \/>\nHypoallerg\u00e9nique. Parfum mixte.<br \/>\n\ud83d\udc9a<strong>UNE FORMULE D&rsquo;ORIGINE NATURELLE<\/strong><br \/>\n85% d\u2019ingr\u00e9dients d\u2019origine naturelle.<br \/>\n<strong>FORMULE BIOD\u00c9GRADABLE<sup>2<\/sup><\/strong><br \/>\nSans sels d&rsquo;aluminium, pH physiologique.<br \/>\n<strong>TEST\u00c9 SOUS CONTR\u00d4LE DERMATOLOGIQUE ET GYN\u00c9COLOGIQUE<\/strong><br \/>\n<strong>TEST\u00c9 PERTURBATEURS ENDOCRINIENS<\/strong><br \/>\nTest\u00e9 sur les m\u00e9canismes endocriniens oestrog\u00e9niques, androg\u00e9niques et thyro\u00efdiens. Tests r\u00e9alis\u00e9s par un laboratoire ind\u00e9pendant, expert de la perturbation endocrinienne.<\/p>\n<p><strong>APPLIQUEZ<\/strong><br \/>\nSur peau mouill\u00e9e.<br \/>\n<strong>FAITES MOUSSER<\/strong><br \/>\nPuis rincez avant d\u2019appliquer votre d\u00e9odorant ou anti-transpirant habituel.<\/p>\n<p>\u267b\ufe0f<strong>RECYCLABILIT\u00c9 ET TRI<\/strong><br \/>\nQualit\u00e9s et caract\u00e9ristiques environnementales : emballage enti\u00e8rement recyclable. Les consignes de tri peuvent varier localement.<\/p>\n","protected":false},"excerpt":{"rendered":"<p>Le gel douche 2 en 1 : nettoyant et d\u00e9odorant fra\u00eecheur intense, multi-zones \u00e0 l\u2019efficacit\u00e9 24h1. Il Iutte contre les odeurs corporelles tout en maintenant l\u2019\u00e9quilibre de la flore cutan\u00e9e m\u00eame des peaux sensibles. La peau est fra\u00eeche et douce d\u00e8s la sortie de la douche et les mauvaises odeurs contr\u00f4l\u00e9es tout au long de la journ\u00e9e.<\/p>\n","protected":false},"featured_media":1493,"comment_status":"open","ping_status":"closed","template":"","meta":{"_joinchat":[]},"product_brand":[],"product_cat":[90,128],"product_tag":[],"class_list":{"0":"post-1510","1":"product","2":"type-product","3":"status-publish","4":"has-post-thumbnail","6":"product_cat-espace-beaute-cosmetiques","7":"product_cat-s-v-r","9":"first","10":"instock","11":"sale","12":"shipping-taxable","13":"purchasable","14":"product-type-simple"},"_links":{"self":[{"href":"http:\/\/hcc-and-co.com\/fr_fr\/wp-json\/wp\/v2\/product\/1510","targetHints":{"allow":["GET"]}}],"collection":[{"href":"http:\/\/hcc-and-co.com\/fr_fr\/wp-json\/wp\/v2\/product"}],"about":[{"href":"http:\/\/hcc-and-co.com\/fr_fr\/wp-json\/wp\/v2\/types\/product"}],"replies":[{"embeddable":true,"href":"http:\/\/hcc-and-co.com\/fr_fr\/wp-json\/wp\/v2\/comments?post=1510"}],"wp:featuredmedia":[{"embeddable":true,"href":"http:\/\/hcc-and-co.com\/fr_fr\/wp-json\/wp\/v2\/media\/1493"}],"wp:attachment":[{"href":"http:\/\/hcc-and-co.com\/fr_fr\/wp-json\/wp\/v2\/media?parent=1510"}],"wp:term":[{"taxonomy":"product_brand","embeddable":true,"href":"http:\/\/hcc-and-co.com\/fr_fr\/wp-json\/wp\/v2\/product_brand?post=1510"},{"taxonomy":"product_cat","embeddable":true,"href":"http:\/\/hcc-and-co.com\/fr_fr\/wp-json\/wp\/v2\/product_cat?post=1510"},{"taxonomy":"product_tag","embeddable":true,"href":"http:\/\/hcc-and-co.com\/fr_fr\/wp-json\/wp\/v2\/product_tag?post=1510"}],"curies":[{"name":"wp","href":"https:\/\/api.w.org\/{rel}","templated":true}]}}