{"id":1511,"date":"2026-02-15T20:26:42","date_gmt":"2026-02-15T19:26:42","guid":{"rendered":"https:\/\/hcc-and-co.com\/?post_type=product&#038;p=1511"},"modified":"2026-02-15T20:26:42","modified_gmt":"2026-02-15T19:26:42","slug":"sebiaclear-micro-peel","status":"publish","type":"product","link":"http:\/\/hcc-and-co.com\/fr_fr\/product\/sebiaclear-micro-peel\/","title":{"rendered":"SEBIACLEAR MIcro-Peel"},"content":{"rendered":"<p><strong>FORMUL\u00c9 POUR<\/strong><br \/>\nLes peaux sensibles mixtes \u00e0 grasses, \u00e0 tendance acn\u00e9ique. \ud83d\udc9a<strong>UNE FORMULE D\u2019ORIGINE NATURELLE<\/strong>\u00a090% d\u2019ingr\u00e9dients d\u2019origine naturelle.<br \/>\n<strong>TEST\u00c9 SOUS CONTR\u00d4LE DERMATOLOGIQUE<\/strong><br \/>\nNon com\u00e9dog\u00e8ne. Ne pique pas les yeux. pH Physiologique.<br \/>\n<strong>TEST\u00c9 PERTURBATEURS ENDOCRINIENS<\/strong><br \/>\nTest\u00e9 sur les m\u00e9canismes endocriniens oestrog\u00e9niques, androg\u00e9niques et thyro\u00efdiens. Tests r\u00e9alis\u00e9s par un laboratoire ind\u00e9pendant, expert de la perturbation endocrinienne.<\/p>\n<p><strong>APPLIQUEZ MATIN ET\/OU SOIR<\/strong><br \/>\nA l\u2019aide d\u2019un coton sur l\u2019ensemble du visage, en insistant sur les zones \u00e0 imperfections. Peut \u00e9galement s\u2019appliquer sans coton, directement au creux de la main.<\/p>\n<p>&nbsp;<\/p>\n<p>&nbsp;<\/p>\n","protected":false},"excerpt":{"rendered":"<p>Lotion lissante et d\u00e9sincrustante pr\u00e9parant les peaux mixtes \u00e0 grasses \u00e0 recevoir leurs soins ! Sebiaclear Micropeel puise son efficacit\u00e9 dans un duo d\u2019acides exfoliants qui agissent rapidement sur les imperfections sans renoncer \u00e0 la tol\u00e9rance. Un coup de fraicheur pour une peau purifi\u00e9e, des points noirs r\u00e9duits et un grain de peau liss\u00e9. \ud83d\udc9a<\/p>\n","protected":false},"featured_media":1487,"comment_status":"open","ping_status":"closed","template":"","meta":{"_joinchat":[]},"product_brand":[],"product_cat":[90,128],"product_tag":[],"class_list":{"0":"post-1511","1":"product","2":"type-product","3":"status-publish","4":"has-post-thumbnail","6":"product_cat-espace-beaute-cosmetiques","7":"product_cat-s-v-r","9":"first","10":"instock","11":"sale","12":"shipping-taxable","13":"purchasable","14":"product-type-simple"},"_links":{"self":[{"href":"http:\/\/hcc-and-co.com\/fr_fr\/wp-json\/wp\/v2\/product\/1511","targetHints":{"allow":["GET"]}}],"collection":[{"href":"http:\/\/hcc-and-co.com\/fr_fr\/wp-json\/wp\/v2\/product"}],"about":[{"href":"http:\/\/hcc-and-co.com\/fr_fr\/wp-json\/wp\/v2\/types\/product"}],"replies":[{"embeddable":true,"href":"http:\/\/hcc-and-co.com\/fr_fr\/wp-json\/wp\/v2\/comments?post=1511"}],"wp:featuredmedia":[{"embeddable":true,"href":"http:\/\/hcc-and-co.com\/fr_fr\/wp-json\/wp\/v2\/media\/1487"}],"wp:attachment":[{"href":"http:\/\/hcc-and-co.com\/fr_fr\/wp-json\/wp\/v2\/media?parent=1511"}],"wp:term":[{"taxonomy":"product_brand","embeddable":true,"href":"http:\/\/hcc-and-co.com\/fr_fr\/wp-json\/wp\/v2\/product_brand?post=1511"},{"taxonomy":"product_cat","embeddable":true,"href":"http:\/\/hcc-and-co.com\/fr_fr\/wp-json\/wp\/v2\/product_cat?post=1511"},{"taxonomy":"product_tag","embeddable":true,"href":"http:\/\/hcc-and-co.com\/fr_fr\/wp-json\/wp\/v2\/product_tag?post=1511"}],"curies":[{"name":"wp","href":"https:\/\/api.w.org\/{rel}","templated":true}]}}