{"id":1512,"date":"2026-02-15T20:32:03","date_gmt":"2026-02-15T19:32:03","guid":{"rendered":"https:\/\/hcc-and-co.com\/?post_type=product&#038;p=1512"},"modified":"2026-02-15T20:32:03","modified_gmt":"2026-02-15T19:32:03","slug":"topialyse-huile-lavante","status":"publish","type":"product","link":"http:\/\/hcc-and-co.com\/fr_fr\/product\/topialyse-huile-lavante\/","title":{"rendered":"TOPIALYSE Huile Lavante"},"content":{"rendered":"<p><strong>FORMUL\u00c9 POUR<\/strong><br \/>\nToutes les peaux s\u00e8ches, tr\u00e8s s\u00e8ches \u00e0 tendance atopique, les peaux inconfortables qui tiraillent, ceux qui cherchent un soin lavant doux. Corps et visage.<br \/>\n<strong>POUR TOUTE LA FAMILLE<\/strong><br \/>\nD\u00e8s la naissance, enfants, adultes. Convient aux femmes enceintes et allaitantes.Corps, visage.\u00a0<strong>LE SOIN LAVANT QUI REMPLACE TOUS LES AUTRES<\/strong><br \/>\nGel douche, bain moussant, shampoing, hygi\u00e8ne intime, nettoyant visage et mains, d\u00e9maquillant sous la douche. Convient \u00e9galement au cuir chevelu.<br \/>\n<strong>SANS SAVON<\/strong><br \/>\nRestaure et prot\u00e8ge gr\u00e2ce \u00e0 son complexe de tensio-actifs lavant ultra-doux.<br \/>\n<strong>FORMULE BIOD\u00c9GRADABLE<sup>2<\/sup><\/strong><br \/>\n\ud83d\udc9a<strong>UNE FORMULE D\u2019ORIGINE NATURELLE<\/strong><br \/>\n89% d\u2019ingr\u00e9dients d\u2019origine naturelle.\u00a0<strong>TEST\u00c9 SOUS CONTR\u00d4LE DERMATOLOGIQUE, P\u00c9DIATRIQUE, GYN\u00c9COLOGIQUE<\/strong><br \/>\nSur peaux sensibles.\u00a0<strong>TEST\u00c9 PERTURBATEURS ENDOCRINIENS<\/strong><br \/>\nTest\u00e9 sur les m\u00e9canismes endocriniens oestrog\u00e9niques, androg\u00e9niques et thyro\u00efdiens. Tests r\u00e9alis\u00e9s par un laboratoire ind\u00e9pendant, expert de la perturbation endocrinienne.<\/p>\n<p><strong>USAGE QUOTIDIEN<\/strong><br \/>\nAppliquez sur peau mouill\u00e9e, faire mousser, rincer puis s\u00e9cher d\u00e9licatement sans frotter. Se rince facilement, ne pique pas les yeux.<\/p>\n<p>\ud83d\udca1Astuce pour le bain : verser l\u2019\u00e9quivalent de 3 pressions pendant le remplissage de la baignoire.<\/p>\n<p>&nbsp;<\/p>\n<p>&nbsp;<\/p>\n","protected":false},"excerpt":{"rendered":"<p>Topialyse Huile Lavante est un v\u00e9ritable soin lavant; le premier geste de votre routine apaisante, anti-irritation, anti-grattage. Cette huile sensorielle riche en actifs relipidants et hydratants nourrit intens\u00e9ment la peau. Elle pr\u00e9serve le film hydrolipidique, prot\u00e8ge des agressions ext\u00e9rieures (froid, frottements) et des effets dess\u00e9chants de l\u2019eau calcaire. Sa texture huile soyeuse et enveloppante pr\u00e9serve l\u2019hydratation pendant 24h1 pour un confort imm\u00e9diat et longue dur\u00e9e. \ud83e\udd70<\/p>\n","protected":false},"featured_media":1488,"comment_status":"open","ping_status":"closed","template":"","meta":{"_joinchat":[]},"product_brand":[],"product_cat":[90,128],"product_tag":[],"class_list":{"0":"post-1512","1":"product","2":"type-product","3":"status-publish","4":"has-post-thumbnail","6":"product_cat-espace-beaute-cosmetiques","7":"product_cat-s-v-r","9":"first","10":"instock","11":"sale","12":"shipping-taxable","13":"purchasable","14":"product-type-simple"},"_links":{"self":[{"href":"http:\/\/hcc-and-co.com\/fr_fr\/wp-json\/wp\/v2\/product\/1512","targetHints":{"allow":["GET"]}}],"collection":[{"href":"http:\/\/hcc-and-co.com\/fr_fr\/wp-json\/wp\/v2\/product"}],"about":[{"href":"http:\/\/hcc-and-co.com\/fr_fr\/wp-json\/wp\/v2\/types\/product"}],"replies":[{"embeddable":true,"href":"http:\/\/hcc-and-co.com\/fr_fr\/wp-json\/wp\/v2\/comments?post=1512"}],"wp:featuredmedia":[{"embeddable":true,"href":"http:\/\/hcc-and-co.com\/fr_fr\/wp-json\/wp\/v2\/media\/1488"}],"wp:attachment":[{"href":"http:\/\/hcc-and-co.com\/fr_fr\/wp-json\/wp\/v2\/media?parent=1512"}],"wp:term":[{"taxonomy":"product_brand","embeddable":true,"href":"http:\/\/hcc-and-co.com\/fr_fr\/wp-json\/wp\/v2\/product_brand?post=1512"},{"taxonomy":"product_cat","embeddable":true,"href":"http:\/\/hcc-and-co.com\/fr_fr\/wp-json\/wp\/v2\/product_cat?post=1512"},{"taxonomy":"product_tag","embeddable":true,"href":"http:\/\/hcc-and-co.com\/fr_fr\/wp-json\/wp\/v2\/product_tag?post=1512"}],"curies":[{"name":"wp","href":"https:\/\/api.w.org\/{rel}","templated":true}]}}