{"id":1514,"date":"2026-02-15T20:57:39","date_gmt":"2026-02-15T19:57:39","guid":{"rendered":"https:\/\/hcc-and-co.com\/?post_type=product&#038;p=1514"},"modified":"2026-02-15T20:57:39","modified_gmt":"2026-02-15T19:57:39","slug":"huile-demaquillante-physiopure","status":"publish","type":"product","link":"http:\/\/hcc-and-co.com\/fr_fr\/product\/huile-demaquillante-physiopure\/","title":{"rendered":"Huile D\u00e9maquillante PHYSIOPURE"},"content":{"rendered":"<p><strong>FORMUL\u00c9 POUR<\/strong><br \/>\nToutes les peaux, m\u00eames les plus sensibles. Visage, yeux, l\u00e8vres.<br \/>\n<strong>TEST\u00c9 SOUS CONTR\u00d4LE DERMATOLOGIQUE<\/strong><br \/>\nTest\u00e9 sur peaux sensibles sous contr\u00f4le dermatologique et ophtalmologique. Non com\u00e9dog\u00e8ne.<\/p>\n<p><strong>APPLIQUEZ LE SOIR<\/strong><br \/>\nSur le visage. Pour bien d\u00e9maquiller votre peau, massez celle-ci en douceur en insistant sur les zones maquill\u00e9es pour un d\u00e9maquillage efficace et agr\u00e9able.<br \/>\n<strong>RINCEZ ABONDAMMENT<\/strong><br \/>\nS\u00e9chez en tapotant sans frotter.<\/p>\n<p>\ud83d\udc9a\u00a0<strong>UNE FORMULE NATURELLE<\/strong><br \/>\n99% d\u2019ingr\u00e9dients d\u2019origine naturelle.<br \/>\n\ud83d\udc9a<strong>UNE FORMULE BIOD\u00c9GRADABLE<sup>1<\/sup><\/strong><br \/>\n\u267b\ufe0f\u00a0<strong>RECYCLABILIT\u00c9 ET R\u00c9-EMPLOI<\/strong><br \/>\nQualit\u00e9s et caract\u00e9ristiques environnementales : le flacon est recyclable et doit se jeter dans le bac de tri. Les consignes de tri peuvent varier localement.<\/p>\n<p>1- Facilement biod\u00e9gradable selon la norme OCDE 301F, 70% en 28 jours.<\/p>\n<p>&nbsp;<\/p>\n","protected":false},"excerpt":{"rendered":"<p>Physiopure Huile D\u00e9maquillante d\u00e9maquille le visage, les yeux et les l\u00e8vres efficacement et tout en douceur, pour tous les types de peaux. Dissout tous types de maquillage, m\u00eame waterproof, et \u00e9limine les impuret\u00e9s pour une peau douce et hydrat\u00e9e en un seul geste. Gr\u00e2ce aux vertus d\u2019huiles comme l\u2019amande douce, connue pour ses propri\u00e9t\u00e9s hydratantes, la peau est parfaitement nette et apais\u00e9e sans laisser de film gras. \ud83e\udee7<\/p>\n","protected":false},"featured_media":1490,"comment_status":"open","ping_status":"closed","template":"","meta":{"_joinchat":[]},"product_brand":[],"product_cat":[90,128],"product_tag":[],"class_list":{"0":"post-1514","1":"product","2":"type-product","3":"status-publish","4":"has-post-thumbnail","6":"product_cat-espace-beaute-cosmetiques","7":"product_cat-s-v-r","9":"first","10":"instock","11":"sale","12":"shipping-taxable","13":"purchasable","14":"product-type-simple"},"_links":{"self":[{"href":"http:\/\/hcc-and-co.com\/fr_fr\/wp-json\/wp\/v2\/product\/1514","targetHints":{"allow":["GET"]}}],"collection":[{"href":"http:\/\/hcc-and-co.com\/fr_fr\/wp-json\/wp\/v2\/product"}],"about":[{"href":"http:\/\/hcc-and-co.com\/fr_fr\/wp-json\/wp\/v2\/types\/product"}],"replies":[{"embeddable":true,"href":"http:\/\/hcc-and-co.com\/fr_fr\/wp-json\/wp\/v2\/comments?post=1514"}],"wp:featuredmedia":[{"embeddable":true,"href":"http:\/\/hcc-and-co.com\/fr_fr\/wp-json\/wp\/v2\/media\/1490"}],"wp:attachment":[{"href":"http:\/\/hcc-and-co.com\/fr_fr\/wp-json\/wp\/v2\/media?parent=1514"}],"wp:term":[{"taxonomy":"product_brand","embeddable":true,"href":"http:\/\/hcc-and-co.com\/fr_fr\/wp-json\/wp\/v2\/product_brand?post=1514"},{"taxonomy":"product_cat","embeddable":true,"href":"http:\/\/hcc-and-co.com\/fr_fr\/wp-json\/wp\/v2\/product_cat?post=1514"},{"taxonomy":"product_tag","embeddable":true,"href":"http:\/\/hcc-and-co.com\/fr_fr\/wp-json\/wp\/v2\/product_tag?post=1514"}],"curies":[{"name":"wp","href":"https:\/\/api.w.org\/{rel}","templated":true}]}}