{"id":1519,"date":"2026-02-15T22:12:55","date_gmt":"2026-02-15T21:12:55","guid":{"rendered":"https:\/\/hcc-and-co.com\/?post_type=product&#038;p=1519"},"modified":"2026-02-15T22:12:55","modified_gmt":"2026-02-15T21:12:55","slug":"sos-grattage-cicavit","status":"publish","type":"product","link":"http:\/\/hcc-and-co.com\/fr_fr\/product\/sos-grattage-cicavit\/","title":{"rendered":"SOS Grattage CICAVIT+"},"content":{"rendered":"<p><strong>FORMUL\u00c9 POUR<\/strong><br \/>\nToutes les peaux sensibles. Les d\u00e9mangeaisons passag\u00e8res ou r\u00e9guli\u00e8res. Visage, corps, plis.<br \/>\n<strong>D\u00c8S LA NAISSANCE, ENFANTS, ADULTES<\/strong><br \/>\nConvient aux femmes enceintes et allaitantes.<br \/>\n<strong>SANS PARFUM<\/strong><br \/>\nHypoallerg\u00e9nique.\u00a0<strong>TEXTURE FRA\u00ceCHE<\/strong>\u00a0Spray qui diffuse une texture fra\u00eeche qui apaise imm\u00e9diatement. 1 flacon correspond \u00e0 environ 80 applications.<br \/>\n<strong>TEST\u00c9 SOUS CONTR\u00d4LE DERMATOLOGIQUE<\/strong><\/p>\n<p><strong>VAPORISEZ<\/strong><br \/>\nSur la peau \u00e0 une distance de 15 cm aussi souvent que n\u00e9cessaire.<\/p>\n<p><strong>LAISSEZ P\u00c9N\u00c9TRER<\/strong><br \/>\nLe produit sans \u00e9taler. Pour une application sur le visage, appliquez auparavant dans le creux de la main.<\/p>\n<p>&nbsp;<\/p>\n","protected":false},"excerpt":{"rendered":"<p>Cicavit+ SOS Grattage, le nouveau geste ultra-rapide \u00e0 effet froid qui calme les d\u00e9mangeaisons imm\u00e9diatement gr\u00e2ce \u00e0 sa double action apaisante et anti-marques pour une peau r\u00e9parer d\u00e8s la\u00a0<sup>1<\/sup>\u00e8re utilisation<\/p>\n","protected":false},"featured_media":1495,"comment_status":"open","ping_status":"closed","template":"","meta":{"_joinchat":[]},"product_brand":[],"product_cat":[90,128],"product_tag":[],"class_list":{"0":"post-1519","1":"product","2":"type-product","3":"status-publish","4":"has-post-thumbnail","6":"product_cat-espace-beaute-cosmetiques","7":"product_cat-s-v-r","9":"first","10":"instock","11":"sale","12":"shipping-taxable","13":"purchasable","14":"product-type-simple"},"_links":{"self":[{"href":"http:\/\/hcc-and-co.com\/fr_fr\/wp-json\/wp\/v2\/product\/1519","targetHints":{"allow":["GET"]}}],"collection":[{"href":"http:\/\/hcc-and-co.com\/fr_fr\/wp-json\/wp\/v2\/product"}],"about":[{"href":"http:\/\/hcc-and-co.com\/fr_fr\/wp-json\/wp\/v2\/types\/product"}],"replies":[{"embeddable":true,"href":"http:\/\/hcc-and-co.com\/fr_fr\/wp-json\/wp\/v2\/comments?post=1519"}],"wp:featuredmedia":[{"embeddable":true,"href":"http:\/\/hcc-and-co.com\/fr_fr\/wp-json\/wp\/v2\/media\/1495"}],"wp:attachment":[{"href":"http:\/\/hcc-and-co.com\/fr_fr\/wp-json\/wp\/v2\/media?parent=1519"}],"wp:term":[{"taxonomy":"product_brand","embeddable":true,"href":"http:\/\/hcc-and-co.com\/fr_fr\/wp-json\/wp\/v2\/product_brand?post=1519"},{"taxonomy":"product_cat","embeddable":true,"href":"http:\/\/hcc-and-co.com\/fr_fr\/wp-json\/wp\/v2\/product_cat?post=1519"},{"taxonomy":"product_tag","embeddable":true,"href":"http:\/\/hcc-and-co.com\/fr_fr\/wp-json\/wp\/v2\/product_tag?post=1519"}],"curies":[{"name":"wp","href":"https:\/\/api.w.org\/{rel}","templated":true}]}}