{"id":1521,"date":"2026-02-15T22:54:24","date_gmt":"2026-02-15T21:54:24","guid":{"rendered":"https:\/\/hcc-and-co.com\/?post_type=product&#038;p=1521"},"modified":"2026-02-15T22:54:24","modified_gmt":"2026-02-15T21:54:24","slug":"creme-legere-hydraliane","status":"publish","type":"product","link":"http:\/\/hcc-and-co.com\/fr_fr\/product\/creme-legere-hydraliane\/","title":{"rendered":"Cr\u00e8me L\u00e9g\u00e8re HYDRALIANE"},"content":{"rendered":"<p><strong>FORMUL\u00c9 POUR<\/strong><br \/>\nLes peaux sensibles \u00e0 mixtes.<br \/>\n<strong>TEST\u00c9 SOUS CONTR\u00d4LE DERMATOLOGIQUE<\/strong><br \/>\nNon com\u00e9dog\u00e8ne. pH physiologique.<\/p>\n<p><strong>APPPLIQUEZ MATIN ET\/OU SOIR<\/strong><br \/>\nSur une peau propre et s\u00e8che.<br \/>\n<strong>BONNE BASE DE MAQUILLAGE<\/strong><br \/>\nFini velout\u00e9, non gras, non-collant.<br \/>\n<strong>SEULE OU EN COMPL\u00c9MENT<\/strong><br \/>\nDe votre routine quotidienne.<\/p>\n<p>\ud83d\udc9a<strong>UNE FORMULE D\u2019ORIGINE NATURELLE<\/strong><br \/>\n100% d\u2019ingr\u00e9dients d\u2019origine naturelle. Ingr\u00e9dients sourc\u00e9s au plus proche.<\/p>\n<p>\u267b\ufe0f<strong>RECYCLABILIT\u00c9 ET R\u00c9-EMPLOI<\/strong><br \/>\nQualit\u00e9s et caract\u00e9ristiques environnementales : poche monomati\u00e8re enti\u00e8rement recyclable qui doit \u00eatre jet\u00e9 dans le bac de tri. Les consignes de tri peuvent varier localement.. En plus d\u2019\u00eatre ultra pratique, elle permet d\u2019\u00e9conomiser 46% de plastique compar\u00e9 \u00e0 notre ancien tube 40ml, et l\u2019\u00e9quivalent de 26T de CO2 soit 15 A\/R Paris\/New-York en avion<sup>1<\/sup>.<\/p>\n<p>1 &#8211; Analyse SPICE, compar\u00e9 \u00e0 notre ancien tube 40ml, ventes totales 2022<\/p>\n<p>&nbsp;<\/p>\n","protected":false},"excerpt":{"rendered":"<p>L\u2019indispensable des peaux d\u00e9shydrat\u00e9es, inconfortables, qui tiraillent. Hydraliane Cr\u00e8me L\u00e9g\u00e8re, c\u2019est la solution quotidienne 100% d\u2019origine naturelle pour nourrir, apaiser et hydrater intens\u00e9ment pendant 24h<sup>1<\/sup>. Sa texture l\u00e9g\u00e8re et fra\u00eeche associ\u00e9e \u00e0 de l\u2019extrait de Camomille apaise les tiraillements et les sensations d\u2019inconforts. Un pack innovant, all\u00e9g\u00e9 en plastique<sup>2<\/sup>\u00a0&amp; pratique \u00e0 transporter ! Hydraliane existe en 3 textures, pour tous les types de peaux. \ud83e\ude75<br \/>\n<sup>1<\/sup>\u00a0&#8211; Mesures corn\u00e9om\u00e9triques, 12 volontaires<br \/>\n<sup>2<\/sup>\u00a0&#8211; 46% de plastique compar\u00e9 \u00e0 l\u2019ancien tube 40mL<\/p>\n","protected":false},"featured_media":1498,"comment_status":"open","ping_status":"closed","template":"","meta":{"_joinchat":[]},"product_brand":[],"product_cat":[90,128],"product_tag":[],"class_list":{"0":"post-1521","1":"product","2":"type-product","3":"status-publish","4":"has-post-thumbnail","6":"product_cat-espace-beaute-cosmetiques","7":"product_cat-s-v-r","9":"first","10":"instock","11":"sale","12":"shipping-taxable","13":"purchasable","14":"product-type-simple"},"_links":{"self":[{"href":"http:\/\/hcc-and-co.com\/fr_fr\/wp-json\/wp\/v2\/product\/1521","targetHints":{"allow":["GET"]}}],"collection":[{"href":"http:\/\/hcc-and-co.com\/fr_fr\/wp-json\/wp\/v2\/product"}],"about":[{"href":"http:\/\/hcc-and-co.com\/fr_fr\/wp-json\/wp\/v2\/types\/product"}],"replies":[{"embeddable":true,"href":"http:\/\/hcc-and-co.com\/fr_fr\/wp-json\/wp\/v2\/comments?post=1521"}],"wp:featuredmedia":[{"embeddable":true,"href":"http:\/\/hcc-and-co.com\/fr_fr\/wp-json\/wp\/v2\/media\/1498"}],"wp:attachment":[{"href":"http:\/\/hcc-and-co.com\/fr_fr\/wp-json\/wp\/v2\/media?parent=1521"}],"wp:term":[{"taxonomy":"product_brand","embeddable":true,"href":"http:\/\/hcc-and-co.com\/fr_fr\/wp-json\/wp\/v2\/product_brand?post=1521"},{"taxonomy":"product_cat","embeddable":true,"href":"http:\/\/hcc-and-co.com\/fr_fr\/wp-json\/wp\/v2\/product_cat?post=1521"},{"taxonomy":"product_tag","embeddable":true,"href":"http:\/\/hcc-and-co.com\/fr_fr\/wp-json\/wp\/v2\/product_tag?post=1521"}],"curies":[{"name":"wp","href":"https:\/\/api.w.org\/{rel}","templated":true}]}}