{"id":1523,"date":"2026-02-16T23:24:57","date_gmt":"2026-02-16T22:24:57","guid":{"rendered":"https:\/\/hcc-and-co.com\/?post_type=product&#038;p=1523"},"modified":"2026-02-16T23:24:57","modified_gmt":"2026-02-16T22:24:57","slug":"eau-micellaire-physiopure","status":"publish","type":"product","link":"http:\/\/hcc-and-co.com\/fr_fr\/product\/eau-micellaire-physiopure\/","title":{"rendered":"Eau Micellaire PHYSIOPURE"},"content":{"rendered":"<p><strong>FORMUL\u00c9 POUR<\/strong><br \/>\nPour toutes les peaux sensibles. Visage.<br \/>\n<strong>TEST\u00c9 SOUS CONTR\u00d4LE DERMATOLOGIQUE<\/strong><br \/>\nTest\u00e9 sur peaux sensibles sous contr\u00f4le dermatologique et ophtalmologique. Hypoallerg\u00e9nique.<br \/>\n<strong>TEST\u00c9 SANS EFFET SUR LES M\u00c9CANISMES ENDOCRINIENS<\/strong><br \/>\nTests r\u00e9alis\u00e9s sur les axes oestrog\u00e9niques, androg\u00e9niques et thyro\u00efdiens par un laboratoire ind\u00e9pendant, sp\u00e9cialiste de la perturbation endocrinienne.<\/p>\n<p><strong>APPLIQUEZ MATIN ET\/OU SOIR<\/strong><br \/>\nPossible d&rsquo;APPLIQUEZ avec un coton.<\/p>\n<p>&nbsp;<\/p>\n","protected":false},"excerpt":{"rendered":"<p>Physiopure Eau Micellaire nettoie en douceur toutes les peaux, m\u00eame sensibles. 1\u00e8re gamme nettoyante au magn\u00e9sium oxyg\u00e9nant, un actif favorisant la respiration cellulaire pour une peau oxyg\u00e9n\u00e9e et purifi\u00e9e, accompagn\u00e9 d\u2019actifs hydratants pour vous assurer une peau douce et propre. Les particules polluantes sont retir\u00e9es, le maquillage s\u2019efface. La peau est nette et fraiche. \ud83e\udee7<\/p>\n","protected":false},"featured_media":1499,"comment_status":"open","ping_status":"closed","template":"","meta":{"_joinchat":[]},"product_brand":[],"product_cat":[90,128],"product_tag":[],"class_list":{"0":"post-1523","1":"product","2":"type-product","3":"status-publish","4":"has-post-thumbnail","6":"product_cat-espace-beaute-cosmetiques","7":"product_cat-s-v-r","9":"first","10":"instock","11":"sale","12":"shipping-taxable","13":"purchasable","14":"product-type-simple"},"_links":{"self":[{"href":"http:\/\/hcc-and-co.com\/fr_fr\/wp-json\/wp\/v2\/product\/1523","targetHints":{"allow":["GET"]}}],"collection":[{"href":"http:\/\/hcc-and-co.com\/fr_fr\/wp-json\/wp\/v2\/product"}],"about":[{"href":"http:\/\/hcc-and-co.com\/fr_fr\/wp-json\/wp\/v2\/types\/product"}],"replies":[{"embeddable":true,"href":"http:\/\/hcc-and-co.com\/fr_fr\/wp-json\/wp\/v2\/comments?post=1523"}],"wp:featuredmedia":[{"embeddable":true,"href":"http:\/\/hcc-and-co.com\/fr_fr\/wp-json\/wp\/v2\/media\/1499"}],"wp:attachment":[{"href":"http:\/\/hcc-and-co.com\/fr_fr\/wp-json\/wp\/v2\/media?parent=1523"}],"wp:term":[{"taxonomy":"product_brand","embeddable":true,"href":"http:\/\/hcc-and-co.com\/fr_fr\/wp-json\/wp\/v2\/product_brand?post=1523"},{"taxonomy":"product_cat","embeddable":true,"href":"http:\/\/hcc-and-co.com\/fr_fr\/wp-json\/wp\/v2\/product_cat?post=1523"},{"taxonomy":"product_tag","embeddable":true,"href":"http:\/\/hcc-and-co.com\/fr_fr\/wp-json\/wp\/v2\/product_tag?post=1523"}],"curies":[{"name":"wp","href":"https:\/\/api.w.org\/{rel}","templated":true}]}}