{"id":1525,"date":"2026-02-16T23:33:39","date_gmt":"2026-02-16T22:33:39","guid":{"rendered":"https:\/\/hcc-and-co.com\/?post_type=product&#038;p=1525"},"modified":"2026-02-16T23:33:39","modified_gmt":"2026-02-16T22:33:39","slug":"baume-lavant-mains-sensibles","status":"publish","type":"product","link":"http:\/\/hcc-and-co.com\/fr_fr\/product\/baume-lavant-mains-sensibles\/","title":{"rendered":"Baume Lavant Mains Sensibles"},"content":{"rendered":"<p><strong>FORMUL\u00c9 POUR<\/strong><br \/>\nLes mains les plus sensibles.<br \/>\n<strong>ENFANTS D\u00c8S 3 ANS, ADULTES<\/strong><br \/>\nConvient aux femmes enceintes et allaitantes.<br \/>\n<strong>TEXTURE ONCTUEUSE<\/strong><br \/>\nPour des mains douces et prot\u00e9g\u00e9es.<br \/>\n<strong>PARFUM D\u00c9LICAT<\/strong><br \/>\n<strong>TEST\u00c9 SOUS CONTR\u00d4LE DERMATOLOGIQUE<\/strong><br \/>\navec Ph Physiologique.<br \/>\n<strong>TEST\u00c9 SANS EFFET SUR LES M\u00c9CANISMES ENDOCRINIENS<\/strong><br \/>\nTests r\u00e9alis\u00e9s sur les axes oestrog\u00e9niques, androg\u00e9niques et thyro\u00efdiens par un laboratoire ind\u00e9pendant, sp\u00e9cialiste de la perturbation endocrinienne.<\/p>\n<p><strong>USAGE QUOTIDIEN<\/strong><br \/>\nMouiller les mains, appliquer une noisette de baume lavant. Frotter d\u00e9licatement pendant 30 secondes et rincer.<br \/>\nR\u00e9utiliser autant de fois que n\u00e9cessaire dans la journ\u00e9e.<\/p>\n<p>&nbsp;<\/p>\n","protected":false},"excerpt":{"rendered":"<p>Le lavage des mains \u00e0 r\u00e9p\u00e9titions peut faire de vrais d\u00e9g\u00e2ts : mains dess\u00e9ch\u00e9es, fragilis\u00e9es, sensations d\u2019inconforts et de grattages\u2026 Mais c\u2019est aussi le premier geste barri\u00e8re \u00e0 adopter! Le Baume lavant mains sensibles a \u00e9t\u00e9 pens\u00e9 pour les peaux fragiles et s\u00e8ches de toute la famille. Sa formule permet de capter les corps \u00e9trangers, les impuret\u00e9s et les bact\u00e9ries \u00e0 la surface de la peau pour les \u00e9liminer d\u00e9licatement gr\u00e2ce au lavage. Sa texture onctueuse et d\u00e9licatement parfum\u00e9e se transforme en mousse g\u00e9n\u00e9reuse pour envelopper les mains. Se laver les mains devient un vrai moment de plaisir !<\/p>\n","protected":false},"featured_media":1501,"comment_status":"open","ping_status":"closed","template":"","meta":{"_joinchat":[]},"product_brand":[],"product_cat":[90,128],"product_tag":[],"class_list":{"0":"post-1525","1":"product","2":"type-product","3":"status-publish","4":"has-post-thumbnail","6":"product_cat-espace-beaute-cosmetiques","7":"product_cat-s-v-r","9":"first","10":"instock","11":"sale","12":"shipping-taxable","13":"purchasable","14":"product-type-simple"},"_links":{"self":[{"href":"http:\/\/hcc-and-co.com\/fr_fr\/wp-json\/wp\/v2\/product\/1525","targetHints":{"allow":["GET"]}}],"collection":[{"href":"http:\/\/hcc-and-co.com\/fr_fr\/wp-json\/wp\/v2\/product"}],"about":[{"href":"http:\/\/hcc-and-co.com\/fr_fr\/wp-json\/wp\/v2\/types\/product"}],"replies":[{"embeddable":true,"href":"http:\/\/hcc-and-co.com\/fr_fr\/wp-json\/wp\/v2\/comments?post=1525"}],"wp:featuredmedia":[{"embeddable":true,"href":"http:\/\/hcc-and-co.com\/fr_fr\/wp-json\/wp\/v2\/media\/1501"}],"wp:attachment":[{"href":"http:\/\/hcc-and-co.com\/fr_fr\/wp-json\/wp\/v2\/media?parent=1525"}],"wp:term":[{"taxonomy":"product_brand","embeddable":true,"href":"http:\/\/hcc-and-co.com\/fr_fr\/wp-json\/wp\/v2\/product_brand?post=1525"},{"taxonomy":"product_cat","embeddable":true,"href":"http:\/\/hcc-and-co.com\/fr_fr\/wp-json\/wp\/v2\/product_cat?post=1525"},{"taxonomy":"product_tag","embeddable":true,"href":"http:\/\/hcc-and-co.com\/fr_fr\/wp-json\/wp\/v2\/product_tag?post=1525"}],"curies":[{"name":"wp","href":"https:\/\/api.w.org\/{rel}","templated":true}]}}